{"id":320,"date":"2018-01-24T18:52:10","date_gmt":"2018-01-24T17:52:10","guid":{"rendered":"https:\/\/gustfuss.com\/?page_id=320"},"modified":"2021-09-10T15:51:53","modified_gmt":"2021-09-10T13:51:53","slug":"hannes-otahal","status":"publish","type":"page","link":"https:\/\/gustfuss.com\/de\/hannes-otahal\/","title":{"rendered":"Hannes Otahal"},"content":{"rendered":"\n<div class=\"wp-block-image\"><figure class=\"alignleft is-resized\"><img decoding=\"async\" loading=\"lazy\" src=\"https:\/\/gustfuss.com\/wp-content\/uploads\/2018\/01\/IMG_3995_m-300x200.jpg\" alt=\"\" class=\"wp-image-322\" width=\"329\" height=\"219\" srcset=\"https:\/\/gustfuss.com\/wp-content\/uploads\/2018\/01\/IMG_3995_m-300x200.jpg 300w, https:\/\/gustfuss.com\/wp-content\/uploads\/2018\/01\/IMG_3995_m-768x512.jpg 768w, https:\/\/gustfuss.com\/wp-content\/uploads\/2018\/01\/IMG_3995_m-1024x683.jpg 1024w\" sizes=\"(max-width: 329px) 100vw, 329px\" \/><\/figure><\/div>\n\n\n\n<p class=\"has-text-align-left\">Der \u00d6sterreichische Boogie Woogie Pianist ist einer der virtousesten K\u00fcnstler dieses Genres. Als Verleger und Produzent bieten wir in unserem Shop die einzigen vom K\u00fcnstler selbst autorisierten Noteneditionen seiner herausragenden Boogie Kompositionenen und Bearbeitungen an &#8211; und nat\u00fcrlich seine CD&#8217;s&#8230;<\/p>\n\n\n<p><iframe loading=\"lazy\" style=\"border: none; overflow: hidden;\" src=\"https:\/\/open.spotify.com\/follow\/1\/?uri=spotify:artist:15taTMlw6ERquP0xzQ5cQH?si=xkGMpanUQqiUiyn6XOfe9Q&amp;dl_branch=1&amp;size=detail&amp;theme=light\" width=\"300\" height=\"56\" frameborder=\"0\" scrolling=\"no\"><\/iframe><\/p>","protected":false},"excerpt":{"rendered":"<p>Der \u00d6sterreichische Boogie Woogie Pianist ist einer der virtousesten K\u00fcnstler dieses Genres. Als Verleger und Produzent bieten wir in unserem Shop die einzigen vom K\u00fcnstler selbst autorisierten Noteneditionen seiner herausragenden Boogie Kompositionenen und Bearbeitungen an &#8211; und nat\u00fcrlich seine CD&#8217;s&#8230;<\/p>\n","protected":false},"author":2,"featured_media":0,"parent":0,"menu_order":0,"comment_status":"closed","ping_status":"closed","template":"","meta":{"_monsterinsights_skip_tracking":false,"_monsterinsights_sitenote_active":false,"_monsterinsights_sitenote_note":"","_monsterinsights_sitenote_category":0},"aioseo_notices":[],"acf":[],"_links":{"self":[{"href":"https:\/\/gustfuss.com\/de\/wp-json\/wp\/v2\/pages\/320"}],"collection":[{"href":"https:\/\/gustfuss.com\/de\/wp-json\/wp\/v2\/pages"}],"about":[{"href":"https:\/\/gustfuss.com\/de\/wp-json\/wp\/v2\/types\/page"}],"author":[{"embeddable":true,"href":"https:\/\/gustfuss.com\/de\/wp-json\/wp\/v2\/users\/2"}],"replies":[{"embeddable":true,"href":"https:\/\/gustfuss.com\/de\/wp-json\/wp\/v2\/comments?post=320"}],"version-history":[{"count":9,"href":"https:\/\/gustfuss.com\/de\/wp-json\/wp\/v2\/pages\/320\/revisions"}],"predecessor-version":[{"id":1760,"href":"https:\/\/gustfuss.com\/de\/wp-json\/wp\/v2\/pages\/320\/revisions\/1760"}],"wp:attachment":[{"href":"https:\/\/gustfuss.com\/de\/wp-json\/wp\/v2\/media?parent=320"}],"curies":[{"name":"wp","href":"https:\/\/api.w.org\/{rel}","templated":true}]}}