{"id":577,"date":"2018-03-09T13:46:05","date_gmt":"2018-03-09T12:46:05","guid":{"rendered":"https:\/\/gustfuss.com\/?page_id=577"},"modified":"2018-03-13T21:53:16","modified_gmt":"2018-03-13T20:53:16","slug":"agb-2","status":"publish","type":"page","link":"https:\/\/gustfuss.com\/de\/agb-2\/","title":{"rendered":"AGB"},"content":{"rendered":"<h1>ALLGEMEINE GESCH\u00c4FTSBEDINGUNGEN MIT KUNDENINFORMATIONEN<\/h1>\n<h2>Inhaltsverzeichnis<\/h2>\n<ol>\n<li>Geltungsbereich<\/li>\n<li>Vertragsschluss<\/li>\n<li>Widerrufsrecht<\/li>\n<li>Preise und Zahlungsbedingungen<\/li>\n<li>Liefer- und Versandbedingungen<\/li>\n<li>Einr\u00e4umung von Nutzungsrechten f\u00fcr digitale Inhalte<\/li>\n<li>Eigentumsvorbehalt<\/li>\n<li>M\u00e4ngelhaftung (Gew\u00e4hrleistung)<\/li>\n<li>Anwendbares Recht<\/li>\n<li>Alternative Streitbeilegung<\/li>\n<\/ol>\n<h2>1) Geltungsbereich<\/h2>\n<p><b>1.1<\/b>\u00a0Diese Allgemeinen Gesch\u00e4ftsbedingungen (nachfolgend &#8220;AGB&#8221;) des Gustfuss Records, Musikmanagement, Musikverlag EU, Augustin Lehfuss (nachfolgend &#8220;Verk\u00e4ufer&#8221;), gelten f\u00fcr alle Vertr\u00e4ge \u00fcber die Lieferung von Waren, die ein Verbraucher oder Unternehmer (nachfolgend \u201eKunde\u201c) mit dem Verk\u00e4ufer hinsichtlich der vom Verk\u00e4ufer in seinem Online-Shop dargestellten Waren abschlie\u00dft. Hiermit wird der Einbeziehung von eigenen Bedingungen des Kunden widersprochen, es sei denn, es ist etwas anderes vereinbart.<\/p>\n<p><b>1.2<\/b>\u00a0F\u00fcr Vertr\u00e4ge \u00fcber die Lieferung digitaler Inhalte gelten diese AGB entsprechend, sofern insoweit nicht ausdr\u00fccklich etwas Abweichendes geregelt ist.<\/p>\n<p><b>1.3<\/b>\u00a0F\u00fcr Vertr\u00e4ge \u00fcber die Lieferung von Tickets gelten diese AGB entsprechend, sofern insoweit nicht ausdr\u00fccklich etwas Abweichendes geregelt ist. Dabei regeln diese AGB lediglich den Verkauf von Tickets f\u00fcr bestimmte, in der Artikelbeschreibung des Verk\u00e4ufers n\u00e4her bezeichnete Veranstaltungen und nicht die Durchf\u00fchrung dieser Veranstaltungen. F\u00fcr die Durchf\u00fchrung der Veranstaltungen gelten ausschlie\u00dflich die gesetzlichen Bestimmungen im Verh\u00e4ltnis zwischen dem Kunden und dem Veranstalter sowie ggf. hiervon abweichende Bedingungen des Veranstalters. Sofern der Verk\u00e4ufer nicht zugleich auch Veranstalter ist, haftet er nicht f\u00fcr die ordnungsgem\u00e4\u00dfe Durchf\u00fchrung der Veranstaltung, f\u00fcr die ausschlie\u00dflich der jeweilige Veranstalter verantwortlich ist.<\/p>\n<p><b>1.4<\/b>\u00a0Verbraucher im Sinne dieser AGB ist jede nat\u00fcrliche Person, die ein Rechtsgesch\u00e4ft zu Zwecken abschlie\u00dft, die \u00fcberwiegend weder ihrer gewerblichen noch ihrer selbst\u00e4ndigen beruflichen T\u00e4tigkeit zugerechnet werden k\u00f6nnen. Unternehmer im Sinne dieser AGB ist eine nat\u00fcrliche oder juristische Person oder eine rechtsf\u00e4hige Personengesellschaft, die bei Abschluss eines Rechtsgesch\u00e4fts in Aus\u00fcbung ihrer gewerblichen oder selbst\u00e4ndigen beruflichen T\u00e4tigkeit handelt.<\/p>\n<p><b>1.5<\/b>\u00a0Digitale Inhalte im Sinne dieser AGB sind alle nicht auf einem k\u00f6rperlichen Datentr\u00e4ger befindlichen Daten, die in digitaler Form hergestellt und vom Verk\u00e4ufer unter Einr\u00e4umung bestimmter in diesen AGB genauer geregelten Nutzungsrechte, bereitgestellt werden.<\/p>\n<h2>2) Vertragsschluss<\/h2>\n<p><b>2.1<\/b>\u00a0Die im Online-Shop des Verk\u00e4ufers enthaltenen Produktbeschreibungen stellen keine verbindlichen Angebote seitens des Verk\u00e4ufers dar, sondern dienen zur Abgabe eines verbindlichen Angebots durch den Kunden.<\/p>\n<p><b>2.2<\/b>\u00a0Der Kunde kann das Angebot \u00fcber das in den Online-Shop des Verk\u00e4ufers integrierte Online-Bestellformular abgeben. Dabei gibt der Kunde, nachdem er die ausgew\u00e4hlten Waren in den virtuellen Warenkorb gelegt und den elektronischen Bestellprozess durchlaufen hat, durch Klicken des den Bestellvorgang abschlie\u00dfenden Buttons ein rechtlich verbindliches Vertragsangebot in Bezug auf die im Warenkorb enthaltenen Waren ab. Ferner kann der Kunde das Angebot auch telefonisch oder per E-Mail gegen\u00fcber dem Verk\u00e4ufer abgeben.<\/p>\n<p><b>2.3<\/b>\u00a0Der Verk\u00e4ufer kann das Angebot des Kunden innerhalb von f\u00fcnf Tagen annehmen,<\/p>\n<ul>\n<li>indem er dem Kunden eine schriftliche Auftragsbest\u00e4tigung oder eine Auftragsbest\u00e4tigung in Textform (Fax oder E-Mail) \u00fcbermittelt, wobei insoweit der Zugang der Auftragsbest\u00e4tigung beim Kunden ma\u00dfgeblich ist, oder<\/li>\n<li>indem er dem Kunden die bestellte Ware liefert, wobei insoweit der Zugang der Ware beim Kunden ma\u00dfgeblich ist, oder<\/li>\n<li>indem er den Kunden nach Abgabe von dessen Bestellung zur Zahlung auffordert.<\/li>\n<\/ul>\n<p>Liegen mehrere der vorgenannten Alternativen vor, kommt der Vertrag in dem Zeitpunkt zustande, in dem eine der vorgenannten Alternativen zuerst eintritt. Die Frist zur Annahme des Angebots beginnt am Tag nach der Absendung des Angebots durch den Kunden zu laufen und endet mit dem Ablauf des f\u00fcnften Tages, welcher auf die Absendung des Angebots folgt. Nimmt der Verk\u00e4ufer das Angebot des Kunden innerhalb vorgenannter Frist nicht an, so gilt dies als Ablehnung des Angebots mit der Folge, dass der Kunde nicht mehr an seine Willenserkl\u00e4rung gebunden ist.<\/p>\n<p><b>2.4<\/b>\u00a0Bei der Abgabe eines Angebots \u00fcber das Online-Bestellformular des Verk\u00e4ufers wird der Vertragstext vom Verk\u00e4ufer gespeichert und dem Kunden nach Absendung seiner Bestellung nebst den vorliegenden AGB in Textform (z. B. E-Mail, Fax oder Brief) zugeschickt. Zus\u00e4tzlich wird der Vertragstext auf der Internetseite des Verk\u00e4ufers archiviert und kann vom Kunden \u00fcber sein passwortgesch\u00fctztes Kundenkonto unter Angabe der entsprechenden Login-Daten kostenlos abgerufen werden, sofern der Kunde vor Absendung seiner Bestellung ein Kundenkonto im Online-Shop des Verk\u00e4ufers angelegt hat.<\/p>\n<p><b>2.5<\/b>\u00a0Vor verbindlicher Abgabe der Bestellung \u00fcber das Online-Bestellformular des Verk\u00e4ufers kann der Kunde m\u00f6gliche Eingabefehler durch aufmerksames Lesen der auf dem Bildschirm dargestellten Informationen erkennen. Ein wirksames technisches Mittel zur besseren Erkennung von Eingabefehlern kann dabei die Vergr\u00f6\u00dferungsfunktion des Browsers sein, mit deren Hilfe die Darstellung auf dem Bildschirm vergr\u00f6\u00dfert wird. Seine Eingaben kann der Kunde im Rahmen des elektronischen Bestellprozesses so lange \u00fcber die \u00fcblichen Tastatur- und Mausfunktionen korrigieren, bis er den den Bestellvorgang abschlie\u00dfenden Button anklickt.<\/p>\n<p><b>2.6<\/b>\u00a0F\u00fcr den Vertragsschluss stehen die deutsche und die englische Sprache zur Verf\u00fcgung.<\/p>\n<p><b>2.7<\/b>\u00a0Die Bestellabwicklung und Kontaktaufnahme finden in der Regel per E-Mail und automatisierter Bestellabwicklung statt. Der Kunde hat sicherzustellen, dass die von ihm zur Bestellabwicklung angegebene E-Mail-Adresse zutreffend ist, so dass unter dieser Adresse die vom Verk\u00e4ufer versandten E-Mails empfangen werden k\u00f6nnen. Insbesondere hat der Kunde bei dem Einsatz von SPAM-Filtern sicherzustellen, dass alle vom Verk\u00e4ufer oder von diesem mit der Bestellabwicklung beauftragten Dritten versandten E-Mails zugestellt werden k\u00f6nnen.<\/p>\n<h2>3) Widerrufsrecht<\/h2>\n<p><b>3.1<\/b>\u00a0Verbrauchern steht grunds\u00e4tzlich ein Widerrufsrecht zu.<\/p>\n<p><b>3.2<\/b>\u00a0N\u00e4here Informationen zum Widerrufsrecht ergeben sich aus der Widerrufsbelehrung des Verk\u00e4ufers.<\/p>\n<p><b>3.3<\/b>\u00a0Das Widerrufsrecht gilt nicht f\u00fcr Verbraucher, die zum Zeitpunkt des Vertragsschlusses keinem Mitgliedstaat der Europ\u00e4ischen Union angeh\u00f6ren und deren alleiniger Wohnsitz und Lieferadresse zum Zeitpunkt des Vertragsschlusses au\u00dferhalb der Europ\u00e4ischen Union liegen.<\/p>\n<p><b>3.4<\/b>\u00a0Gem\u00e4\u00df \u00a7 312g Abs. 2 Nr. 9 BGB besteht ein Widerrufsrecht, soweit nichts anderes vereinbart ist, nicht bei Vertr\u00e4gen zur Erbringung von Dienstleistungen im Zusammenhang mit Freizeitbet\u00e4tigungen, wenn der Vertrag f\u00fcr die Erbringung einen spezifischen Termin oder Zeitraum vorsieht. Danach ist ein Widerrufsrecht auch bei Vertr\u00e4gen ausgeschlossen, die den Verkauf von Tickets f\u00fcr termingebundene Freizeitveranstaltungen zum Gegenstand haben.<\/p>\n<h2>4) Preise und Zahlungsbedingungen<\/h2>\n<p><b>4.1<\/b>\u00a0Sofern sich aus der Produktbeschreibung des Verk\u00e4ufers nichts anderes ergibt, handelt es sich bei den angegebenen Preisen um Gesamtpreise, die die gesetzliche Umsatzsteuer enthalten. Gegebenenfalls zus\u00e4tzlich anfallende Liefer- und Versandkosten werden in der jeweiligen Produktbeschreibung gesondert angegeben.<\/p>\n<p><b>4.2<\/b>\u00a0Bei Lieferungen in L\u00e4nder au\u00dferhalb der Europ\u00e4ischen Union k\u00f6nnen im Einzelfall weitere Kosten anfallen, die der Verk\u00e4ufer nicht zu vertreten hat und die vom Kunden zu tragen sind. Hierzu z\u00e4hlen beispielsweise Kosten f\u00fcr die Geld\u00fcbermittlung durch Kreditinstitute (z.B. \u00dcberweisungsgeb\u00fchren, Wechselkursgeb\u00fchren) oder einfuhrrechtliche Abgaben bzw. Steuern (z.B. Z\u00f6lle). Solche Kosten k\u00f6nnen in Bezug auf die Geld\u00fcbermittlung auch dann anfallen, wenn die Lieferung nicht in ein Land au\u00dferhalb der Europ\u00e4ischen Union erfolgt, der Kunde die Zahlung aber von einem Land au\u00dferhalb der Europ\u00e4ischen Union aus vornimmt.<\/p>\n<p><b>4.3<\/b>\u00a0Die Zahlungsm\u00f6glichkeit\/en wird\/werden dem Kunden im Online-Shop des Verk\u00e4ufers mitgeteilt.<\/p>\n<p><b>4.4<\/b>\u00a0Ist Vorauskasse per Bank\u00fcberweisung vereinbart, ist die Zahlung sofort nach Vertragsabschluss f\u00e4llig, sofern die Parteien keinen sp\u00e4teren F\u00e4lligkeitstermin vereinbart haben.<\/p>\n<p><b>4.5<\/b>\u00a0Bei Zahlung mittels einer von PayPal angebotenen Zahlungsart erfolgt die Zahlungsabwicklung \u00fcber den Zahlungsdienstleister PayPal (Europe) S.\u00e0 r.l. et Cie, S.C.A., 22-24 Boulevard Royal, L-2449 Luxembourg (im Folgenden: &#8220;PayPal&#8221;), unter Geltung der PayPal-Nutzungsbedingungen, einsehbar unter https:\/\/www.paypal.com\/de\/webapps\/mpp\/ua\/useragreement-full oder &#8211; falls der Kunde nicht \u00fcber ein PayPal-Konto verf\u00fcgt \u2013 unter Geltung der Bedingungen f\u00fcr Zahlungen ohne PayPal-Konto, einsehbar unter https:\/\/www.paypal.com\/de\/webapps\/mpp\/ua\/privacywax-full.<\/p>\n<h2>5) Liefer- und Versandbedingungen<\/h2>\n<p><b>5.1<\/b>\u00a0Die Lieferung von Waren erfolgt auf dem Versandweg an die vom Kunden angegebene Lieferanschrift, sofern nichts anderes vereinbart ist. Bei der Abwicklung der Transaktion ist die in der Bestellabwicklung des Verk\u00e4ufers angegebene Lieferanschrift ma\u00dfgeblich. Abweichend hiervon ist bei Auswahl der Zahlungsart PayPal die vom Kunden zum Zeitpunkt der Bezahlung bei PayPal hinterlegte Lieferanschrift ma\u00dfgeblich.<\/p>\n<p><b>5.2<\/b>\u00a0Sendet das Transportunternehmen die versandte Ware an den Verk\u00e4ufer zur\u00fcck, da eine Zustellung beim Kunden nicht m\u00f6glich war, tr\u00e4gt der Kunde die Kosten f\u00fcr den erfolglosen Versand. Dies gilt nicht, wenn der Kunde sein Widerrufsrecht wirksam aus\u00fcbt, wenn er den Umstand, der zur Unm\u00f6glichkeit der Zustellung gef\u00fchrt hat, nicht zu vertreten hat oder wenn er vor\u00fcbergehend an der Annahme der angebotenen Leistung verhindert war, es sei denn, dass der Verk\u00e4ufer ihm die Leistung eine angemessene Zeit vorher angek\u00fcndigt hatte.<\/p>\n<p><b>5.3<\/b>\u00a0Selbstabholung ist aus logistischen Gr\u00fcnden nicht m\u00f6glich.<\/p>\n<p><b>5.4<\/b>\u00a0Digitale Inhalte werden dem Kunden ausschlie\u00dflich in elektronischer Form wie folgt \u00fcberlassen:<\/p>\n<p>&#8211; per Download<\/p>\n<p><b>5.5<\/b>\u00a0Tickets werden dem Kunden wie folgt \u00fcberlassen:<\/p>\n<p>&#8211; per Download<\/p>\n<h2>6) Einr\u00e4umung von Nutzungsrechten f\u00fcr digitale Inhalte<\/h2>\n<p><b>6.1<\/b>\u00a0Sofern sich aus der Inhaltsbeschreibung im Online-Shop des Verk\u00e4ufers nichts anderes ergibt, r\u00e4umt der Verk\u00e4ufer dem Kunden an den \u00fcberlassenen Inhalten das nicht ausschlie\u00dfliche, \u00f6rtlich und zeitlich unbeschr\u00e4nkte Recht ein, die \u00fcberlassenen Inhalte ausschlie\u00dflich zu privaten Zwecken zu nutzen.<\/p>\n<p><b>6.2<\/b>\u00a0Eine Weitergabe der Inhalte an Dritte oder die Erstellung von Kopien f\u00fcr Dritte au\u00dferhalb des Rahmens dieser AGB ist nicht gestattet, soweit nicht der Verk\u00e4ufer einer \u00dcbertragung der vertragsgegenst\u00e4ndlichen Lizenz an den Dritten zugestimmt hat.<\/p>\n<p><b>6.3<\/b>\u00a0Die Rechtseinr\u00e4umung wird erst wirksam, wenn der Kunde die vertraglich geschuldete Verg\u00fctung vollst\u00e4ndig geleistet hat. Der Verk\u00e4ufer kann eine Benutzung der vertragsgegenst\u00e4ndlichen Inhalte auch schon vor diesem Zeitpunkt vorl\u00e4ufig erlauben. Ein \u00dcbergang der Rechte findet durch eine solche vorl\u00e4ufige Erlaubnis nicht statt.<\/p>\n<h2>7) Eigentumsvorbehalt<\/h2>\n<p>Tritt der Verk\u00e4ufer in Vorleistung, beh\u00e4lt er sich bis zur vollst\u00e4ndigen Bezahlung des geschuldeten Kaufpreises das Eigentum an der gelieferten Ware vor.<\/p>\n<h2>8) M\u00e4ngelhaftung (Gew\u00e4hrleistung)<\/h2>\n<p><b>8.1<\/b>\u00a0Ist die Kaufsache mangelhaft, gelten die Vorschriften der gesetzlichen M\u00e4ngelhaftung.<\/p>\n<p><b>8.2<\/b>\u00a0Der Kunde wird gebeten, angelieferte Waren mit offensichtlichen Transportsch\u00e4den bei dem Zusteller zu reklamieren und den Verk\u00e4ufer hiervon in Kenntnis zu setzen. Kommt der Kunde dem nicht nach, hat dies keinerlei Auswirkungen auf seine gesetzlichen oder vertraglichen M\u00e4ngelanspr\u00fcche.<\/p>\n<h2>9) Anwendbares Recht<\/h2>\n<p>F\u00fcr s\u00e4mtliche Rechtsbeziehungen der Parteien gilt das Recht der Republik \u00d6sterreich unter Ausschluss der Gesetze \u00fcber den internationalen Kauf beweglicher Waren. Bei Verbrauchern gilt diese Rechtswahl nur insoweit, als nicht der gew\u00e4hrte Schutz durch zwingende Bestimmungen des Rechts des Staates, in dem der Verbraucher seinen gew\u00f6hnlichen Aufenthalt hat, entzogen wird.<\/p>\n<h2>10) Alternative Streitbeilegung<\/h2>\n<p><b>10.1<\/b>\u00a0Die EU-Kommission stellt im Internet unter folgendem Link eine Plattform zur Online-Streitbeilegung bereit: https:\/\/ec.europa.eu\/consumers\/odr<\/p>\n<p>Diese Plattform dient als Anlaufstelle zur au\u00dfergerichtlichen Beilegung von Streitigkeiten aus Online-Kauf- oder Dienstleistungsvertr\u00e4gen, an denen ein Verbraucher beteiligt ist.<\/p>\n<p><b>10.2<\/b>\u00a0Der Verk\u00e4ufer ist zur Teilnahme an einem Streitbeilegungsverfahren vor einer Verbraucherschlichtungsstelle weder verpflichtet noch bereit.<\/p>\n","protected":false},"excerpt":{"rendered":"<p>ALLGEMEINE GESCH\u00c4FTSBEDINGUNGEN MIT KUNDENINFORMATIONEN Inhaltsverzeichnis Geltungsbereich Vertragsschluss Widerrufsrecht Preise und Zahlungsbedingungen Liefer- und Versandbedingungen Einr\u00e4umung von Nutzungsrechten f\u00fcr digitale Inhalte Eigentumsvorbehalt M\u00e4ngelhaftung (Gew\u00e4hrleistung) Anwendbares Recht Alternative Streitbeilegung 1) Geltungsbereich 1.1\u00a0Diese Allgemeinen Gesch\u00e4ftsbedingungen (nachfolgend &#8220;AGB&#8221;) des Gustfuss Records, Musikmanagement, Musikverlag EU, Augustin Lehfuss (nachfolgend &#8220;Verk\u00e4ufer&#8221;), gelten f\u00fcr alle Vertr\u00e4ge \u00fcber die Lieferung von Waren, die ein [&hellip;]<\/p>\n","protected":false},"author":2,"featured_media":0,"parent":0,"menu_order":0,"comment_status":"closed","ping_status":"closed","template":"","meta":{"_monsterinsights_skip_tracking":false,"_monsterinsights_sitenote_active":false,"_monsterinsights_sitenote_note":"","_monsterinsights_sitenote_category":0},"aioseo_notices":[],"acf":[],"_links":{"self":[{"href":"https:\/\/gustfuss.com\/de\/wp-json\/wp\/v2\/pages\/577"}],"collection":[{"href":"https:\/\/gustfuss.com\/de\/wp-json\/wp\/v2\/pages"}],"about":[{"href":"https:\/\/gustfuss.com\/de\/wp-json\/wp\/v2\/types\/page"}],"author":[{"embeddable":true,"href":"https:\/\/gustfuss.com\/de\/wp-json\/wp\/v2\/users\/2"}],"replies":[{"embeddable":true,"href":"https:\/\/gustfuss.com\/de\/wp-json\/wp\/v2\/comments?post=577"}],"version-history":[{"count":1,"href":"https:\/\/gustfuss.com\/de\/wp-json\/wp\/v2\/pages\/577\/revisions"}],"predecessor-version":[{"id":578,"href":"https:\/\/gustfuss.com\/de\/wp-json\/wp\/v2\/pages\/577\/revisions\/578"}],"wp:attachment":[{"href":"https:\/\/gustfuss.com\/de\/wp-json\/wp\/v2\/media?parent=577"}],"curies":[{"name":"wp","href":"https:\/\/api.w.org\/{rel}","templated":true}]}}