{"id":629,"date":"2018-03-12T17:28:31","date_gmt":"2018-03-12T16:28:31","guid":{"rendered":"https:\/\/gustfuss.com\/?page_id=629"},"modified":"2021-09-10T15:43:10","modified_gmt":"2021-09-10T13:43:10","slug":"startseite","status":"publish","type":"page","link":"https:\/\/gustfuss.com\/de\/","title":{"rendered":"Home"},"content":{"rendered":"\n<p class=\"has-text-align-center\"><a href=\"https:\/\/www.youtube.com\/channel\/UCMi6WmOMVoVPBdWx5IDiBXg?sub_confirmation=1\" target=\"_blank\" rel=\"noreferrer noopener\">Abonnieren Sie unseren Youtube Kanal<\/a><\/p>\n\n\n\n<p><\/p>\n\n\n<p><img decoding=\"async\" loading=\"lazy\" class=\"wp-image-942 aligncenter\" src=\"https:\/\/gustfuss.com\/wp-content\/uploads\/2018\/06\/iStock-125144048-300x150.jpg\" alt=\"\" width=\"500\" height=\"250\" srcset=\"https:\/\/gustfuss.com\/wp-content\/uploads\/2018\/06\/iStock-125144048-300x150.jpg 300w, https:\/\/gustfuss.com\/wp-content\/uploads\/2018\/06\/iStock-125144048-768x384.jpg 768w, https:\/\/gustfuss.com\/wp-content\/uploads\/2018\/06\/iStock-125144048-1024x512.jpg 1024w, https:\/\/gustfuss.com\/wp-content\/uploads\/2018\/06\/iStock-125144048-416x208.jpg 416w\" sizes=\"(max-width: 500px) 100vw, 500px\" \/><\/p>\n<p style=\"text-align: center;\">Gustfuss Records ist ein unabh\u00e4ngiges Musiklabel und Musikverlag. Willkommen auf unserer Homepage und in unserem Shop!<\/p>\n<p style=\"text-align: center;\">Sehr oft fehlen Musikern und Bands die Zeit, das Know How oder schlicht und einfach die Energie, sich mit all den manchmal ziemlich erm\u00fcdenden Dingen herumzuschlagen, die mit einer Tontr\u00e4gerver\u00f6ffentlichung einhergehen. Sie ziehen es vor, sich auf ihre Musik, auf das Booking oder auf ihre Fanbase zu konzentrieren, anstatt sich wochenlang die N\u00e4chte am Comupter um die Ohren zu schlagen, um den Dschungel technischer Erfordernisse und Codes zu erforschen oder diverse Verkaufsplattformen ausfindig zu machen.<\/p>\n<p style=\"text-align: center;\">All das haben wir schon hinter uns. Daher k\u00f6nnen wir f\u00fcr Musiker und Bands, die &#8211; obwohl sie keinen Plattenvertrag mit einer Plattenfirma haben &#8211; ihre Tontr\u00e4ger offiziell ver\u00f6ffentlicht haben wollen, die folgenden Dienstleistungen anbieten:<\/p>\n<ul>\n<li>Verkauf Ihrer Produkte wie Tontr\u00e4ger, Merch Artikel und sogar Notenausgaben \u00fcber unseren Online Shop, auf Amazon, Ebay, Bandcamp und anderen Plattformen.<\/li>\n<li>Digitalen Vertrieb \u00fcber Itunes, Spotify, Deezer und viele andere digitale Musikm\u00e4rkte weltweit.<\/li>\n<li>Zur Verf\u00fcgung Stellen von Label Code und allen anderen technischen Codes, die f\u00fcr Radio Airplay und physischen und digitalen Vertrieb ben\u00f6tigt werden (wie etwa ISRC und UPC..)<\/li>\n<li>Bemusterung von Radiosendern \u00fcber MPN (Media Promotion Network) in Deutschland, \u00d6sterreich und der Schweiz<\/li>\n<\/ul>\n<p style=\"text-align: center;\">Und keine Sorge, wir fordern keine Beteiligung an Euren musikalischen Urheberrechten, die verbleiben zu 100 Prozent bei Euch.<\/p>\n<p style=\"text-align: center;\">Nachdem das Ver\u00f6ffentlichen von Tontr\u00e4gern doch eine etwas komplexere Materie dastellt, schreibt uns am besten und erz\u00e4hlt uns von Eurem Projekt\u00a0<a href=\"mailto:office@gustfuss.com\" rel=\"noopener\">office@gustfuss.com<\/a><\/p>\n<p style=\"text-align: center;\">Nebenbei, es gibt auch einige andere musikbezogene Dinge, die wir f\u00fcr Euch tun k\u00f6nnen &#8211; werft einfach einen Blick auf unsere <a href=\"https:\/\/gustfuss.com\/de\/publishing-services\/\" target=\"_blank\" rel=\"noopener noreferrer\">Noten Services Seite<\/a><\/p>","protected":false},"excerpt":{"rendered":"<p>Abonnieren Sie unseren Youtube Kanal Gustfuss Records ist ein unabh\u00e4ngiges Musiklabel und Musikverlag. Willkommen auf unserer Homepage und in unserem Shop! Sehr oft fehlen Musikern und Bands die Zeit, das Know How oder schlicht und einfach die Energie, sich mit all den manchmal ziemlich erm\u00fcdenden Dingen herumzuschlagen, die mit einer Tontr\u00e4gerver\u00f6ffentlichung einhergehen. Sie ziehen es [&hellip;]<\/p>\n","protected":false},"author":2,"featured_media":0,"parent":0,"menu_order":0,"comment_status":"closed","ping_status":"closed","template":"","meta":{"_monsterinsights_skip_tracking":false,"_monsterinsights_sitenote_active":false,"_monsterinsights_sitenote_note":"","_monsterinsights_sitenote_category":0},"aioseo_notices":[],"acf":[],"_links":{"self":[{"href":"https:\/\/gustfuss.com\/de\/wp-json\/wp\/v2\/pages\/629"}],"collection":[{"href":"https:\/\/gustfuss.com\/de\/wp-json\/wp\/v2\/pages"}],"about":[{"href":"https:\/\/gustfuss.com\/de\/wp-json\/wp\/v2\/types\/page"}],"author":[{"embeddable":true,"href":"https:\/\/gustfuss.com\/de\/wp-json\/wp\/v2\/users\/2"}],"replies":[{"embeddable":true,"href":"https:\/\/gustfuss.com\/de\/wp-json\/wp\/v2\/comments?post=629"}],"version-history":[{"count":18,"href":"https:\/\/gustfuss.com\/de\/wp-json\/wp\/v2\/pages\/629\/revisions"}],"predecessor-version":[{"id":1753,"href":"https:\/\/gustfuss.com\/de\/wp-json\/wp\/v2\/pages\/629\/revisions\/1753"}],"wp:attachment":[{"href":"https:\/\/gustfuss.com\/de\/wp-json\/wp\/v2\/media?parent=629"}],"curies":[{"name":"wp","href":"https:\/\/api.w.org\/{rel}","templated":true}]}}