{"id":66,"date":"2017-12-27T15:25:46","date_gmt":"2017-12-27T14:25:46","guid":{"rendered":"https:\/\/gustfuss.com\/?page_id=66"},"modified":"2025-03-31T16:49:14","modified_gmt":"2025-03-31T14:49:14","slug":"impressum","status":"publish","type":"page","link":"https:\/\/gustfuss.com\/de\/impressum\/","title":{"rendered":"Impressum"},"content":{"rendered":"<p>Augustin Lehfuss<br \/>\nGUSTFUSS\u00ae-Records, Musikmanagement, Musikverlag e.U.<br \/>\nLindenweg 3\/5<br \/>\n4932 Kirchheim im Innkreis<br \/>\n\u00d6sterreich<\/p>\n<p>Tel.: 0043 676 312 00 56<br \/>\nE-Mail: office@gustfuss.com<\/p>\n<p>UID Nummer: ATU 38806100<\/p>\n<p>Beh\u00f6rde gem\u00e4\u00df ECG: Bezirkshauptmannschaft Ried im Innkreis<\/p>\n<p>Unternehmensgegenstand: Musikverlag, Musikmanagement, Musikproduzent<\/p>\n<p>Zust\u00e4ndige Aufsichtsbeh\u00f6rde f\u00fcr das Angebot audiovisueller Mediendienste:<br \/>\nKommAustria, Mariahilfer Stra\u00dfe 77-79, 1060 Wien, \u00d6sterreich<\/p>\n<p>Plattform der EU-Kommission zur Online-Streitbeilegung: <a href=\"https:\/\/ec.europa.eu\/consumers\/odr\/\" target=\"_blank\" rel=\"noopener\">https:\/\/ec.europa.eu\/consumers\/odr\/<\/a><\/p>\n<p>Wir sind zur Teilnahme an einem Streitbeilegungsverfahren vor einer Verbraucherschlichtungsstelle weder verpflichtet noch bereit.<\/p>\n<p>Firmenbuchnummer: FN 354637 a<br \/>\nFirmenbuchgericht: Landesgericht Ried im Innkreis<br \/>\nBahnhofstra\u00dfe 56<br \/>\nA &#8211; 4910 Ried im Innkreis<\/p>\n<p>Mitglied der WK\u00d6 (<a href=\"https:\/\/www.wko.at\/\" target=\"_blank\" rel=\"noopener\">https:\/\/www.wko.at\/<\/a>)<\/p>\n<div class=\"clearfix\"><\/div>\n<p><img decoding=\"async\" src=\"https:\/\/www.it-recht-kanzlei.de\/gfx\/Logos\/logo-fairness-160.png\" alt=\"\" \/>Mitglied der Initiative &#8220;Fairness im Handel&#8221;.<br \/>\nN\u00e4here Informationen:\u00a0<a href=\"https:\/\/www.fairness-im-handel.de\/\" target=\"_blank\" rel=\"noopener\">https:\/\/www.fairness-im-handel.de<\/a><\/p>\n","protected":false},"excerpt":{"rendered":"<p>Augustin Lehfuss GUSTFUSS\u00ae-Records, Musikmanagement, Musikverlag e.U. Lindenweg 3\/5 4932 Kirchheim im Innkreis \u00d6sterreich Tel.: 0043 676 312 00 56 E-Mail: office@gustfuss.com UID Nummer: ATU 38806100 Beh\u00f6rde gem\u00e4\u00df ECG: Bezirkshauptmannschaft Ried im Innkreis Unternehmensgegenstand: Musikverlag, Musikmanagement, Musikproduzent Zust\u00e4ndige Aufsichtsbeh\u00f6rde f\u00fcr das Angebot audiovisueller Mediendienste: KommAustria, Mariahilfer Stra\u00dfe 77-79, 1060 Wien, \u00d6sterreich Plattform der EU-Kommission zur Online-Streitbeilegung: [&hellip;]<\/p>\n","protected":false},"author":2,"featured_media":0,"parent":0,"menu_order":0,"comment_status":"closed","ping_status":"closed","template":"","meta":{"_monsterinsights_skip_tracking":false,"_monsterinsights_sitenote_active":false,"_monsterinsights_sitenote_note":"","_monsterinsights_sitenote_category":0},"aioseo_notices":[],"acf":[],"_links":{"self":[{"href":"https:\/\/gustfuss.com\/de\/wp-json\/wp\/v2\/pages\/66"}],"collection":[{"href":"https:\/\/gustfuss.com\/de\/wp-json\/wp\/v2\/pages"}],"about":[{"href":"https:\/\/gustfuss.com\/de\/wp-json\/wp\/v2\/types\/page"}],"author":[{"embeddable":true,"href":"https:\/\/gustfuss.com\/de\/wp-json\/wp\/v2\/users\/2"}],"replies":[{"embeddable":true,"href":"https:\/\/gustfuss.com\/de\/wp-json\/wp\/v2\/comments?post=66"}],"version-history":[{"count":10,"href":"https:\/\/gustfuss.com\/de\/wp-json\/wp\/v2\/pages\/66\/revisions"}],"predecessor-version":[{"id":2203,"href":"https:\/\/gustfuss.com\/de\/wp-json\/wp\/v2\/pages\/66\/revisions\/2203"}],"wp:attachment":[{"href":"https:\/\/gustfuss.com\/de\/wp-json\/wp\/v2\/media?parent=66"}],"curies":[{"name":"wp","href":"https:\/\/api.w.org\/{rel}","templated":true}]}}