{"id":665,"date":"2018-03-10T10:27:54","date_gmt":"2018-03-10T09:27:54","guid":{"rendered":"https:\/\/gustfuss.com\/?page_id=665"},"modified":"2023-01-03T18:43:09","modified_gmt":"2023-01-03T17:43:09","slug":"label-songs","status":"publish","type":"page","link":"https:\/\/gustfuss.com\/de\/label-songs\/","title":{"rendered":"Songs f\u00fcr K\u00fcnstler und Produzenten"},"content":{"rendered":"<p>Hier finden Sie Songs, die von K\u00fcnstlern, Labels und Produzenten f\u00fcr Ihr Live Programm und Ihre Produktionen verwendet werden k\u00f6nnen. Sie d\u00fcrfen die Songs in ihrer eigenen Version bzw. in Ihrem eigenen Arrangement verwenden, solange diese korrekt bei Ihrer zust\u00e4ndigen Verwertungsgesellschaft lizensiert werden (in Deutschland zB die GEMA). Ohne unsere ausdr\u00fcckliche Genehmigung d\u00fcrfen die Songs nicht in Werbespots, Filmen, Games u.\u00e4. verwendet werden.<\/p>\n<p><\/p>\n\n\n<iframe loading=\"lazy\" width=\"100%\" height=\"450\" scrolling=\"no\" frameborder=\"no\" allow=\"autoplay\" src=\"https:\/\/w.soundcloud.com\/player\/?url=https%3A\/\/api.soundcloud.com\/playlists\/1547434042&amp;color=%23ff5500&amp;auto_play=false&amp;hide_related=false&amp;show_comments=true&amp;show_user=true&amp;show_reposts=false&amp;show_teaser=true&amp;visual=true\"><\/iframe><div style=\"font-size: 10px; color: #cccccc;line-break: anywhere;word-break: normal;overflow: hidden;white-space: nowrap;text-overflow: ellipsis; font-family: Interstate,Lucida Grande,Lucida Sans Unicode,Lucida Sans,Garuda,Verdana,Tahoma,sans-serif;font-weight: 100;\"><a href=\"https:\/\/soundcloud.com\/gustfuss-records\" title=\"Gustfuss Records\" target=\"_blank\" style=\"color: #cccccc; text-decoration: none;\" rel=\"noopener\">Gustfuss Records<\/a> \u00b7 <a href=\"https:\/\/soundcloud.com\/gustfuss-records\/sets\/songs-for-artists-to-cover\" title=\"Songs for artists to cover\" target=\"_blank\" style=\"color: #cccccc; text-decoration: none;\" rel=\"noopener\">Songs for artists to cover<\/a><\/div>\n\n\n\n<div style=\"height:49px\" aria-hidden=\"true\" class=\"wp-block-spacer\"><\/div>\n\n\n\n<hr class=\"wp-block-separator has-alpha-channel-opacity\"\/>\n\n\n\n<p>Jedes Jahr h\u00f6ren wir immer wieder die immer gleichen Weihnachtslieder &#8211; doch es gibt auch noch andere, die ein paar Sendeminuten wert sind. Hier ist unsere spezielle Weihnachtsplaylist&#8230;<\/p>\n\n\n\n<iframe loading=\"lazy\" width=\"100%\" height=\"450\" scrolling=\"no\" frameborder=\"no\" allow=\"autoplay\" src=\"https:\/\/w.soundcloud.com\/player\/?url=https%3A\/\/api.soundcloud.com\/playlists\/1549204309&amp;color=%23ff5500&amp;auto_play=false&amp;hide_related=false&amp;show_comments=true&amp;show_user=true&amp;show_reposts=false&amp;show_teaser=true&amp;visual=true\"><\/iframe><div style=\"font-size: 10px; color: #cccccc;line-break: anywhere;word-break: normal;overflow: hidden;white-space: nowrap;text-overflow: ellipsis; font-family: Interstate,Lucida Grande,Lucida Sans Unicode,Lucida Sans,Garuda,Verdana,Tahoma,sans-serif;font-weight: 100;\"><a href=\"https:\/\/soundcloud.com\/gustfuss-records\" title=\"Gustfuss Records\" target=\"_blank\" style=\"color: #cccccc; text-decoration: none;\" rel=\"noopener\">Gustfuss Records<\/a> \u00b7 <a href=\"https:\/\/soundcloud.com\/gustfuss-records\/sets\/christmas\" title=\"Christmas\" target=\"_blank\" style=\"color: #cccccc; text-decoration: none;\" rel=\"noopener\">Christmas<\/a><\/div>\n\n\n\n<p><\/p>\n\n\n\n<div style=\"height:50px\" aria-hidden=\"true\" class=\"wp-block-spacer\"><\/div>\n\n\n\n<hr class=\"wp-block-separator has-alpha-channel-opacity\"\/>\n\n\n\n<p>Ben\u00f6tigen Sie MIDI Dateien und\/oder Notenmaterial zu unseren Songs f\u00fcr Ihre Produktion oder Auff\u00fchrung, oder Sie m\u00f6chten unsere Songs in Werbung und\/oder Filmen verwenden, kontaktieren Sie uns unter <a href=\"mailto:office@office.com\" target=\"_blank\" rel=\"noopener\" title=\"\">office@office.com<\/a><\/p>\n\n\n\n<p>Die Urheberrechte an den Songs sind durch internationales Copyright gesch\u00fctzt und sind alleiniges Eigentum von Gustfuss Records &#8211; sollten Sie einen Song aufgef\u00fchrt oder aufgenommen haben: Lassen Sie es uns wissen!!<\/p>\n\n\n\n<p><\/p>\n","protected":false},"excerpt":{"rendered":"<p>Hier finden Sie Songs, die von K\u00fcnstlern, Labels und Produzenten f\u00fcr Ihr Live Programm und Ihre Produktionen verwendet werden k\u00f6nnen. Sie d\u00fcrfen die Songs in ihrer eigenen Version bzw. in Ihrem eigenen Arrangement verwenden, solange diese korrekt bei Ihrer zust\u00e4ndigen Verwertungsgesellschaft lizensiert werden (in Deutschland zB die GEMA). Ohne unsere ausdr\u00fcckliche Genehmigung d\u00fcrfen die Songs [&hellip;]<\/p>\n","protected":false},"author":2,"featured_media":0,"parent":0,"menu_order":0,"comment_status":"closed","ping_status":"closed","template":"","meta":{"_monsterinsights_skip_tracking":false,"_monsterinsights_sitenote_active":false,"_monsterinsights_sitenote_note":"","_monsterinsights_sitenote_category":0},"aioseo_notices":[],"acf":[],"_links":{"self":[{"href":"https:\/\/gustfuss.com\/de\/wp-json\/wp\/v2\/pages\/665"}],"collection":[{"href":"https:\/\/gustfuss.com\/de\/wp-json\/wp\/v2\/pages"}],"about":[{"href":"https:\/\/gustfuss.com\/de\/wp-json\/wp\/v2\/types\/page"}],"author":[{"embeddable":true,"href":"https:\/\/gustfuss.com\/de\/wp-json\/wp\/v2\/users\/2"}],"replies":[{"embeddable":true,"href":"https:\/\/gustfuss.com\/de\/wp-json\/wp\/v2\/comments?post=665"}],"version-history":[{"count":9,"href":"https:\/\/gustfuss.com\/de\/wp-json\/wp\/v2\/pages\/665\/revisions"}],"predecessor-version":[{"id":2026,"href":"https:\/\/gustfuss.com\/de\/wp-json\/wp\/v2\/pages\/665\/revisions\/2026"}],"wp:attachment":[{"href":"https:\/\/gustfuss.com\/de\/wp-json\/wp\/v2\/media?parent=665"}],"curies":[{"name":"wp","href":"https:\/\/api.w.org\/{rel}","templated":true}]}}