{"id":699,"date":"2018-03-27T18:19:12","date_gmt":"2018-03-27T16:19:12","guid":{"rendered":"https:\/\/gustfuss.com\/?page_id=699"},"modified":"2021-09-10T15:28:21","modified_gmt":"2021-09-10T13:28:21","slug":"augustin-lehfuss","status":"publish","type":"page","link":"https:\/\/gustfuss.com\/de\/augustin-lehfuss\/","title":{"rendered":"Augustin Lehfuss"},"content":{"rendered":"\n<div class=\"wp-block-image\"><figure class=\"alignleft\"><img decoding=\"async\" loading=\"lazy\" width=\"300\" height=\"225\" src=\"https:\/\/gustfuss.com\/wp-content\/uploads\/2018\/02\/MG_4098_DxO-300x225.jpg\" alt=\"\" class=\"wp-image-483\" srcset=\"https:\/\/gustfuss.com\/wp-content\/uploads\/2018\/02\/MG_4098_DxO-300x225.jpg 300w, https:\/\/gustfuss.com\/wp-content\/uploads\/2018\/02\/MG_4098_DxO-768x576.jpg 768w, https:\/\/gustfuss.com\/wp-content\/uploads\/2018\/02\/MG_4098_DxO.jpg 1024w, https:\/\/gustfuss.com\/wp-content\/uploads\/2018\/02\/MG_4098_DxO-416x312.jpg 416w\" sizes=\"(max-width: 300px) 100vw, 300px\" \/><\/figure><\/div>\n\n\n\n<p class=\"has-text-align-left\">\u00d6sterreichischer S\u00e4nger, Komponist und Arrangeur.&nbsp; Lebt in Berlin. Studierte Jazztheorie und Komposition in Wien und war als Komponist und Arrangeur f\u00fcr viele Kollegen t\u00e4tig. Auf unserer Homepage bieten wir einige seiner Kompositionen f\u00fcr Blechbl\u00e4serquintett, Holzbl\u00e4serquintett, Streichquartett und andere Ensembles&nbsp; an, dazu noch ein Werk f\u00fcr Solo Boogie Woogie Piano.<\/p>\n\n\n\n<p><a href=\"https:\/\/gustfuss.com\/de\/produkt\/augustin-lehfuss-happenstance-audio-cd\/\" target=\"_blank\" rel=\"noopener\">Hier k\u00f6nnen Sie seine Jazz Trio CD &#8220;Happenstance&#8221; bestellen.<\/a><\/p>\n\n\n\n<p class=\"has-text-align-left\"><a href=\"https:\/\/www.lehfuss.com\/\" target=\"_blank\" rel=\"noopener\">K\u00fcnstlerhomepage<\/a><\/p>\n\n\n\n<script src=\"https:\/\/apis.google.com\/js\/platform.js\"><\/script>\n\n<div class=\"g-ytsubscribe\" data-channelid=\"UCC835mGjx-dogkVLVAEEQgA\" data-layout=\"full\" data-count=\"default\"><\/div>\n\n\n\n<p><iframe loading=\"lazy\" style=\"border: none; overflow: hidden;\" src=\"https:\/\/open.spotify.com\/follow\/1\/?uri=spotify:artist:6XCRmJT6NwvQ1B93pq3ieq?si=OCe608mzTtOoXMb9Wt5CDQ&amp;dl_branch=1&amp;size=detail&amp;theme=light\" width=\"300\" height=\"56\" frameborder=\"0\" scrolling=\"no\"><\/iframe><\/p>\n","protected":false},"excerpt":{"rendered":"<p>\u00d6sterreichischer S\u00e4nger, Komponist und Arrangeur.&nbsp; Lebt in Berlin. Studierte Jazztheorie und Komposition in Wien und war als Komponist und Arrangeur f\u00fcr viele Kollegen t\u00e4tig. Auf unserer Homepage bieten wir einige seiner Kompositionen f\u00fcr Blechbl\u00e4serquintett, Holzbl\u00e4serquintett, Streichquartett und andere Ensembles&nbsp; an, dazu noch ein Werk f\u00fcr Solo Boogie Woogie Piano. Hier k\u00f6nnen Sie seine Jazz Trio [&hellip;]<\/p>\n","protected":false},"author":2,"featured_media":0,"parent":0,"menu_order":0,"comment_status":"closed","ping_status":"closed","template":"","meta":{"_monsterinsights_skip_tracking":false,"_monsterinsights_sitenote_active":false,"_monsterinsights_sitenote_note":"","_monsterinsights_sitenote_category":0},"aioseo_notices":[],"acf":[],"_links":{"self":[{"href":"https:\/\/gustfuss.com\/de\/wp-json\/wp\/v2\/pages\/699"}],"collection":[{"href":"https:\/\/gustfuss.com\/de\/wp-json\/wp\/v2\/pages"}],"about":[{"href":"https:\/\/gustfuss.com\/de\/wp-json\/wp\/v2\/types\/page"}],"author":[{"embeddable":true,"href":"https:\/\/gustfuss.com\/de\/wp-json\/wp\/v2\/users\/2"}],"replies":[{"embeddable":true,"href":"https:\/\/gustfuss.com\/de\/wp-json\/wp\/v2\/comments?post=699"}],"version-history":[{"count":18,"href":"https:\/\/gustfuss.com\/de\/wp-json\/wp\/v2\/pages\/699\/revisions"}],"predecessor-version":[{"id":1750,"href":"https:\/\/gustfuss.com\/de\/wp-json\/wp\/v2\/pages\/699\/revisions\/1750"}],"wp:attachment":[{"href":"https:\/\/gustfuss.com\/de\/wp-json\/wp\/v2\/media?parent=699"}],"curies":[{"name":"wp","href":"https:\/\/api.w.org\/{rel}","templated":true}]}}