{"id":1026,"date":"2018-10-15T22:53:47","date_gmt":"2018-10-15T20:53:47","guid":{"rendered":"https:\/\/gustfuss.com\/?post_type=product&#038;p=1026"},"modified":"2022-01-01T12:03:43","modified_gmt":"2022-01-01T11:03:43","slug":"dass-die-wod-no-steht-mp3-music-download","status":"publish","type":"product","link":"https:\/\/gustfuss.com\/de\/produkt\/dass-die-wod-no-steht-mp3-music-download\/","title":{"rendered":"Dass Die W\u00f6d No Steht &#8211; MP3 Music download"},"content":{"rendered":"<p>Der Wiener Liedermacher, Dialektpoet und Komponist Augustin Lehfuss alias GUSTFUSS pr\u00e4sentiert hier seine Empfindungen \u00fcber die permanente und zunehmende Verm\u00fcllung unserer Welt. Es ist geradezu ein Wunder, dass wir alle noch nicht v\u00f6llig vergiftet sind, eben dass die Welt doch noch steht<\/p>\n<p>Fetzige Gitarren- und Bass Riffs und h\u00e4mmernde Drums dr\u00fccken seine Wut auch musikalisch treffend aus<\/p>\n<p><a href=\"http:\/\/www.gustfuss.at\/dass-die-woed-no-steht\/\" target=\"_blank\" rel=\"noopener noreferrer\">Hier gibt es den Liedertext zum Nachlesen<\/a><\/p>\n<p><a href=\"https:\/\/www.youtube.com\/watch?v=NhfwkT7bP8s\" target=\"_blank\" rel=\"noopener noreferrer\">Link zum Video<\/a><\/p>\n","protected":false},"excerpt":{"rendered":"<p>Gustfuss &amp; Band : Dass Die W\u00f6d No Steht<br \/>\nRockiger Pop\/Soul Song mit fetzigen Gitarren Riffs und bissigen Drum Fills<\/p>\n<p>Text &amp; Musik: Augustin Lehfuss<br \/>\nDauer: min 04:03<\/p>\n<p>MP3 Download<\/p>\n","protected":false},"featured_media":1027,"template":"","meta":{"_monsterinsights_skip_tracking":false,"_monsterinsights_sitenote_active":false,"_monsterinsights_sitenote_note":"","_monsterinsights_sitenote_category":0},"product_cat":[322],"product_tag":[],"aioseo_notices":[],"acf":[],"_links":{"self":[{"href":"https:\/\/gustfuss.com\/de\/wp-json\/wp\/v2\/product\/1026"}],"collection":[{"href":"https:\/\/gustfuss.com\/de\/wp-json\/wp\/v2\/product"}],"about":[{"href":"https:\/\/gustfuss.com\/de\/wp-json\/wp\/v2\/types\/product"}],"wp:featuredmedia":[{"embeddable":true,"href":"https:\/\/gustfuss.com\/de\/wp-json\/wp\/v2\/media\/1027"}],"wp:attachment":[{"href":"https:\/\/gustfuss.com\/de\/wp-json\/wp\/v2\/media?parent=1026"}],"wp:term":[{"taxonomy":"product_cat","embeddable":true,"href":"https:\/\/gustfuss.com\/de\/wp-json\/wp\/v2\/product_cat?post=1026"},{"taxonomy":"product_tag","embeddable":true,"href":"https:\/\/gustfuss.com\/de\/wp-json\/wp\/v2\/product_tag?post=1026"}],"curies":[{"name":"wp","href":"https:\/\/api.w.org\/{rel}","templated":true}]}}