{"id":1081,"date":"2019-03-08T22:17:48","date_gmt":"2019-03-08T21:17:48","guid":{"rendered":"https:\/\/gustfuss.com\/?post_type=product&#038;p=1081"},"modified":"2019-03-21T14:40:41","modified_gmt":"2019-03-21T13:40:41","slug":"peter-cornelius-unverwuestlich-audio-cd-2","status":"publish","type":"product","link":"https:\/\/gustfuss.com\/de\/produkt\/peter-cornelius-unverwuestlich-audio-cd-2\/","title":{"rendered":"Peter Cornelius &#8211; Unverw\u00fcstlich (Audio CD)"},"content":{"rendered":"<p>Neues Studioalbum des \u00f6sterreichischen Singer\/Songwriters. Vital, frisch, selbstverst\u00e4ndlich und unverwechselbar kommen die Titel vom neuen Cornelius Album r\u00fcber.<br \/>\nTexte, die zupacken in vollkommener \u00dcbereinstimmung mit der Musik. Sollte er in einigen Jahren erneut ein Best Of Album ver\u00f6ffentlichen, werden sicherlich einige Titel von diesem Album darauf vertreten sein.<br \/>\nSeine Kreativit\u00e4t scheint nachwievor ungebrochen, also unverw\u00fcstlich, ein Attribut das Peter Cornelius seinen Fans verdankt &#8211; und zw\u00f6lf ganz wunderbaren neuen Songs.<\/p>\n<p>1. Raue H\u00e4nd<br \/>\n2. Kinder sp\u00fcren<br \/>\n3. Vergessenland<br \/>\n4. I denk an di<br \/>\n5. Times Square<br \/>\n6. Selbstverwirklichung<br \/>\n7. Zwei verschiedene blau<br \/>\n8. S\u00fcden<br \/>\n9. Wenn der Blues zu besuch ist<br \/>\n10. Rei\u00dfleine<br \/>\n11. War das schon alles<br \/>\n12. Bergauf<\/p>\n","protected":false},"excerpt":{"rendered":"<p>Peter Cornelius, einer der Gr\u00fcnderv\u00e4ter des Austropop<\/p>\n","protected":false},"featured_media":1077,"template":"","meta":{"_monsterinsights_skip_tracking":false,"_monsterinsights_sitenote_active":false,"_monsterinsights_sitenote_note":"","_monsterinsights_sitenote_category":0},"product_cat":[304],"product_tag":[],"aioseo_notices":[],"acf":[],"_links":{"self":[{"href":"https:\/\/gustfuss.com\/de\/wp-json\/wp\/v2\/product\/1081"}],"collection":[{"href":"https:\/\/gustfuss.com\/de\/wp-json\/wp\/v2\/product"}],"about":[{"href":"https:\/\/gustfuss.com\/de\/wp-json\/wp\/v2\/types\/product"}],"wp:featuredmedia":[{"embeddable":true,"href":"https:\/\/gustfuss.com\/de\/wp-json\/wp\/v2\/media\/1077"}],"wp:attachment":[{"href":"https:\/\/gustfuss.com\/de\/wp-json\/wp\/v2\/media?parent=1081"}],"wp:term":[{"taxonomy":"product_cat","embeddable":true,"href":"https:\/\/gustfuss.com\/de\/wp-json\/wp\/v2\/product_cat?post=1081"},{"taxonomy":"product_tag","embeddable":true,"href":"https:\/\/gustfuss.com\/de\/wp-json\/wp\/v2\/product_tag?post=1081"}],"curies":[{"name":"wp","href":"https:\/\/api.w.org\/{rel}","templated":true}]}}