{"id":1097,"date":"2019-03-14T20:06:50","date_gmt":"2019-03-14T19:08:04","guid":{"rendered":"https:\/\/gustfuss.com\/?post_type=product&#038;p=1097"},"modified":"2019-03-14T20:08:04","modified_gmt":"2019-03-14T19:08:04","slug":"dixie-cartoon-holzblaserquintett-musiknoten-pdf-download","status":"publish","type":"product","link":"https:\/\/gustfuss.com\/de\/produkt\/dixie-cartoon-holzblaserquintett-musiknoten-pdf-download\/","title":{"rendered":"Dixie Cartoon (Holzbl\u00e4serquintett) &#8211; Musiknoten PDF Download"},"content":{"rendered":"<p>Vom \u00d6sterreichischen Komponisten Augustin Lehfuss dem Holzbl\u00e4serquintett der Staatskapelle Berlin auf den Leib geschrieben und auf deren\u00a0 CD &#8220;Jazzy Woodwinds&#8221; erschienen,<\/p>\n<p>Ziemlich schnell, im Ragtime bzw. Dixieland Stil mit Anleihen an moderne Big Band Satztechniken. Ideal als Zugabenummer f\u00fcr Ihr Holzbl\u00e4serquintett Konzert.<\/p>\n<p>Hier kann ein kurzer Ausschnitt auf MIDI Basis vorgeh\u00f6rt werden.<\/p>\n<!--[if lt IE 9]><script>document.createElement('audio');<\/script><![endif]-->\n<audio class=\"wp-audio-shortcode\" id=\"audio-1097-1\" preload=\"none\" style=\"width: 100%;\" controls=\"controls\"><source type=\"audio\/mpeg\" src=\"https:\/\/gustfuss.com\/wp-content\/uploads\/2019\/03\/Dixie-Cartoon-for-WWQ-MIDI-Prelistening.mp3?_=1\" \/><a href=\"https:\/\/gustfuss.com\/wp-content\/uploads\/2019\/03\/Dixie-Cartoon-for-WWQ-MIDI-Prelistening.mp3\">https:\/\/gustfuss.com\/wp-content\/uploads\/2019\/03\/Dixie-Cartoon-for-WWQ-MIDI-Prelistening.mp3<\/a><\/audio>\n","protected":false},"excerpt":{"rendered":"<p>Heitere Dixieland Komposition im jazzigen Stil &#8211; erfordert mitel erfahrene Instrumentalisten.<\/p>\n<p>Dauer: 02:45 min bei 202 bpm<\/p>\n","protected":false},"featured_media":1417,"template":"","meta":{"_monsterinsights_skip_tracking":false,"_monsterinsights_sitenote_active":false,"_monsterinsights_sitenote_note":"","_monsterinsights_sitenote_category":0},"product_cat":[124],"product_tag":[328,327,145,140,326,329,143],"aioseo_notices":[],"acf":[],"_links":{"self":[{"href":"https:\/\/gustfuss.com\/de\/wp-json\/wp\/v2\/product\/1097"}],"collection":[{"href":"https:\/\/gustfuss.com\/de\/wp-json\/wp\/v2\/product"}],"about":[{"href":"https:\/\/gustfuss.com\/de\/wp-json\/wp\/v2\/types\/product"}],"wp:featuredmedia":[{"embeddable":true,"href":"https:\/\/gustfuss.com\/de\/wp-json\/wp\/v2\/media\/1417"}],"wp:attachment":[{"href":"https:\/\/gustfuss.com\/de\/wp-json\/wp\/v2\/media?parent=1097"}],"wp:term":[{"taxonomy":"product_cat","embeddable":true,"href":"https:\/\/gustfuss.com\/de\/wp-json\/wp\/v2\/product_cat?post=1097"},{"taxonomy":"product_tag","embeddable":true,"href":"https:\/\/gustfuss.com\/de\/wp-json\/wp\/v2\/product_tag?post=1097"}],"curies":[{"name":"wp","href":"https:\/\/api.w.org\/{rel}","templated":true}]}}