{"id":1136,"date":"2019-05-16T15:28:09","date_gmt":"2019-05-16T13:28:09","guid":{"rendered":"https:\/\/gustfuss.com\/product\/latin-jingle-blechblaserquintett\/"},"modified":"2020-11-15T19:56:19","modified_gmt":"2020-11-15T18:56:19","slug":"latin-jingle-blechblaserquintett","status":"publish","type":"product","link":"https:\/\/gustfuss.com\/de\/produkt\/latin-jingle-blechblaserquintett\/","title":{"rendered":"Latin Jingle (Blechbl\u00e4serquintett) &#8211; Musiknoten Download"},"content":{"rendered":"<p>Das ber\u00fchmte Weihnachtslied &#8220;Jingle Bells&#8221; in einer groovigen Latin Version, arrangiert vom \u00d6sterreichischen Arrangeur und Komponisten Augustin Lehfuss auf Bitten des &#8220;Rennquintett&#8221; &#8211; als Teil der aus 5 Versionen bestehenden &#8220;Jingle Bells Compilation&#8221; f\u00fcr Blechbl\u00e4serquintett, eignet sich das St\u00fcck auch bestens als Zugabenummer.\u00a0 Hier kann eine MIDI basierte Aufnahme vorgeh\u00f6rt werden.<\/p>\n<p><a href=\"https:\/\/youtu.be\/TnuzDR0Tq1I\" target=\"_blank\" rel=\"noopener noreferrer\">Vorh\u00f6rlink mit Partituransicht<\/a><\/p>\n","protected":false},"excerpt":{"rendered":"<p>Das ber\u00fchmte Weichnachtslied &#8220;Jingle Bells&#8221; in einer groovigen Latin Version &#8211;\u00a0 geeignet f\u00fcr mittel fortgeschrittene Spieler<\/p>\n<p>2 PDF Dateien zum Download (Einzelstimmen und Particell)<\/p>\n<p>Dauer 01:30 bei 148 bpm<\/p>\n","protected":false},"featured_media":1431,"template":"","meta":{"_monsterinsights_skip_tracking":false,"_monsterinsights_sitenote_active":false,"_monsterinsights_sitenote_note":"","_monsterinsights_sitenote_category":0},"product_cat":[122],"product_tag":[125,241,242,126],"aioseo_notices":[],"acf":[],"_links":{"self":[{"href":"https:\/\/gustfuss.com\/de\/wp-json\/wp\/v2\/product\/1136"}],"collection":[{"href":"https:\/\/gustfuss.com\/de\/wp-json\/wp\/v2\/product"}],"about":[{"href":"https:\/\/gustfuss.com\/de\/wp-json\/wp\/v2\/types\/product"}],"wp:featuredmedia":[{"embeddable":true,"href":"https:\/\/gustfuss.com\/de\/wp-json\/wp\/v2\/media\/1431"}],"wp:attachment":[{"href":"https:\/\/gustfuss.com\/de\/wp-json\/wp\/v2\/media?parent=1136"}],"wp:term":[{"taxonomy":"product_cat","embeddable":true,"href":"https:\/\/gustfuss.com\/de\/wp-json\/wp\/v2\/product_cat?post=1136"},{"taxonomy":"product_tag","embeddable":true,"href":"https:\/\/gustfuss.com\/de\/wp-json\/wp\/v2\/product_tag?post=1136"}],"curies":[{"name":"wp","href":"https:\/\/api.w.org\/{rel}","templated":true}]}}