{"id":1144,"date":"2019-05-17T16:21:24","date_gmt":"2019-05-17T14:21:24","guid":{"rendered":"https:\/\/gustfuss.com\/product\/jingle-waltz-brass-quintet-music-sheets-download\/"},"modified":"2020-11-15T20:00:36","modified_gmt":"2020-11-15T19:00:36","slug":"jingle-waltz-brass-quintet-music-sheets-download","status":"publish","type":"product","link":"https:\/\/gustfuss.com\/de\/produkt\/jingle-waltz-brass-quintet-music-sheets-download\/","title":{"rendered":"Jingle Waltz (Blechbl\u00e4serquintett) &#8211; Musiknoten Download"},"content":{"rendered":"<p>Das ber\u00fchmte Weihnachtslied \u201eJingle Bells\u201c in einer Version als franz\u00f6sischer Walzer, arrangiert vom \u00d6sterreichischen Arrangeur und Komponisten Augustin Lehfuss auf Bitten des \u201eRennquintett\u201c \u2013 als Teil der aus 5 Versionen bestehenden \u201eJingle Bells Compilation\u201c f\u00fcr Blechbl\u00e4serquintett, eignet sich das St\u00fcck auch bestens als Zugabenummer.<\/p>\n<p><a href=\"https:\/\/youtu.be\/HygD5bi-Wic\" target=\"_blank\" rel=\"noopener noreferrer\">Vorh\u00f6rlink mit Partituransicht<\/a><\/p>\n","protected":false},"excerpt":{"rendered":"<p>Das ber\u00fchmte Weichnachtslied \u201eJingle Bells\u201c in einer Version als franz\u00f6sischer Walzer \u2013\u00a0 geeignet f\u00fcr mittel fortgeschrittene Spieler<\/p>\n<p>2 PDF Dateien zum Download (Einzelstimmen und Particell)<\/p>\n<p>Dauer 01:30 bei 172 bpm<\/p>\n","protected":false},"featured_media":1435,"template":"","meta":{"_monsterinsights_skip_tracking":false,"_monsterinsights_sitenote_active":false,"_monsterinsights_sitenote_note":"","_monsterinsights_sitenote_category":0},"product_cat":[122],"product_tag":[],"aioseo_notices":[],"acf":[],"_links":{"self":[{"href":"https:\/\/gustfuss.com\/de\/wp-json\/wp\/v2\/product\/1144"}],"collection":[{"href":"https:\/\/gustfuss.com\/de\/wp-json\/wp\/v2\/product"}],"about":[{"href":"https:\/\/gustfuss.com\/de\/wp-json\/wp\/v2\/types\/product"}],"wp:featuredmedia":[{"embeddable":true,"href":"https:\/\/gustfuss.com\/de\/wp-json\/wp\/v2\/media\/1435"}],"wp:attachment":[{"href":"https:\/\/gustfuss.com\/de\/wp-json\/wp\/v2\/media?parent=1144"}],"wp:term":[{"taxonomy":"product_cat","embeddable":true,"href":"https:\/\/gustfuss.com\/de\/wp-json\/wp\/v2\/product_cat?post=1144"},{"taxonomy":"product_tag","embeddable":true,"href":"https:\/\/gustfuss.com\/de\/wp-json\/wp\/v2\/product_tag?post=1144"}],"curies":[{"name":"wp","href":"https:\/\/api.w.org\/{rel}","templated":true}]}}