{"id":1270,"date":"2020-01-15T18:10:53","date_gmt":"2020-01-15T17:10:53","guid":{"rendered":"https:\/\/gustfuss.com\/?post_type=product&#038;p=1270"},"modified":"2022-04-23T12:51:07","modified_gmt":"2022-04-23T10:51:07","slug":"boogie-woogie-stomp-as-played-by-albert-ammons-music-sheet-download","status":"publish","type":"product","link":"https:\/\/gustfuss.com\/de\/produkt\/boogie-woogie-stomp-as-played-by-albert-ammons-music-sheet-download\/","title":{"rendered":"Boogie Woogie Stomp (Albert Ammons Transkription) &#8211; Musiknoten Download"},"content":{"rendered":"<p>Albert Ammons&#8217; &#8220;Boogie Woogie Stomp&#8221; ist eines der am \u00f6ftesten aufgenommenen St\u00fccke in des Meisters Repertoire. Nun neu vom \u00f6sterreichischen Boogie Spezialisten Hannes Otahal transkribiert, verwendet diese Transkription den selten gespielten &#8220;Stride Piano&#8221; Schluss, der wohl die originalste Version des St\u00fcckes darstellt<\/p>\n<p><a href=\"https:\/\/youtu.be\/dGpetbceoXY\" target=\"_blank\" rel=\"noopener\">Vorh\u00f6ren auf Youtube &#8211; Gespielt von Hannes Otahal\u00a0<\/a><\/p>\n","protected":false},"excerpt":{"rendered":"<p>Albert Ammons&#8217; &#8220;Boogie Woogie Stomp&#8221;\u00a0 &#8211;\u00a0Musiknoten als PDF Download<br \/>\nOriginal Transkriptopn<\/p>\n<p>9 Seiten<br \/>\nBoogie Piano Solo<\/p>\n<p>f\u00fcr erfahrenere Pianisten geeignet<\/p>\n","protected":false},"featured_media":1475,"template":"","meta":{"_monsterinsights_skip_tracking":false,"_monsterinsights_sitenote_active":false,"_monsterinsights_sitenote_note":"","_monsterinsights_sitenote_category":0},"product_cat":[121],"product_tag":[159,151,153,189,154],"aioseo_notices":[],"acf":[],"_links":{"self":[{"href":"https:\/\/gustfuss.com\/de\/wp-json\/wp\/v2\/product\/1270"}],"collection":[{"href":"https:\/\/gustfuss.com\/de\/wp-json\/wp\/v2\/product"}],"about":[{"href":"https:\/\/gustfuss.com\/de\/wp-json\/wp\/v2\/types\/product"}],"wp:featuredmedia":[{"embeddable":true,"href":"https:\/\/gustfuss.com\/de\/wp-json\/wp\/v2\/media\/1475"}],"wp:attachment":[{"href":"https:\/\/gustfuss.com\/de\/wp-json\/wp\/v2\/media?parent=1270"}],"wp:term":[{"taxonomy":"product_cat","embeddable":true,"href":"https:\/\/gustfuss.com\/de\/wp-json\/wp\/v2\/product_cat?post=1270"},{"taxonomy":"product_tag","embeddable":true,"href":"https:\/\/gustfuss.com\/de\/wp-json\/wp\/v2\/product_tag?post=1270"}],"curies":[{"name":"wp","href":"https:\/\/api.w.org\/{rel}","templated":true}]}}