{"id":1287,"date":"2020-01-21T00:16:21","date_gmt":"2020-01-20T23:16:21","guid":{"rendered":"https:\/\/gustfuss.com\/?post_type=product&#038;p=1287"},"modified":"2022-01-01T11:55:57","modified_gmt":"2022-01-01T10:55:57","slug":"ragtime-it-is-konzertstueck-fuer-cello-und-klavier-musiknoten-download","status":"publish","type":"product","link":"https:\/\/gustfuss.com\/de\/produkt\/ragtime-it-is-konzertstueck-fuer-cello-und-klavier-musiknoten-download\/","title":{"rendered":"RAGTIME IT IS &#8211; Konzertst\u00fcck f\u00fcr Cello und Klavier &#8211; Musiknoten Download"},"content":{"rendered":"<p>RAGTIME IT IS ist eine &#8220;klassische&#8221; Komposition f\u00fcr Violoncello und Klavier. Wie schon der Titel ahnen l\u00e4sst, wird der klassische Rag Time Stil angedeutet, jedoch mit vielerlei klassichen Elementen und erkennbarer Jazzharmonik ausgearbeitet.<\/p>\n<p>In der Mitte des St\u00fcckes findet sich ein lyrischer Cantabile Teil mit einer klingenden Cello Melodie im Stil einer Jazz Ballade, welche nach einer virtousen Cello Kadenz wieder im Anfangstempo das urspr\u00fcngliche Ragtime Feeling wieder aufnimmt.<\/p>\n<p>Das St\u00fcck enstand auf Anregung der deutschen Cellistin Marlene Witt, der der Komponist das St\u00fcck auch gewidment hat.<\/p>\n<p>Das St\u00fcck tr\u00e4gt die typische Handschrift des \u00f6sterreichischen Komponisten Augustin Lehfuss, der als Arrangeur und Komponist sowohl f\u00fcr Jazz Bands als auch f\u00fcr klassische Ensembles gearbeitet hat und sich mit Vorliebe im Grenzbereich zwischen &#8220;Jazz&#8221; und &#8220;Klassik&#8221; bewegt&#8230;<\/p>\n<p>Das St\u00fcck ist eher schwierig und erfordert durchaus professionelle Qualit\u00e4ten der Ausf\u00fchrenden.<\/p>\n","protected":false},"excerpt":{"rendered":"<p>Konzertst\u00fcck f\u00fcr Violoncello und Klavier, komponiert vom \u00d6sterreichischen Komponisten und Arrangeur <a href=\"https:\/\/www.lehfuss.com\/\" target=\"_blank\" rel=\"noopener noreferrer\">Augustin Lehfuss<\/a><\/p>\n<p>Download als PDF Datei, Klavierpart, Cellopart und Partitur<\/p>\n<p>Partitur 17\u00a0 Seiten, Klavierpart 12 Seiten, Cellopart\u00a0 6 Seiten<br \/>\nDauer: 06:30 min<\/p>\n<p>F\u00fcr Professionelle Spieler<\/p>\n<p><a href=\"https:\/\/youtu.be\/X3V3sgLhsu0\" target=\"_blank\" rel=\"noopener noreferrer\">eine MIDI basierte Aufnahme des St\u00fcckes mit fortlaufendem Notenbild zum Mitlesen gibt es hier<\/a><\/p>\n","protected":false},"featured_media":1291,"template":"","meta":{"_monsterinsights_skip_tracking":false,"_monsterinsights_sitenote_active":false,"_monsterinsights_sitenote_note":"","_monsterinsights_sitenote_category":0},"product_cat":[337],"product_tag":[339,346,139,345,347,329,343,340],"aioseo_notices":[],"acf":[],"_links":{"self":[{"href":"https:\/\/gustfuss.com\/de\/wp-json\/wp\/v2\/product\/1287"}],"collection":[{"href":"https:\/\/gustfuss.com\/de\/wp-json\/wp\/v2\/product"}],"about":[{"href":"https:\/\/gustfuss.com\/de\/wp-json\/wp\/v2\/types\/product"}],"wp:featuredmedia":[{"embeddable":true,"href":"https:\/\/gustfuss.com\/de\/wp-json\/wp\/v2\/media\/1291"}],"wp:attachment":[{"href":"https:\/\/gustfuss.com\/de\/wp-json\/wp\/v2\/media?parent=1287"}],"wp:term":[{"taxonomy":"product_cat","embeddable":true,"href":"https:\/\/gustfuss.com\/de\/wp-json\/wp\/v2\/product_cat?post=1287"},{"taxonomy":"product_tag","embeddable":true,"href":"https:\/\/gustfuss.com\/de\/wp-json\/wp\/v2\/product_tag?post=1287"}],"curies":[{"name":"wp","href":"https:\/\/api.w.org\/{rel}","templated":true}]}}