{"id":1366,"date":"2020-04-29T21:11:06","date_gmt":"2020-04-29T19:11:06","guid":{"rendered":"https:\/\/gustfuss.com\/?post_type=product&#038;p=1366"},"modified":"2025-07-13T10:24:03","modified_gmt":"2025-07-13T08:24:03","slug":"swingle-bells-blechblaeserquintett-musiknoten-download","status":"publish","type":"product","link":"https:\/\/gustfuss.com\/de\/produkt\/swingle-bells-blechblaeserquintett-musiknoten-download\/","title":{"rendered":"Swingle Bells (Blechbl\u00e4serquintett) &#8211; Musiknoten Download"},"content":{"rendered":"<p>&#8220;Jingle Bells&#8221; wohl eines der ber\u00fchmtesten Weihnachtslieder, wurde vom \u00f6sterreichischen Arrangeur Augustin Lehfuss in einer swingenden Big Band artigen Version auf Anfrage des Deutschen Rennquintetts f\u00fcr Blechbl\u00e4serquintett arrangiert. Als Teil der &#8220;BQ Jingle Bells Compilation&#8221; passend als Zugabe f\u00fcr jedes Weihnachtskonzert.<\/p>\n<p><a href=\"https:\/\/youtu.be\/ZmwbcgIWraQ\" target=\"_blank\" rel=\"noopener noreferrer\">Vorh\u00f6rlink mit Partituransicht<\/a><\/p>\n","protected":false},"excerpt":{"rendered":"<p>Swingende Version von &#8220;Jingle Bells&#8221; f\u00fcr Blechbl\u00e4serquintett.<\/p>\n<p>2 PDF Dateien zum Download (Einzelstimmen und Particell)<\/p>\n<p>Spieldauer: 01:30 min bei 166 bpm<\/p>\n","protected":false},"featured_media":1374,"template":"","meta":{"_monsterinsights_skip_tracking":false,"_monsterinsights_sitenote_active":false,"_monsterinsights_sitenote_note":"","_monsterinsights_sitenote_category":0},"product_cat":[122],"product_tag":[125,139,241,197],"aioseo_notices":[],"acf":[],"_links":{"self":[{"href":"https:\/\/gustfuss.com\/de\/wp-json\/wp\/v2\/product\/1366"}],"collection":[{"href":"https:\/\/gustfuss.com\/de\/wp-json\/wp\/v2\/product"}],"about":[{"href":"https:\/\/gustfuss.com\/de\/wp-json\/wp\/v2\/types\/product"}],"wp:featuredmedia":[{"embeddable":true,"href":"https:\/\/gustfuss.com\/de\/wp-json\/wp\/v2\/media\/1374"}],"wp:attachment":[{"href":"https:\/\/gustfuss.com\/de\/wp-json\/wp\/v2\/media?parent=1366"}],"wp:term":[{"taxonomy":"product_cat","embeddable":true,"href":"https:\/\/gustfuss.com\/de\/wp-json\/wp\/v2\/product_cat?post=1366"},{"taxonomy":"product_tag","embeddable":true,"href":"https:\/\/gustfuss.com\/de\/wp-json\/wp\/v2\/product_tag?post=1366"}],"curies":[{"name":"wp","href":"https:\/\/api.w.org\/{rel}","templated":true}]}}