{"id":1620,"date":"2021-04-12T20:41:38","date_gmt":"2021-04-12T18:41:38","guid":{"rendered":"https:\/\/gustfuss.com\/?post_type=product&#038;p=1620"},"modified":"2022-01-01T11:53:32","modified_gmt":"2022-01-01T10:53:32","slug":"dalbergia-trio-wer-ist-franz-sedlacek-audio-cd","status":"publish","type":"product","link":"https:\/\/gustfuss.com\/de\/produkt\/dalbergia-trio-wer-ist-franz-sedlacek-audio-cd\/","title":{"rendered":"Dalbergia Trio &#8211; Wer ist Franz Sedlacek? (Audio CD)"},"content":{"rendered":"<p>Das Dalbergia Trio in der Besetzung Fl\u00f6te, Klarinette und Fagott steht in der Tradition der virtuosen Bl\u00e4serkammermusk der klassichen Epoche. Gegr\u00fcndet w\u00fcrde das Trio 2015 von Wolfgang Golds, Bernhard Pfaffelmaier und Robert Brunnlechner, die bereits eine langj\u00e4hrige Zusammenarbeit in vielen anderen Ensembles verbunden hatte, und absolviert seither regelm\u00e4\u00dfig gemeinsame Auftritte (u.a. Wiener Festwochen). Ein Markenzeichen des Dalbergia Trios ist der Einsatz zahlreicher Nebeninstrumnete wie Piccolo, Altfl\u00f6te, Kontrafagott und Saxopphon sowie Urauff\u00fchrungen zeitgen\u00f6ssischer Kompositionen, die vom Ensemble in Auftrag gegeben werden.\u00a0 Der Name des Ensembles leitet sich von der botanischen Gattung &#8220;Dalbergia&#8221; her, zu der Edelh\u00f6lzer wie Grenadil oder Palisander geh\u00f6ren, die f\u00fcr den Bau von Holzblasinstrumenten verwendung finden<\/p>\n<p>Alexander Kukelka (*1963)<br \/>\n1. <strong>\u201eIf You make a Noise, make it Quiet!\u201c (2020) <\/strong>3:55<\/p>\n<p>Werner Schulze (*1952)<br \/>\n<strong>Transplantazioni &#8211; 3 Duos f\u00fcr Trio (1978)<\/strong><\/p>\n<ol start=\"2\">\n<li>I. Flauto-fagottico: Certamen aequalum 3:01<\/li>\n<li>II. Saxo-flautico: Geringf\u00fcgig lyrisch 2:42<\/li>\n<li>III. Fagottico-saxico: Chanson petit 3:15<\/li>\n<\/ol>\n<p>Robert Jamieson Crow (*1956)<br \/>\n<strong>Fantasie Of Three Parts (2007\/2017)<\/strong><\/p>\n<ol start=\"5\">\n<li>I. Quasi senza misura 1:19<\/li>\n<li>II. Con moto 2:33<\/li>\n<li>III. Quasi senza misura 00:54<\/li>\n<li>IV. Finale 2:53<\/li>\n<\/ol>\n<p>Robert Brunnlechner (*1970)<br \/>\n<strong>Wer ist Franz Sedlacek? op.50 (2018<\/strong>f\u00fcr Altl\u00f6te\/Piccolo, Es-Klarinette und Kontrafagott<\/p>\n<ol start=\"9\">\n<li>I. Lied in der D\u00e4mmerung 3:13<br \/>\n10. II. Gespenster auf dem Baum 3:44<\/li>\n<li>III. N\u00e4chtliche Heimkehr 4:02<\/li>\n<\/ol>\n<p>Tzveta Dimitrova (*1968)<br \/>\n12<strong>.Sommerwege <\/strong>f\u00fcr Klarinette und Fagott (2020) 2:51<\/p>\n<p>Ferdinand Weiss (*1933)<br \/>\n<strong>Sechs kleine St\u00fcckchen<\/strong><\/p>\n<ol start=\"13\">\n<li>I. Besinnlicher Beginn 0:59<br \/>\n14. II. Einer nach dem Anderen schleicht daher 0:52<br \/>\n15. III. Hoch und tief 1:18<\/li>\n<li>IV. Traurig 1:09<\/li>\n<li>V. Rhythmus delectat 0:28<\/li>\n<li>VI. Wie ein Boogie 0:46<\/li>\n<\/ol>\n<p>Wolfgang Golds (*1968)<br \/>\n19. <strong>Meditation <\/strong>Solo f\u00fcr Altfl\u00f6te 2:56<\/p>\n<p>Wolfram Wagner (*1962)<br \/>\n<strong>Trio<\/strong> f\u00fcr Fl\u00f6te, Klarinette und Fagott (2019)<\/p>\n<ol start=\"20\">\n<li>I. Pr\u00e4ludium: Molto vivace 1:18<\/li>\n<li>II. Intermezzo 1: Moderato 1:03<\/li>\n<li>III. Kanon: Allegro 0:54<\/li>\n<li>IV. Rezitativ und Scherzo: Poco lento \u2013 vivace 2:09<\/li>\n<li>V. Arietta: Poco lento 3:03<\/li>\n<li>VI. Intermezzo 2: Presto 1:12<\/li>\n<li>VII. Introduktion und Finale: Lento \u2013 molto vivace 3:38<\/li>\n<\/ol>\n<p>&nbsp;<\/p>\n","protected":false},"excerpt":{"rendered":"<p>Dalbergie Trio &#8211; Wer ist Franz Sedlacek? (Audio CD)<\/p>\n<p>Wolfgang Golds: Fl\u00f6te, Piccolo, Altfl\u00f6te<br \/>\nBernhard Pfaffelmaier: Klarinette in B, Klarinette in Es, Altsaxophon, Sprechstimme<br \/>\nRobert Brunnlechner: Fagott, Kontrafagott<\/p>\n<p>26\u00a0 Titel<\/p>\n<p>Gesamtspieldauer: 56:38 min<\/p>\n<p><a href=\"https:\/\/soundcloud.com\/user-999253658\/wer-ist-franz-sedlacek-sampler\" target=\"_blank\" rel=\"noopener noreferrer\">auf soundcloud vorh\u00f6ren<\/a><\/p>\n","protected":false},"featured_media":1619,"template":"","meta":{"_monsterinsights_skip_tracking":false,"_monsterinsights_sitenote_active":false,"_monsterinsights_sitenote_note":"","_monsterinsights_sitenote_category":0},"product_cat":[366],"product_tag":[145,345,367],"aioseo_notices":[],"acf":[],"_links":{"self":[{"href":"https:\/\/gustfuss.com\/de\/wp-json\/wp\/v2\/product\/1620"}],"collection":[{"href":"https:\/\/gustfuss.com\/de\/wp-json\/wp\/v2\/product"}],"about":[{"href":"https:\/\/gustfuss.com\/de\/wp-json\/wp\/v2\/types\/product"}],"wp:featuredmedia":[{"embeddable":true,"href":"https:\/\/gustfuss.com\/de\/wp-json\/wp\/v2\/media\/1619"}],"wp:attachment":[{"href":"https:\/\/gustfuss.com\/de\/wp-json\/wp\/v2\/media?parent=1620"}],"wp:term":[{"taxonomy":"product_cat","embeddable":true,"href":"https:\/\/gustfuss.com\/de\/wp-json\/wp\/v2\/product_cat?post=1620"},{"taxonomy":"product_tag","embeddable":true,"href":"https:\/\/gustfuss.com\/de\/wp-json\/wp\/v2\/product_tag?post=1620"}],"curies":[{"name":"wp","href":"https:\/\/api.w.org\/{rel}","templated":true}]}}