{"id":1627,"date":"2021-04-22T21:29:16","date_gmt":"2021-04-22T19:29:16","guid":{"rendered":"https:\/\/gustfuss.com\/?post_type=product&#038;p=1627"},"modified":"2022-01-01T11:52:26","modified_gmt":"2022-01-01T10:52:26","slug":"willi-witzel-peter-und-der-wolf-audio-cd","status":"publish","type":"product","link":"https:\/\/gustfuss.com\/de\/produkt\/willi-witzel-peter-und-der-wolf-audio-cd\/","title":{"rendered":"Willi Weitzel &#8211; Peter und der Wolf (Audio CD)"},"content":{"rendered":"<p>Ein willihaftes, musikalisches Abenteuer! Die Willi-Version von Peter und der Wolf gemeinsam mit dem Ambassade Orchester Wien. Willi Weitzel ist nicht nur ein Star im deutschen Kinderfernsehen und allen bekannt aus \u201eWilli wills wissen\u201c, sondern auch der Erz\u00e4hler einer zeitgem\u00e4\u00dfen Neuinterpretation von Prokofjews \u201ePeter und der Wolf\u201c. Gemeinsam mit dem Ambassade Orchester Wien entwickelte Willi Weitzel seine ganz eigene Version der Geschichte&#8230;<\/p>\n","protected":false},"excerpt":{"rendered":"<p>Sergej Prokofjew &#8211; Peter und der Wolf &#8211; erz\u00e4hlt von Willi Weitzel<\/p>\n<p><a href=\"https:\/\/ambassade-orchester.com\/\" target=\"_blank\" rel=\"noopener\">Ambassade Orchester Wien<\/a><\/p>\n<p>Spieldauer 31:01 min<\/p>\n","protected":false},"featured_media":1628,"template":"","meta":{"_monsterinsights_skip_tracking":false,"_monsterinsights_sitenote_active":false,"_monsterinsights_sitenote_note":"","_monsterinsights_sitenote_category":0},"product_cat":[366,116],"product_tag":[367,370,369,372,371],"aioseo_notices":[],"acf":[],"_links":{"self":[{"href":"https:\/\/gustfuss.com\/de\/wp-json\/wp\/v2\/product\/1627"}],"collection":[{"href":"https:\/\/gustfuss.com\/de\/wp-json\/wp\/v2\/product"}],"about":[{"href":"https:\/\/gustfuss.com\/de\/wp-json\/wp\/v2\/types\/product"}],"wp:featuredmedia":[{"embeddable":true,"href":"https:\/\/gustfuss.com\/de\/wp-json\/wp\/v2\/media\/1628"}],"wp:attachment":[{"href":"https:\/\/gustfuss.com\/de\/wp-json\/wp\/v2\/media?parent=1627"}],"wp:term":[{"taxonomy":"product_cat","embeddable":true,"href":"https:\/\/gustfuss.com\/de\/wp-json\/wp\/v2\/product_cat?post=1627"},{"taxonomy":"product_tag","embeddable":true,"href":"https:\/\/gustfuss.com\/de\/wp-json\/wp\/v2\/product_tag?post=1627"}],"curies":[{"name":"wp","href":"https:\/\/api.w.org\/{rel}","templated":true}]}}