{"id":1688,"date":"2021-08-22T21:01:25","date_gmt":"2021-08-22T19:01:25","guid":{"rendered":"https:\/\/gustfuss.com\/?post_type=product&#038;p=1688"},"modified":"2021-09-16T10:23:52","modified_gmt":"2021-09-16T08:23:52","slug":"magic-mix-for-no-flutes-brass-quintet-music-sheets-download","status":"publish","type":"product","link":"https:\/\/gustfuss.com\/de\/produkt\/magic-mix-for-no-flutes-brass-quintet-music-sheets-download\/","title":{"rendered":"Zaubermix F\u00fcr Nichtfl\u00f6tisten (Blechbl\u00e4serquintett) \u2013 Musiknoten Download"},"content":{"rendered":"<p>Kurzes jazziges Medley f\u00fcr Blechbl\u00e4serquintet aus Motiven von Mozart&#8217;s &#8220;Zauberfl\u00f6te&#8221;, arrangiert vom \u00f6sterreichischen Komponisten und Arrangeur <a href=\"https:\/\/lehfuss.com\" target=\"_blank\" rel=\"noopener\">Augustin Lehfuss<\/a>. Unter dem Originalen Namen &#8220;Zaubermix f\u00fcr Nichtfl\u00f6tisten&#8221; wurde dieses St\u00fcck vom Deutschen &#8220;Rennquintett&#8221;, welches leider nicht mehr existiert, aufgenommen und aufgef\u00fchrt.<\/p>\n<p><a href=\"https:\/\/www.youtube.com\/watch?v=9pGUsPfsLc8\" target=\"_blank\" rel=\"noopener\">Link zum Vorh\u00f6ren<\/a><\/p>\n","protected":false},"excerpt":{"rendered":"<p>Kurzes Jazziges Medley f\u00fcr Blechbl\u00e4serquintett aus Motiven von Mozart&#8217;s zauberfl\u00f6te.<\/p>\n<p>Erfordert professionelle Instrumentalisten &#8211; der Part der ersten Trompete erfordert auch die Pikkollo Trompete.<\/p>\n<p>2 PDF Dateien zum herunterladen (Einzelstimmen und Particell)<br \/>\nDauer: 02:50 min<\/p>\n","protected":false},"featured_media":1690,"template":"","meta":{"_monsterinsights_skip_tracking":false,"_monsterinsights_sitenote_active":false,"_monsterinsights_sitenote_note":"","_monsterinsights_sitenote_category":0},"product_cat":[122],"product_tag":[125,171],"aioseo_notices":[],"acf":[],"_links":{"self":[{"href":"https:\/\/gustfuss.com\/de\/wp-json\/wp\/v2\/product\/1688"}],"collection":[{"href":"https:\/\/gustfuss.com\/de\/wp-json\/wp\/v2\/product"}],"about":[{"href":"https:\/\/gustfuss.com\/de\/wp-json\/wp\/v2\/types\/product"}],"wp:featuredmedia":[{"embeddable":true,"href":"https:\/\/gustfuss.com\/de\/wp-json\/wp\/v2\/media\/1690"}],"wp:attachment":[{"href":"https:\/\/gustfuss.com\/de\/wp-json\/wp\/v2\/media?parent=1688"}],"wp:term":[{"taxonomy":"product_cat","embeddable":true,"href":"https:\/\/gustfuss.com\/de\/wp-json\/wp\/v2\/product_cat?post=1688"},{"taxonomy":"product_tag","embeddable":true,"href":"https:\/\/gustfuss.com\/de\/wp-json\/wp\/v2\/product_tag?post=1688"}],"curies":[{"name":"wp","href":"https:\/\/api.w.org\/{rel}","templated":true}]}}