{"id":1894,"date":"2021-12-15T18:53:39","date_gmt":"2021-12-15T17:55:11","guid":{"rendered":"https:\/\/gustfuss.com\/?post_type=product&#038;p=1894"},"modified":"2021-12-15T20:18:43","modified_gmt":"2021-12-15T19:18:43","slug":"even-nine-konzertstuck-fur-nonett-musiknoten-download","status":"publish","type":"product","link":"https:\/\/gustfuss.com\/de\/produkt\/even-nine-konzertstuck-fur-nonett-musiknoten-download\/","title":{"rendered":"Even Nine &#8211; Konzertst\u00fcck f\u00fcr Nonett (Musiknoten Download)"},"content":{"rendered":"<p>Even Nine op.124 des \u00d6sterreichischen Komponistenr <a href=\"https:\/\/lehfuss.com\/en\/home-en\/\" target=\"_blank\" rel=\"noopener\">Augustin Lehfuss<\/a> wurde als Auftragskomposition der Musikhochschule Rostock geschaffen und wurde im Dezember 2021 uraufgef\u00fchrt.<\/p>\n<p>Es ist stark von den Erfahrungen des Komponisten als Jazzmusiker beeinflusst, ist tonal und sowohl groovig als auch melodisch. Das vorgegebene Metrum sollte strickt beibehalten werden. Das St\u00fcck wechselt zwischen geraden und ungeraden Taktarten und beinhaltet auch eine &#8220;Solo Kadenz&#8221; f\u00fcr jweils Cello und Klarinette<\/p>\n<p>Erfordert erfahrene Instrumentalisten und sollte dirigiert werden.<\/p>\n","protected":false},"excerpt":{"rendered":"<p>Even Nine &#8211; Konzertst\u00fcck f\u00fcr klassisches Nonett<\/p>\n<p>Fl\u00f6te<br \/>\nOboe<br \/>\nKlarinette in Bb<br \/>\nHorn in F<br \/>\nFagott<br \/>\nVioline<br \/>\nBratsche<br \/>\nVioloncello<br \/>\nKontrabass<\/p>\n<p>21 Seiten Partitur<br \/>\nDauer: 07:30 min bei 162 bpm<\/p>\n<p>Partitur und Einzelstimmen in jeweils getrennten PDF Dateien zum Download<\/p>\n<p><a href=\"https:\/\/youtu.be\/ypzGZ1dzv18\" target=\"_blank\" rel=\"noopener\">Link zum Vorh\u00f6ren mit Partituransicht<\/a><\/p>\n","protected":false},"featured_media":1887,"template":"","meta":{"_monsterinsights_skip_tracking":false,"_monsterinsights_sitenote_active":false,"_monsterinsights_sitenote_note":"","_monsterinsights_sitenote_category":0},"product_cat":[384],"product_tag":[],"aioseo_notices":[],"acf":[],"_links":{"self":[{"href":"https:\/\/gustfuss.com\/de\/wp-json\/wp\/v2\/product\/1894"}],"collection":[{"href":"https:\/\/gustfuss.com\/de\/wp-json\/wp\/v2\/product"}],"about":[{"href":"https:\/\/gustfuss.com\/de\/wp-json\/wp\/v2\/types\/product"}],"wp:featuredmedia":[{"embeddable":true,"href":"https:\/\/gustfuss.com\/de\/wp-json\/wp\/v2\/media\/1887"}],"wp:attachment":[{"href":"https:\/\/gustfuss.com\/de\/wp-json\/wp\/v2\/media?parent=1894"}],"wp:term":[{"taxonomy":"product_cat","embeddable":true,"href":"https:\/\/gustfuss.com\/de\/wp-json\/wp\/v2\/product_cat?post=1894"},{"taxonomy":"product_tag","embeddable":true,"href":"https:\/\/gustfuss.com\/de\/wp-json\/wp\/v2\/product_tag?post=1894"}],"curies":[{"name":"wp","href":"https:\/\/api.w.org\/{rel}","templated":true}]}}