{"id":328,"date":"2018-01-13T17:49:33","date_gmt":"2018-01-13T16:49:33","guid":{"rendered":"https:\/\/gustfuss.com\/product\/kaffeetasse-gustfuss-finanzinfarkt\/"},"modified":"2018-06-27T23:54:36","modified_gmt":"2018-06-27T21:54:36","slug":"kaffeetasse-gustfuss-finanzinfarkt","status":"publish","type":"product","link":"https:\/\/gustfuss.com\/de\/produkt\/kaffeetasse-gustfuss-finanzinfarkt\/","title":{"rendered":"Kaffeetasse Gustfuss &#8220;Finanzinfarkt&#8221;"},"content":{"rendered":"<p>Vor einiger Zeit erschien eine Gustfuss Single, n\u00e4mlich &#8220;Finanzinfarkt&#8221;, mit einem groovigen Lied \u00fcber die immerw\u00e4hrende Leere in der meisten Menschen Geldb\u00f6rsen. Die Single ist l\u00e4ngst vergriffen (das Lied aber erschien wieder auf der neuesten EP <a href=\"https:\/\/gustfuss.com\/product\/gustfuss-band-oide-gschichten-audio-cd\/\">&#8220;Oide Gschichten&#8221;<\/a>) &#8211; das Single Cover hat aber auf dieser Kaffetasse \u00fcberlebt..<\/p>\n<p><a href=\"https:\/\/www.youtube.com\/watch?v=CaOb86KuAkc\" target=\"_blank\" rel=\"noopener\">Video dazu<\/a><\/p>\n","protected":false},"excerpt":{"rendered":"<p>Kaffeeheferl mit dem Cover der vergriffenen &#8220;Finanzinfarkt&#8221; Single<\/p>\n<p>Content: 200 ml<\/p>\n","protected":false},"featured_media":223,"template":"","meta":{"_monsterinsights_skip_tracking":false,"_monsterinsights_sitenote_active":false,"_monsterinsights_sitenote_note":"","_monsterinsights_sitenote_category":0},"product_cat":[287],"product_tag":[210,207,208,205,206,209],"aioseo_notices":[],"acf":[],"_links":{"self":[{"href":"https:\/\/gustfuss.com\/de\/wp-json\/wp\/v2\/product\/328"}],"collection":[{"href":"https:\/\/gustfuss.com\/de\/wp-json\/wp\/v2\/product"}],"about":[{"href":"https:\/\/gustfuss.com\/de\/wp-json\/wp\/v2\/types\/product"}],"wp:featuredmedia":[{"embeddable":true,"href":"https:\/\/gustfuss.com\/de\/wp-json\/wp\/v2\/media\/223"}],"wp:attachment":[{"href":"https:\/\/gustfuss.com\/de\/wp-json\/wp\/v2\/media?parent=328"}],"wp:term":[{"taxonomy":"product_cat","embeddable":true,"href":"https:\/\/gustfuss.com\/de\/wp-json\/wp\/v2\/product_cat?post=328"},{"taxonomy":"product_tag","embeddable":true,"href":"https:\/\/gustfuss.com\/de\/wp-json\/wp\/v2\/product_tag?post=328"}],"curies":[{"name":"wp","href":"https:\/\/api.w.org\/{rel}","templated":true}]}}