{"id":726,"date":"2018-02-22T14:25:54","date_gmt":"2018-02-22T13:25:54","guid":{"rendered":"https:\/\/gustfuss.com\/product\/726\/"},"modified":"2020-11-19T20:06:04","modified_gmt":"2020-11-19T19:06:04","slug":"726","status":"publish","type":"product","link":"https:\/\/gustfuss.com\/de\/produkt\/726\/","title":{"rendered":"China Jingle (Blechbl\u00e4serquintett) &#8211; Musiknoten Download"},"content":{"rendered":"<p>Das Weltber\u00fchmte Weihnachtslied &#8220;Jingle Bells&#8221; wurd vom \u00d6sterreichischen Arrangeur Augustin Lehfuss auf Anfrage des deutschen Rennquintett in typisch alpinem Oberkrainer Stil bearbeitet &#8211; als Teil der &#8220;BQ Jingle Bells Compilation&#8221; passend z.B als Zugabenummer f\u00fcr jedes Weihnachtskonzert. Eine kurze Vorschau findet man hier unten<\/p>\n<p><a href=\"https:\/\/www.youtube.com\/watch?v=WJ7gEkSuuUI&amp;t=5s\" target=\"_blank\" rel=\"noopener noreferrer\">Vorh\u00f6rlink mit Partituransicht<\/a><\/p>\n","protected":false},"excerpt":{"rendered":"<p>Das ber\u00fchmte Weihnachtslied &#8220;jingle Bells&#8221; in einer humoristischen Version f\u00fcr Blechbl\u00e4serquintett im chinesischen Stil &#8211; F\u00fcr mittel fortgeschrittene Spieler<\/p>\n<p>2 PDF Dateien zum Download (Einzelstimmen und Particell)<\/p>\n<p>Dauer: 01:30 min bei 134 bpm<\/p>\n","protected":false},"featured_media":455,"template":"","meta":{"_monsterinsights_skip_tracking":false,"_monsterinsights_sitenote_active":false,"_monsterinsights_sitenote_note":"","_monsterinsights_sitenote_category":0},"product_cat":[122],"product_tag":[125,126],"aioseo_notices":[],"acf":[],"_links":{"self":[{"href":"https:\/\/gustfuss.com\/de\/wp-json\/wp\/v2\/product\/726"}],"collection":[{"href":"https:\/\/gustfuss.com\/de\/wp-json\/wp\/v2\/product"}],"about":[{"href":"https:\/\/gustfuss.com\/de\/wp-json\/wp\/v2\/types\/product"}],"wp:featuredmedia":[{"embeddable":true,"href":"https:\/\/gustfuss.com\/de\/wp-json\/wp\/v2\/media\/455"}],"wp:attachment":[{"href":"https:\/\/gustfuss.com\/de\/wp-json\/wp\/v2\/media?parent=726"}],"wp:term":[{"taxonomy":"product_cat","embeddable":true,"href":"https:\/\/gustfuss.com\/de\/wp-json\/wp\/v2\/product_cat?post=726"},{"taxonomy":"product_tag","embeddable":true,"href":"https:\/\/gustfuss.com\/de\/wp-json\/wp\/v2\/product_tag?post=726"}],"curies":[{"name":"wp","href":"https:\/\/api.w.org\/{rel}","templated":true}]}}