{"id":728,"date":"2018-03-07T19:46:59","date_gmt":"2018-03-07T18:46:59","guid":{"rendered":"https:\/\/gustfuss.com\/product\/in-between-holzblaserquintett-musiknoten-pdf-download\/"},"modified":"2018-03-28T12:23:56","modified_gmt":"2018-03-28T10:23:56","slug":"in-between-holzblaserquintett-musiknoten-pdf-download","status":"publish","type":"product","link":"https:\/\/gustfuss.com\/de\/produkt\/in-between-holzblaserquintett-musiknoten-pdf-download\/","title":{"rendered":"In Between (Holzbl\u00e4serquintett) &#8211; Musiknoten PDF Download"},"content":{"rendered":"<p>Diese jazzige Ballade f\u00fcr Holzbl\u00e4serquintett wurde vom \u00d6sterreichischen Komponisten Augustin Lehfuss f\u00fcr das Bl\u00e4serquintett der Staatskapelle Berlin komponiert und nach den hier angebotenen Noten auf deren CD &#8220;Jazzy Woodwinds&#8221; aufgenommen (erschienen bei Castigo Records und auch hier im Shop erh\u00e4ltlich)<\/p>\n<p>Nachdem der Komponist vor allem als Jazz Arrangeur t\u00e4tig ist, ist diese Komposition von Rgythmik und Harmonik des Jazz beeinflu\u00dft, doch es finden sich durchaus vor allem in der formalen Gestaltung klassiche Einfl\u00fcsse.<\/p>\n<p><a href=\"https:\/\/www.youtube.com\/watch?v=dHhdnBJLh9s\" target=\"_blank\" rel=\"noopener\">sound example<\/a><\/p>\n","protected":false},"excerpt":{"rendered":"<p>Jazz Ballade f\u00fcr Holzbl\u00e4serquintett wie vom Bl\u00e4serquintett der Staatskapelle aufgenommen.\u00a0Der Part der Oboe ist durchgehend f\u00fcr Englisch Horn gesetzt, die Klarinettenstimme erfordert zus\u00e4tzlich auch eine Ba\u00dfklarinette.<\/p>\n<p>F\u00fcr erfahrenere Spieler geeignet<br \/>\nDauer: 04:30 bis 05:00 min<\/p>\n<p>2 PDF Dateien zum Download, kompletter Stimmensatz und Partitur<\/p>\n","protected":false},"featured_media":538,"template":"","meta":{"_monsterinsights_skip_tracking":false,"_monsterinsights_sitenote_active":false,"_monsterinsights_sitenote_note":"","_monsterinsights_sitenote_category":0},"product_cat":[124],"product_tag":[141,144,142,140,139,143],"aioseo_notices":[],"acf":[],"_links":{"self":[{"href":"https:\/\/gustfuss.com\/de\/wp-json\/wp\/v2\/product\/728"}],"collection":[{"href":"https:\/\/gustfuss.com\/de\/wp-json\/wp\/v2\/product"}],"about":[{"href":"https:\/\/gustfuss.com\/de\/wp-json\/wp\/v2\/types\/product"}],"wp:featuredmedia":[{"embeddable":true,"href":"https:\/\/gustfuss.com\/de\/wp-json\/wp\/v2\/media\/538"}],"wp:attachment":[{"href":"https:\/\/gustfuss.com\/de\/wp-json\/wp\/v2\/media?parent=728"}],"wp:term":[{"taxonomy":"product_cat","embeddable":true,"href":"https:\/\/gustfuss.com\/de\/wp-json\/wp\/v2\/product_cat?post=728"},{"taxonomy":"product_tag","embeddable":true,"href":"https:\/\/gustfuss.com\/de\/wp-json\/wp\/v2\/product_tag?post=728"}],"curies":[{"name":"wp","href":"https:\/\/api.w.org\/{rel}","templated":true}]}}