{"id":729,"date":"2018-03-07T15:22:13","date_gmt":"2018-03-07T14:22:13","guid":{"rendered":"https:\/\/gustfuss.com\/product\/blaserquintett-der-staatskapelle-berlin-jazzy-woodwinds-53-audio-cd\/"},"modified":"2018-04-13T13:51:08","modified_gmt":"2018-04-13T11:51:08","slug":"blaserquintett-der-staatskapelle-berlin-jazzy-woodwinds-53-audio-cd","status":"publish","type":"product","link":"https:\/\/gustfuss.com\/de\/produkt\/blaserquintett-der-staatskapelle-berlin-jazzy-woodwinds-53-audio-cd\/","title":{"rendered":"Bl\u00e4serquintett der Staatskapelle Berlin &#8211; Jazzy Woodwinds 5+3 (Audio CD)"},"content":{"rendered":"<p>Im Jahr 2011 untermahm das Bl\u00e4serquintett der Staatskapelle Berln unter der Leitung von Gregor Witt\u00a0 einen musikalischen Ausflug in die Welt des Jazz und Ragtime. Gemeinsam mit 3 Musikern aus der Berliner Jazzszene wurden St\u00fccke von George Gershwin, Paquito d&#8217;Rivera und Scott Joplin, aber auch St\u00fccke zeitgen\u00f6ssischer europ\u00e4ischer Komponisten wie Frank Raschke, Benjamin K\u00f6the und des \u00d6sterreichischen Komponisten Augustin Lehfuss aufgenommen. Ein herausragendes Beispiel f\u00fcr die Vielseitigkeit dieses Ensembles-<\/p>\n<p><a href=\"https:\/\/www.staatskapelle-berlin.de\/de\/orchester\/kammerensembles\/blaeserquintett-der-staatskapelle-berlin\/\" target=\"_blank\" rel=\"noopener\">Homepage des Ensembles<\/a><br \/>\n<a href=\"https:\/\/www.youtube.com\/watch?v=dHhdnBJLh9s\" target=\"_blank\" rel=\"noopener\">H\u00f6rbeispiel<\/a><\/p>\n<p>Thomas Beyer &#8211; Fl\u00f6te und Altfl\u00f6te<br \/>\nGregor Witt &#8211; Oboe und Englisch Horn<br \/>\nHeiner Schindler &#8211; Klarinette und Ba\u00dfklarinette<br \/>\nAxel Gr\u00fcner &#8211; Horn<br \/>\nMathias Baier &#8211; Fagott<\/p>\n<p>und Freunde:<br \/>\nBenjamin K\u00f6the &#8211; Klavier<br \/>\nFrithjof Martin Grabner &#8211; Kontrabass<br \/>\nDietrich W\u00f6hrlin\u00a0&#8211; Schlagzeug\/Perkussion<\/p>\n<div>Aufnahmen: Katharinensaal Rostock<\/div>\n<p>Titelliste:<\/p>\n<p>George Gershwin<br \/>\n01 &#8211; I Got Rhythm<br \/>\n02 &#8211; Prelude I<br \/>\n03 &#8211; Prelude II<br \/>\n04 &#8211; Prelude III<br \/>\nScott Joplin<br \/>\n05 &#8211; The Ragtime Dance<br \/>\n06 &#8211; Fig Leaf Rag<br \/>\n07 &#8211; Cleopha Rag<br \/>\nZequinha de Abreu<br \/>\n08 &#8211; Tico-Tico<br \/>\nPaquito d\u2019Rivera<br \/>\n09 &#8211; Alborada<br \/>\n10 &#8211; Son<br \/>\n11 &#8211; Habanera<br \/>\n12 &#8211; Valse Venezolano<br \/>\n13 &#8211; Dizzyness<br \/>\n14 &#8211; Contradanza<br \/>\n15 &#8211; Afro<br \/>\nBenjamin K\u00f6the<br \/>\n16 &#8211; Blues At Orchard Street<br \/>\nAugustin Lehfu\u00df<br \/>\n17 &#8211; Dixie Cartoon<br \/>\n18 &#8211; Gregories Waltz<br \/>\n19 &#8211; In Between<br \/>\n20 &#8211; Bebop Study<br \/>\nFrank Raschke<br \/>\n21 &#8211; Three Sec. Blues Part 1<\/p>\n","protected":false},"excerpt":{"rendered":"<p>Gemeinsam mit einer Jazzrhythmusgruppe unternahm das Bl\u00e4serquintett der Staatskapelle Berlin einen Auflug in die Welt des Jazz und Ragtime<\/p>\n<p>Label: Castigo Records<br \/>\nSpieldauer: 72:39 min<\/p>\n","protected":false},"featured_media":528,"template":"","meta":{"_monsterinsights_skip_tracking":false,"_monsterinsights_sitenote_active":false,"_monsterinsights_sitenote_note":"","_monsterinsights_sitenote_category":0},"product_cat":[302],"product_tag":[150,145,140,139,146,147,148],"aioseo_notices":[],"acf":[],"_links":{"self":[{"href":"https:\/\/gustfuss.com\/de\/wp-json\/wp\/v2\/product\/729"}],"collection":[{"href":"https:\/\/gustfuss.com\/de\/wp-json\/wp\/v2\/product"}],"about":[{"href":"https:\/\/gustfuss.com\/de\/wp-json\/wp\/v2\/types\/product"}],"wp:featuredmedia":[{"embeddable":true,"href":"https:\/\/gustfuss.com\/de\/wp-json\/wp\/v2\/media\/528"}],"wp:attachment":[{"href":"https:\/\/gustfuss.com\/de\/wp-json\/wp\/v2\/media?parent=729"}],"wp:term":[{"taxonomy":"product_cat","embeddable":true,"href":"https:\/\/gustfuss.com\/de\/wp-json\/wp\/v2\/product_cat?post=729"},{"taxonomy":"product_tag","embeddable":true,"href":"https:\/\/gustfuss.com\/de\/wp-json\/wp\/v2\/product_tag?post=729"}],"curies":[{"name":"wp","href":"https:\/\/api.w.org\/{rel}","templated":true}]}}