{"id":731,"date":"2018-03-06T12:16:12","date_gmt":"2018-03-06T11:16:12","guid":{"rendered":"https:\/\/gustfuss.com\/product\/gustfuss-band-cd-package-2-audio-cd\/"},"modified":"2018-04-23T14:11:52","modified_gmt":"2018-04-23T12:11:52","slug":"gustfuss-band-cd-package-2-audio-cd","status":"publish","type":"product","link":"https:\/\/gustfuss.com\/de\/produkt\/gustfuss-band-cd-package-2-audio-cd\/","title":{"rendered":"Gustfuss &#038; Band &#8211; CD Doppelpack (2 Audio CD)"},"content":{"rendered":"<p>GUSTFUSS, Dialektpoet und Liedermacher aus Wien, singt und schreibt ausschlie\u00dflich in seiner Muttersprache, dem Wienerischen. Wiewohl seine Lieder wohl unter dem Oberbegriff &#8220;Austropop&#8221; kategorisiert werden k\u00f6nnen, geht er doch musikalisch und textlich eigene Wege abseits der ausgetretenen Pfade des Genres. Musikalisch vielf\u00e4ltig, mit Einfl\u00fcssen aus Jazz, Soul, Pop und sogar ein wenig Klassik, erz\u00e4hlen seine Lieder von Erlebtem und Gedachtem,\u00a0 singen Hymnen auf \u00d6rtlichkeiten seiner Heimatstadt, sparen aber auch die dunklen Seiten des Lebens und der Stadt Wien nicht aus &#8211; das alles in seinem eigenen unverwechselbaren Stil &#8211; Infos \u00fcber Termine und auch einen Blog gibts auf seiner\u00a0<a href=\"http:\/\/www.gustfuss.at\/\" target=\"_blank\" rel=\"noopener\">K\u00fcnstler Homepage<\/a><\/p>\n<p><a href=\"https:\/\/gustfuss.com\/product\/gustfuss-band-wia-des-weidageht-audio-cd\/\" target=\"_blank\" rel=\"noopener\">Wia des weidageht<\/a> &#8211; Titelliste<\/p>\n<p>1. Nehmt&#8217;s mei Herz<br \/>\n2. Praterstern<br \/>\n3. Adieu<br \/>\n4. Kumm&#8217; mit nach Simmering<br \/>\n5. Da bei mir<br \/>\n6. Rettungslos verknallt<br \/>\n7. Wia des weidageht<\/p>\n<p><a href=\"https:\/\/gustfuss.com\/product\/gustfuss-band-oide-gschichten-audio-cd\/\">Ode G&#8217;schichten<\/a> &#8211; Titelliste<\/p>\n<p>1. Heut is leiwand<br \/>\n2. Wer schreibt a Liad<br \/>\n3. Egon Egon<br \/>\n4. Donausinsulaner<br \/>\n5. Da Zwara<br \/>\n6. Finanzinfarkt<\/p>\n<p>&nbsp;<\/p>\n","protected":false},"excerpt":{"rendered":"<p>Beide CD`s\u00a0 des Wiener Liedermachers und Dialektpoeten GUSTUSS im Package &#8211; gemeinsam g\u00fcnstiger!!!<\/p>\n<p><a href=\"https:\/\/www.youtube.com\/watch?v=U0o5_ueUHy4\" target=\"_blank\" rel=\"noopener\">Heut is leiwand<\/a><br \/>\n<a href=\"https:\/\/www.youtube.com\/watch?v=U0o5_ueUHy4\" target=\"_blank\" rel=\"noopener\">Nehmt`s mei Herz<\/a><\/p>\n<p>&nbsp;<\/p>\n","protected":false},"featured_media":523,"template":"","meta":{"_monsterinsights_skip_tracking":false,"_monsterinsights_sitenote_active":false,"_monsterinsights_sitenote_note":"","_monsterinsights_sitenote_category":0},"product_cat":[304],"product_tag":[135,128,130,131,132,133,136,137,134,129],"aioseo_notices":[],"acf":[],"_links":{"self":[{"href":"https:\/\/gustfuss.com\/de\/wp-json\/wp\/v2\/product\/731"}],"collection":[{"href":"https:\/\/gustfuss.com\/de\/wp-json\/wp\/v2\/product"}],"about":[{"href":"https:\/\/gustfuss.com\/de\/wp-json\/wp\/v2\/types\/product"}],"wp:featuredmedia":[{"embeddable":true,"href":"https:\/\/gustfuss.com\/de\/wp-json\/wp\/v2\/media\/523"}],"wp:attachment":[{"href":"https:\/\/gustfuss.com\/de\/wp-json\/wp\/v2\/media?parent=731"}],"wp:term":[{"taxonomy":"product_cat","embeddable":true,"href":"https:\/\/gustfuss.com\/de\/wp-json\/wp\/v2\/product_cat?post=731"},{"taxonomy":"product_tag","embeddable":true,"href":"https:\/\/gustfuss.com\/de\/wp-json\/wp\/v2\/product_tag?post=731"}],"curies":[{"name":"wp","href":"https:\/\/api.w.org\/{rel}","templated":true}]}}