{"id":732,"date":"2018-03-05T22:40:22","date_gmt":"2018-03-05T21:40:22","guid":{"rendered":"https:\/\/gustfuss.com\/product\/gustfuss-band-wia-des-weidageht-audio-cd\/"},"modified":"2018-04-23T14:08:36","modified_gmt":"2018-04-23T12:08:36","slug":"gustfuss-band-wia-des-weidageht-audio-cd","status":"publish","type":"product","link":"https:\/\/gustfuss.com\/de\/produkt\/gustfuss-band-wia-des-weidageht-audio-cd\/","title":{"rendered":"Gustfuss &#038; Band &#8211; Wia des weidageht (Audio CD)"},"content":{"rendered":"<p>GUSTFUSS, Dialektpoet und Liedermacher aus Wien, singt und schreibt ausschlie\u00dflich in seiner Muttersprache, dem Wienerischen. Wiewohl seine Lieder wohl unter dem Oberbegriff &#8220;Austropop&#8221; kategorisiert werden k\u00f6nnen, geht er doch musikalisch und textlich eigene Wege abseits der ausgetretenen Pfade des Genres. Musikalisch vielf\u00e4ltig, mit Einfl\u00fcssen aus Jazz, Soul, Pop und sogar ein wenig Klassik, erz\u00e4hlen seine Lieder von Erlebtem und Gedachtem, sparen auch nicht mit kritischen Inhalten und reflektieren eben dr\u00fcber &#8220;wia des weidageht&#8221;<\/p>\n<p><a href=\"http:\/\/www.gustfuss.at\/\" target=\"_blank\" rel=\"noopener\">K\u00fcnstler Homepage<\/a><\/p>\n<p>Tracks:<\/p>\n<p>1. Nehmt&#8217;s mei Herz<br \/>\n2. Praterstern<br \/>\n3. Adieu<br \/>\n4. Kumm&#8217; mit nach Simmering<br \/>\n5. Da bei mir<br \/>\n6. Rettungslos verknallt<br \/>\n7. Wia des weidageht<\/p>\n<p>&nbsp;<\/p>\n","protected":false},"excerpt":{"rendered":"<p>Die Debut CD des Wiener Liedermachers und Dialektpoeten GUSTUSS<\/p>\n<p><a href=\"https:\/\/www.youtube.com\/watch?v=Fk6sXn2Ei_4\" target=\"_blank\" rel=\"noopener\">Praterstern<\/a><\/p>\n","protected":false},"featured_media":513,"template":"","meta":{"_monsterinsights_skip_tracking":false,"_monsterinsights_sitenote_active":false,"_monsterinsights_sitenote_note":"","_monsterinsights_sitenote_category":0},"product_cat":[304],"product_tag":[135,128,130,131,132,133,136,137,134,129],"aioseo_notices":[],"acf":[],"_links":{"self":[{"href":"https:\/\/gustfuss.com\/de\/wp-json\/wp\/v2\/product\/732"}],"collection":[{"href":"https:\/\/gustfuss.com\/de\/wp-json\/wp\/v2\/product"}],"about":[{"href":"https:\/\/gustfuss.com\/de\/wp-json\/wp\/v2\/types\/product"}],"wp:featuredmedia":[{"embeddable":true,"href":"https:\/\/gustfuss.com\/de\/wp-json\/wp\/v2\/media\/513"}],"wp:attachment":[{"href":"https:\/\/gustfuss.com\/de\/wp-json\/wp\/v2\/media?parent=732"}],"wp:term":[{"taxonomy":"product_cat","embeddable":true,"href":"https:\/\/gustfuss.com\/de\/wp-json\/wp\/v2\/product_cat?post=732"},{"taxonomy":"product_tag","embeddable":true,"href":"https:\/\/gustfuss.com\/de\/wp-json\/wp\/v2\/product_tag?post=732"}],"curies":[{"name":"wp","href":"https:\/\/api.w.org\/{rel}","templated":true}]}}