{"id":734,"date":"2018-02-27T21:34:10","date_gmt":"2018-02-27T20:34:10","guid":{"rendered":"https:\/\/gustfuss.com\/product\/gustfuss-band-oide-gschichten-audio-cd\/"},"modified":"2018-02-27T21:34:10","modified_gmt":"2018-02-27T20:34:10","slug":"gustfuss-band-oide-gschichten-audio-cd","status":"publish","type":"product","link":"https:\/\/gustfuss.com\/de\/produkt\/gustfuss-band-oide-gschichten-audio-cd\/","title":{"rendered":"Gustfuss &#038; Band &#8211; Oide G&#8217;schichten (Audio CD)"},"content":{"rendered":"<p>GUSTFUSS, Dialektpoet und Liedermacher aus Wien, singt und schreibt ausschlie\u00dflich in seiner Muttersprache, dem Wienerischen. Wiewohl seine Lieder wohl unter dem Oberbegriff &#8220;Austropop&#8221; kategorisiert werden k\u00f6nnen, geht er doch musikalisch und textlich eigene Wege abseits der ausgetretenen Pfade des Genres. Musikalisch vielf\u00e4ltig, mit Einfl\u00fcssen aus Jazz, Soul, Pop und sogar ein wenig Klassik, erz\u00e4hlen seine Lieder von Erlebtem und Gedachtem, singen Loblieder auf einzelne Regionen seiner Heimatstadt, wie die Donauinsel oder den\u00a0 &#8220;Zwara&#8221; (die Wiener Leopolstadt) und sparen auch nicht mit kritischen T\u00f6nen. Humoristisch und nachdenklich, in eigenem unverwechselbarem Stil<\/p>\n<p><a href=\"http:\/\/www.gustfuss.at\/\" target=\"_blank\" rel=\"noopener\">K\u00fcnstler Homepage<\/a><\/p>\n<p>Tracks:<\/p>\n<p>1. Heut is leiwand<br \/>\n2. Wer schreibt a Liad<br \/>\n3. Egon Egon<br \/>\n4. Donausinsulaner<br \/>\n5. Da Zwara<br \/>\n6. Finanzinfarkt<\/p>\n<p>&nbsp;<\/p>\n","protected":false},"excerpt":{"rendered":"<p>Die Zweite CD des Wiener Lidermacher und Dialektpoeten GUSTUSS<br \/>\n6 Titel in Kartonstecktasche<\/p>\n<p><a href=\"https:\/\/www.youtube.com\/watch?v=U0o5_ueUHy4\" target=\"_blank\" rel=\"noopener\">Promovideo<\/a><\/p>\n","protected":false},"featured_media":508,"template":"","meta":{"_monsterinsights_skip_tracking":false,"_monsterinsights_sitenote_active":false,"_monsterinsights_sitenote_note":"","_monsterinsights_sitenote_category":0},"product_cat":[304],"product_tag":[135,128,130,131,132,133,134,129],"aioseo_notices":[],"acf":[],"_links":{"self":[{"href":"https:\/\/gustfuss.com\/de\/wp-json\/wp\/v2\/product\/734"}],"collection":[{"href":"https:\/\/gustfuss.com\/de\/wp-json\/wp\/v2\/product"}],"about":[{"href":"https:\/\/gustfuss.com\/de\/wp-json\/wp\/v2\/types\/product"}],"wp:featuredmedia":[{"embeddable":true,"href":"https:\/\/gustfuss.com\/de\/wp-json\/wp\/v2\/media\/508"}],"wp:attachment":[{"href":"https:\/\/gustfuss.com\/de\/wp-json\/wp\/v2\/media?parent=734"}],"wp:term":[{"taxonomy":"product_cat","embeddable":true,"href":"https:\/\/gustfuss.com\/de\/wp-json\/wp\/v2\/product_cat?post=734"},{"taxonomy":"product_tag","embeddable":true,"href":"https:\/\/gustfuss.com\/de\/wp-json\/wp\/v2\/product_tag?post=734"}],"curies":[{"name":"wp","href":"https:\/\/api.w.org\/{rel}","templated":true}]}}