{"id":737,"date":"2018-02-24T16:59:13","date_gmt":"2018-02-24T15:59:13","guid":{"rendered":"https:\/\/gustfuss.com\/product\/eine-andere-nachtmusik-streichquartett-musik-noten-download\/"},"modified":"2020-03-16T13:14:24","modified_gmt":"2020-03-16T12:14:24","slug":"eine-andere-nachtmusik-streichquartett-musik-noten-download","status":"publish","type":"product","link":"https:\/\/gustfuss.com\/de\/produkt\/eine-andere-nachtmusik-streichquartett-musik-noten-download\/","title":{"rendered":"Eine andere Nachtmusik (Streichquartett) &#8211; Musik Noten Download"},"content":{"rendered":"<p>Basierend auf dem ber\u00fchmten Dreiklangmotiv in Mozart&#8217;s &#8220;Kleine Nachtmusik&#8221; (KV 525), k\u00f6nnen Sie an dieser Stelle (die ja mehrmals vorkommt) einfach die Abzweigung nehmen und in der &#8220;Latin Version&#8221; weiterspielen, die schlie\u00dflich doch noch in Mozart&#8217;s originalem Schluss endet. Gut geeignet als Zugabenummer &#8211; eine am\u00fcsante M\u00f6glichkeit, ein klassisches Konzert ein wenig aufzulockern&#8230;<\/p>\n<p><a href=\"https:\/\/youtu.be\/xICRyJj4lqg\" target=\"_blank\" rel=\"noopener\">Kann mit Notenansicht auf dem Youtube Kanal des Komponisten geh\u00f6rt und gesehen werden<\/a><\/p>\n","protected":false},"excerpt":{"rendered":"<p>Mozart&#8217;s &#8220;Kleine Nachtmusik in einer am\u00fcsanten Mambo Version f\u00fcr Streichquartett (1. u 2. Vln, Vla und Cello). Geliefert als 24 Seitige PDF Datei (incl Deckblatt) &#8211; Partitur und Einzestimmen.<\/p>\n<p>F\u00fcr erfahrenere Spieler<br \/>\nDauer: 03:06 min bei 150 bpm<\/p>\n","protected":false},"featured_media":475,"template":"","meta":{"_monsterinsights_skip_tracking":false,"_monsterinsights_sitenote_active":false,"_monsterinsights_sitenote_note":"","_monsterinsights_sitenote_category":0},"product_cat":[123],"product_tag":[170,172,173,171,169],"aioseo_notices":[],"acf":[],"_links":{"self":[{"href":"https:\/\/gustfuss.com\/de\/wp-json\/wp\/v2\/product\/737"}],"collection":[{"href":"https:\/\/gustfuss.com\/de\/wp-json\/wp\/v2\/product"}],"about":[{"href":"https:\/\/gustfuss.com\/de\/wp-json\/wp\/v2\/types\/product"}],"wp:featuredmedia":[{"embeddable":true,"href":"https:\/\/gustfuss.com\/de\/wp-json\/wp\/v2\/media\/475"}],"wp:attachment":[{"href":"https:\/\/gustfuss.com\/de\/wp-json\/wp\/v2\/media?parent=737"}],"wp:term":[{"taxonomy":"product_cat","embeddable":true,"href":"https:\/\/gustfuss.com\/de\/wp-json\/wp\/v2\/product_cat?post=737"},{"taxonomy":"product_tag","embeddable":true,"href":"https:\/\/gustfuss.com\/de\/wp-json\/wp\/v2\/product_tag?post=737"}],"curies":[{"name":"wp","href":"https:\/\/api.w.org\/{rel}","templated":true}]}}