{"id":741,"date":"2018-02-22T11:30:20","date_gmt":"2018-02-22T10:30:20","guid":{"rendered":"https:\/\/gustfuss.com\/product\/margerita-renz-koledy-audio-cd\/"},"modified":"2020-08-02T12:59:17","modified_gmt":"2020-08-02T10:59:17","slug":"margerita-renz-koledy-audio-cd","status":"publish","type":"product","link":"https:\/\/gustfuss.com\/de\/produkt\/margerita-renz-koledy-audio-cd\/","title":{"rendered":"Margerita Renz &#8211; Kol\u0119dy (Audio CD)"},"content":{"rendered":"<p>Margerita Renz war schon vor dem Fall des Eisernen Vorhanges ein Star in ihrer Polnischen Heimat. Nun in Berlin lebend, entschied sie sich, traditionelle Weihnachtslieder in Polnischer Sprache aufzunehmen, begleitet vom Deutschen Pianisten Stefan Graser, der die Lieder durch einen Hauch Jazz Feeling aufgefrischt hat<\/p>\n<p>Titelliste:<\/p>\n<ol>\n<li>Triumfy<\/li>\n<li>Przybiezeli do Betlejem Pasterze<\/li>\n<li>Pod choink\u0105<\/li>\n<li>Mizerna, cicha<\/li>\n<li>Gdy \u015bliczna Panna<\/li>\n<li>W \u017c\u0142obie le\u017cy<\/li>\n<li>Gwiazdkowe Dzwony<\/li>\n<li>A c\u00f3\u017c z t\u0105 Dziecin\u0105<\/li>\n<li>Jezus malusie\u0144ki<\/li>\n<li>P\u00f3jd\u017amy wszyscy do stajenki<\/li>\n<li>Padaj\u0105 p\u0142atki \u015bniegu<\/li>\n<li>Lulaj\u017ce Jezuniu<\/li>\n<li>Dzisiaj w Betlejem<\/li>\n<li>W tym Dniu<\/li>\n<li>\u015apij m\u00f3j Jezuniu<\/li>\n<li>Gloria<\/li>\n<li>W\u015br\u00f3d nocnej ciszy<\/li>\n<\/ol>\n<p>&nbsp;<\/p>\n","protected":false},"excerpt":{"rendered":"<p>Traditionelle Polnische Weihnachtslieder, gesungen von Margerita Renz, begleitet vom Deutschen Pianisten Stefan Graser &#8211; Polnische Version<\/p>\n<p>Label: Gustfuss Records<\/p>\n","protected":false},"featured_media":452,"template":"","meta":{"_monsterinsights_skip_tracking":false,"_monsterinsights_sitenote_active":false,"_monsterinsights_sitenote_note":"","_monsterinsights_sitenote_category":0},"product_cat":[306],"product_tag":[176,177,179,175,174,126,178],"aioseo_notices":[],"acf":[],"_links":{"self":[{"href":"https:\/\/gustfuss.com\/de\/wp-json\/wp\/v2\/product\/741"}],"collection":[{"href":"https:\/\/gustfuss.com\/de\/wp-json\/wp\/v2\/product"}],"about":[{"href":"https:\/\/gustfuss.com\/de\/wp-json\/wp\/v2\/types\/product"}],"wp:featuredmedia":[{"embeddable":true,"href":"https:\/\/gustfuss.com\/de\/wp-json\/wp\/v2\/media\/452"}],"wp:attachment":[{"href":"https:\/\/gustfuss.com\/de\/wp-json\/wp\/v2\/media?parent=741"}],"wp:term":[{"taxonomy":"product_cat","embeddable":true,"href":"https:\/\/gustfuss.com\/de\/wp-json\/wp\/v2\/product_cat?post=741"},{"taxonomy":"product_tag","embeddable":true,"href":"https:\/\/gustfuss.com\/de\/wp-json\/wp\/v2\/product_tag?post=741"}],"curies":[{"name":"wp","href":"https:\/\/api.w.org\/{rel}","templated":true}]}}