{"id":746,"date":"2018-03-30T20:48:53","date_gmt":"2018-03-30T18:48:53","guid":{"rendered":"https:\/\/gustfuss.com\/product\/ingrid-diem-eins-und-eins-audio-cd\/"},"modified":"2018-04-12T15:28:07","modified_gmt":"2018-04-12T13:28:07","slug":"ingrid-diem-eins-und-eins-audio-cd","status":"publish","type":"product","link":"https:\/\/gustfuss.com\/de\/produkt\/ingrid-diem-eins-und-eins-audio-cd\/","title":{"rendered":"Ingrid Diem  &#8211; Eins und Eins (Audio CD)"},"content":{"rendered":"<p>Die \u00d6sterreichische S\u00e4ngerin Ingrid Diem, lange ein Geheimtip, viel gebuchte Studios\u00e4ngerin und Mitglied bei zahlreichen Ensembles wie z.B den Rounder Girls, pr\u00e4sentiert ihre erstes Solo Album. Ber\u00fchrende Deutschsprachige Songs, alle selbst geschrieben, bilden die gro\u00dfe lyrische und Musikalische Vielfalt dieser aussergew\u00f6hnlichen K\u00fcnstlerin ab. Ein herausragendes Beispiel modernen Liedermacher Pops.<\/p>\n<p>Titelliste<\/p>\n<ol>\n<li>Irgendwann<\/li>\n<li>Eins Und Eins<\/li>\n<li>Sternenhimmel<\/li>\n<li>Kleiner Schatz<\/li>\n<li>Abschied<\/li>\n<li>Lass Los<\/li>\n<li>Deine Augen<\/li>\n<li>Hey, Ich Steh Auf Dich<\/li>\n<li>G\u00e4nsehaut Im Herzen<\/li>\n<li>Heut Muss Ich Mal Gar Nichts<\/li>\n<li>Zuhaus<\/li>\n<li>Ich Will Dich<\/li>\n<li>Alles Gut<\/li>\n<\/ol>\n<p><a href=\"https:\/\/www.ingriddiem.com\" target=\"_blank\" rel=\"noopener\">K\u00fcnstlerhomepage<\/a><\/p>\n","protected":false},"excerpt":{"rendered":"<p>Herausragende CD einer herausragenden \u00d6sterreichischen Singer\/Songwriterin<\/p>\n<p>13 Tracks<\/p>\n<p>Label: Dimension Records<\/p>\n","protected":false},"featured_media":745,"template":"","meta":{"_monsterinsights_skip_tracking":false,"_monsterinsights_sitenote_active":false,"_monsterinsights_sitenote_note":"","_monsterinsights_sitenote_category":0},"product_cat":[304],"product_tag":[182,162,132,163,164],"aioseo_notices":[],"acf":[],"_links":{"self":[{"href":"https:\/\/gustfuss.com\/de\/wp-json\/wp\/v2\/product\/746"}],"collection":[{"href":"https:\/\/gustfuss.com\/de\/wp-json\/wp\/v2\/product"}],"about":[{"href":"https:\/\/gustfuss.com\/de\/wp-json\/wp\/v2\/types\/product"}],"wp:featuredmedia":[{"embeddable":true,"href":"https:\/\/gustfuss.com\/de\/wp-json\/wp\/v2\/media\/745"}],"wp:attachment":[{"href":"https:\/\/gustfuss.com\/de\/wp-json\/wp\/v2\/media?parent=746"}],"wp:term":[{"taxonomy":"product_cat","embeddable":true,"href":"https:\/\/gustfuss.com\/de\/wp-json\/wp\/v2\/product_cat?post=746"},{"taxonomy":"product_tag","embeddable":true,"href":"https:\/\/gustfuss.com\/de\/wp-json\/wp\/v2\/product_tag?post=746"}],"curies":[{"name":"wp","href":"https:\/\/api.w.org\/{rel}","templated":true}]}}