{"id":747,"date":"2018-02-21T11:50:12","date_gmt":"2018-02-21T10:50:12","guid":{"rendered":"https:\/\/gustfuss.com\/product\/stefan-graser-tantum-ergo\/"},"modified":"2018-03-31T15:36:44","modified_gmt":"2018-03-31T13:36:44","slug":"stefan-graser-tantum-ergo","status":"publish","type":"product","link":"https:\/\/gustfuss.com\/de\/produkt\/stefan-graser-tantum-ergo\/","title":{"rendered":"Stefan Graser -Tantum Ergo (Audio CD)"},"content":{"rendered":"<p>Der Deutsche Pianist Stefan Graser wuchs in Bayern in christlich gepr\u00e4gter Umgebung auf und machte seine ersten Erfahrunfen als Kirchenmusiker. Sp\u00e4ter wurde er Jazzpianist, doch niemals verga\u00df er seine musikalischen Wurzeln<br \/>\nIm Jahr 2015 gab die Katholische Kirche ihr Gesangsbuch f\u00fcr den Gottesdienst, das &#8220;Gotteslob&#8221; neu heraus, und viele der den Me\u00dfbesuchern liebgewordenen Lieder wurden durch neuere ersetzt. Auf dieser CD erscheinen einige dieser alten Lieder in neuem, jazzigem Gewand. Die meisten der Lieder sind mehrere hundert Jahre alt, darunter das \u00e4lteste notierte Lied der Menscheitsgeschichte von ca 1400 v.Chr. Es findet sich auch eine Version eies alten biblischen Psalmes (Jeremia 29, 13f) in einer eigenst\u00e4ndigen Neuinterpretation<\/p>\n<p>Titelliste<\/p>\n<p>1. Kyrie<br \/>\n2. K\u00f6nig ist der Herr<br \/>\n3. Lob sei dem Herrn<br \/>\n4. Erschienen ist der herrlich Tag<br \/>\n5. Maria Dich lieben<br \/>\n6. Sag ja zu mir, wenn alles nein sagt<br \/>\n7. tantum ergo<br \/>\n8. Gottheit tief verborgen<br \/>\n9. Oh Jesu<br \/>\n10. Zieh an die Macht<br \/>\n11. Jeremia<br \/>\n12. Segne Du Maria<br \/>\n13. Ugarit<\/p>\n<p><a href=\"http:\/\/www.stefangraser.com\/\" target=\"_blank\" rel=\"noopener\">K\u00fcnstlerhomepage<\/a><\/p>\n","protected":false},"excerpt":{"rendered":"<p>Der Deutsche Pianist Stefan Graser adaptierte einige Lieder des Gesangsbuches f\u00fcr den katholischen Gottesdienst &#8220;Gotteslob&#8221; f\u00fcr Jazz Piano. Neben einigen sehr alten geistlichen Liedern enth\u00e4lt diese CD auch eine jazzige Version von einem der \u00e4ltesten notierten Lieder aus dem antiken Mesopotamien<\/p>\n<p>Label: Gustfuss Records<\/p>\n","protected":false},"featured_media":439,"template":"","meta":{"_monsterinsights_skip_tracking":false,"_monsterinsights_sitenote_active":false,"_monsterinsights_sitenote_note":"","_monsterinsights_sitenote_category":0},"product_cat":[306],"product_tag":[186,128,188,139,184,185,154,183,174],"aioseo_notices":[],"acf":[],"_links":{"self":[{"href":"https:\/\/gustfuss.com\/de\/wp-json\/wp\/v2\/product\/747"}],"collection":[{"href":"https:\/\/gustfuss.com\/de\/wp-json\/wp\/v2\/product"}],"about":[{"href":"https:\/\/gustfuss.com\/de\/wp-json\/wp\/v2\/types\/product"}],"wp:featuredmedia":[{"embeddable":true,"href":"https:\/\/gustfuss.com\/de\/wp-json\/wp\/v2\/media\/439"}],"wp:attachment":[{"href":"https:\/\/gustfuss.com\/de\/wp-json\/wp\/v2\/media?parent=747"}],"wp:term":[{"taxonomy":"product_cat","embeddable":true,"href":"https:\/\/gustfuss.com\/de\/wp-json\/wp\/v2\/product_cat?post=747"},{"taxonomy":"product_tag","embeddable":true,"href":"https:\/\/gustfuss.com\/de\/wp-json\/wp\/v2\/product_tag?post=747"}],"curies":[{"name":"wp","href":"https:\/\/api.w.org\/{rel}","templated":true}]}}