{"id":749,"date":"2018-02-20T17:26:06","date_gmt":"2018-02-20T16:26:06","guid":{"rendered":"https:\/\/gustfuss.com\/product\/annitras-dance-music-sheet-download\/"},"modified":"2021-07-23T20:57:14","modified_gmt":"2021-07-23T18:57:14","slug":"annitras-dance-music-sheet-download","status":"publish","type":"product","link":"https:\/\/gustfuss.com\/de\/produkt\/annitras-dance-music-sheet-download\/","title":{"rendered":"Anitra&#8217;s Dance (Boogie Version) &#8211; Musiknoten Download"},"content":{"rendered":"<p>Edward Grieg&#8217;s ber\u00fchmte Komposotion &#8220;Anitra&#8217;s Tanz&#8221; wurd vom \u00d6sterreichischen Boogie Meister Hannes Otahal in eine virtouse Boogie Woogie Version f\u00fcr Solo Piano transformiert.<\/p>\n<p><iframe loading=\"lazy\" title=\"YouTube video player\" src=\"https:\/\/www.youtube-nocookie.com\/embed\/EycOzgnWTMA\" width=\"560\" height=\"315\" frameborder=\"0\" allowfullscreen=\"allowfullscreen\"><\/iframe><\/p>\n<p>&nbsp;<\/p>\n","protected":false},"excerpt":{"rendered":"<p>Virtuose Boogie Version von Edward Grieg&#8217;s &#8220;Anitra&#8217;s Tanz&#8221; &#8211; Musiknoten als PDF Download f\u00fcr Solo Klavier<\/p>\n<p>4 Seiten &#8211; erfordert einen erfahrenen Pianisten<\/p>\n<p>&nbsp;<\/p>\n","protected":false},"featured_media":428,"template":"","meta":{"_monsterinsights_skip_tracking":false,"_monsterinsights_sitenote_active":false,"_monsterinsights_sitenote_note":"","_monsterinsights_sitenote_category":0},"product_cat":[121],"product_tag":[190,151,153,189,139],"aioseo_notices":[],"acf":[],"_links":{"self":[{"href":"https:\/\/gustfuss.com\/de\/wp-json\/wp\/v2\/product\/749"}],"collection":[{"href":"https:\/\/gustfuss.com\/de\/wp-json\/wp\/v2\/product"}],"about":[{"href":"https:\/\/gustfuss.com\/de\/wp-json\/wp\/v2\/types\/product"}],"wp:featuredmedia":[{"embeddable":true,"href":"https:\/\/gustfuss.com\/de\/wp-json\/wp\/v2\/media\/428"}],"wp:attachment":[{"href":"https:\/\/gustfuss.com\/de\/wp-json\/wp\/v2\/media?parent=749"}],"wp:term":[{"taxonomy":"product_cat","embeddable":true,"href":"https:\/\/gustfuss.com\/de\/wp-json\/wp\/v2\/product_cat?post=749"},{"taxonomy":"product_tag","embeddable":true,"href":"https:\/\/gustfuss.com\/de\/wp-json\/wp\/v2\/product_tag?post=749"}],"curies":[{"name":"wp","href":"https:\/\/api.w.org\/{rel}","templated":true}]}}