{"id":752,"date":"2018-02-19T11:08:18","date_gmt":"2018-02-19T10:08:18","guid":{"rendered":"https:\/\/gustfuss.com\/product\/anches-alexa-the-season-is-changing-audio-cd\/"},"modified":"2018-04-04T21:26:28","modified_gmt":"2018-04-04T19:26:28","slug":"anches-alexa-the-season-is-changing-audio-cd","status":"publish","type":"product","link":"https:\/\/gustfuss.com\/de\/produkt\/anches-alexa-the-season-is-changing-audio-cd\/","title":{"rendered":"Anches Alexa &#8220;The Season Is Changing&#8221; &#8211; (Audio CD)"},"content":{"rendered":"<p>&nbsp;<\/p>\n<p>ANCHES ALEXA, \u00d6sterreichische Singer\/Songwriterin, verfolgte eine durchaus b\u00fcrgerliche Karriere als Universit\u00e4tslektorin, bis Sie ihr Gesangstalent entdeckte. Nach zahlreichen Auftritten mit verschiedenen Chor und Gospel Projekten entschied sie sich, Ihre eigenen Lieder aufzunehmen. Alle Songs sind von Anches Alexa selbst geschrieben und sind regelm\u00e4\u00dfig auf \u00d6sterreichischen Radiostationen zu h\u00f6ren.<\/p>\n<p>Alle Titel k\u00f6nnen auch auf den g\u00e4ngigen Downloadplattformern runtergeladen und gestreamt werden.<\/p>\n<p>Titelliste<\/p>\n<p>1. The Season Is Changing<br \/>\n2. Him <a href=\"https:\/\/www.youtube.com\/watch?v=FQ-k8UfCOYk\" target=\"_blank\" rel=\"noopener\">(Offizielle Video)<\/a><br \/>\n3. Cherry Tree<br \/>\n4. Alone Again<br \/>\n5. Leave me<\/p>\n<p><a href=\"https:\/\/www.facebook.com\/anchesalexa\/?fref=ts\" target=\"_blank\" rel=\"noopener\">K\u00fcnstlerhomepage<\/a><\/p>\n","protected":false},"excerpt":{"rendered":"<p>Singer\/Songwriterein Anches Alexa pr\u00e4sentiert ihr neuestes Album &#8211; eindrucksvolle Lieder aus eigener Feder. Indie Pop, stark von Jazz und modernem Pop beeinflu\u00dft.<\/p>\n<p>&nbsp;<\/p>\n<p>Label: Gustfuss Records<\/p>\n","protected":false},"featured_media":406,"template":"","meta":{"_monsterinsights_skip_tracking":false,"_monsterinsights_sitenote_active":false,"_monsterinsights_sitenote_note":"","_monsterinsights_sitenote_category":0},"product_cat":[300],"product_tag":[195,128,162,139,196,163,164,197],"aioseo_notices":[],"acf":[],"_links":{"self":[{"href":"https:\/\/gustfuss.com\/de\/wp-json\/wp\/v2\/product\/752"}],"collection":[{"href":"https:\/\/gustfuss.com\/de\/wp-json\/wp\/v2\/product"}],"about":[{"href":"https:\/\/gustfuss.com\/de\/wp-json\/wp\/v2\/types\/product"}],"wp:featuredmedia":[{"embeddable":true,"href":"https:\/\/gustfuss.com\/de\/wp-json\/wp\/v2\/media\/406"}],"wp:attachment":[{"href":"https:\/\/gustfuss.com\/de\/wp-json\/wp\/v2\/media?parent=752"}],"wp:term":[{"taxonomy":"product_cat","embeddable":true,"href":"https:\/\/gustfuss.com\/de\/wp-json\/wp\/v2\/product_cat?post=752"},{"taxonomy":"product_tag","embeddable":true,"href":"https:\/\/gustfuss.com\/de\/wp-json\/wp\/v2\/product_tag?post=752"}],"curies":[{"name":"wp","href":"https:\/\/api.w.org\/{rel}","templated":true}]}}