{"id":789,"date":"2018-01-19T10:46:56","date_gmt":"2018-01-19T09:46:56","guid":{"rendered":"https:\/\/gustfuss.com\/product\/xangl-so-wie-du-audio-cd\/"},"modified":"2018-04-12T12:50:44","modified_gmt":"2018-04-12T10:50:44","slug":"xangl-so-wie-du-audio-cd","status":"publish","type":"product","link":"https:\/\/gustfuss.com\/de\/produkt\/xangl-so-wie-du-audio-cd\/","title":{"rendered":"XANGL &#8211; So Wie Du (Audio CD)"},"content":{"rendered":"<p>&#8220;XANGL&#8221; meint im Wienerischen einfach &#8220;Singerei&#8221; &#8211; aufbauend auf Wien&#8217;s reicher Volksmusiktradition ist diese CD ein Beispiel f\u00fcr die moderne Auspr\u00e4gung des Wienerlieds. M\u00fchelos wird Tradition mit der Moderne kombiniert, zum Wiener Walzer gesellt sich Funk, Jazz und Pop, dies alles in der Besetzung Gesang, Gitarre und Akkordeon, bei einigen Titeln durch ein meisterhaft gespieltes Cello versch\u00f6nt.<\/p>\n<p>XANGL war ein Projekt der Wienerlied Poeten <a href=\"https:\/\/gustfuss.com\/?s=Gustfuss&amp;post_type=product\" target=\"_blank\" rel=\"noopener\">Gustfuss<\/a> und <a href=\"https:\/\/gustfuss.com\/?s=Edi+Mayr&amp;post_type=product\" target=\"_blank\" rel=\"noopener\">Edi Mayr, <\/a>die jeweils Gustost\u00fcckerln aus ihrem Schaffen zu dieser CD beisteuerten, sich aber auch in liebevoller Bearbeitung Titeln des von Georg Danzer und Karl Hodina widmeten.<\/p>\n<p><a href=\"https:\/\/www.youtube.com\/watch?v=kW0TfPCOJbY\" target=\"_blank\" rel=\"noopener\">Marie &#8211; Marie (Video)<\/a><\/p>\n<p>Titelliste<\/p>\n<div><span style=\"color: #333333; font-family: verdana, arial, helvetica, sans-serif; font-size: small;\">1. So wie Du\u00a0 4:49<\/span><\/div>\n<div><span style=\"color: #333333; font-family: verdana, arial, helvetica, sans-serif; font-size: small;\">2. Kniara 3:36<\/span><\/div>\n<div><span style=\"color: #333333; font-family: verdana, arial, helvetica, sans-serif; font-size: small;\">3. Amoi no 4:48<\/span><\/div>\n<div><span style=\"color: #333333; font-family: verdana, arial, helvetica, sans-serif; font-size: small;\">4. S\u00b4vogerl am Bam 2:57 <\/span><\/div>\n<div><span style=\"color: #333333; font-family: verdana, arial, helvetica, sans-serif; font-size: small;\">5. Marie Marie 4:00<\/span><\/div>\n<div><span style=\"color: #333333; font-family: verdana, arial, helvetica, sans-serif; font-size: small;\">7. Finanzinfarkt 4:04<\/span><\/div>\n<div><span style=\"color: #333333; font-family: verdana, arial, helvetica, sans-serif; font-size: small;\">8. Poliziestenmaus 4:18<\/span><\/div>\n<div><span style=\"color: #333333; font-family: verdana, arial, helvetica, sans-serif; font-size: small;\">9. Wer schreibt a Liad 3:53<\/span><\/div>\n<div><span style=\"color: #333333; font-family: verdana, arial, helvetica, sans-serif; font-size: small;\">10: die Tranen in den Augen 4:18<\/span><\/div>\n<div><span style=\"color: #333333; font-family: verdana, arial, helvetica, sans-serif; font-size: small;\">11. Du i mag di 4:39<\/span><\/div>\n<div><span style=\"color: #333333; font-family: verdana, arial, helvetica, sans-serif; font-size: small;\">12. Wast Du wie gern i di anschau 4:56<\/span><\/div>\n<div><span style=\"color: #333333; font-family: verdana, arial, helvetica, sans-serif; font-size: small;\">13. Scahtzi 4:43<\/span><\/div>\n<div><span style=\"color: #333333; font-family: verdana, arial, helvetica, sans-serif; font-size: small;\">14. S\u00b4Wienerherz 2:43<\/span><\/div>\n<div><span style=\"color: #333333; font-family: verdana, arial, helvetica, sans-serif; font-size: small;\">15. I bin arm do i bin freu 6:10<\/span><\/div>\n","protected":false},"excerpt":{"rendered":"<p>Das Moderne Wienerlied in seiner aktuellsten Form<\/p>\n<p>15 Titeln<\/p>\n","protected":false},"featured_media":297,"template":"","meta":{"_monsterinsights_skip_tracking":false,"_monsterinsights_sitenote_active":false,"_monsterinsights_sitenote_note":"","_monsterinsights_sitenote_category":0},"product_cat":[304],"product_tag":[212,130,218,217,219,213,211,129],"aioseo_notices":[],"acf":[],"_links":{"self":[{"href":"https:\/\/gustfuss.com\/de\/wp-json\/wp\/v2\/product\/789"}],"collection":[{"href":"https:\/\/gustfuss.com\/de\/wp-json\/wp\/v2\/product"}],"about":[{"href":"https:\/\/gustfuss.com\/de\/wp-json\/wp\/v2\/types\/product"}],"wp:featuredmedia":[{"embeddable":true,"href":"https:\/\/gustfuss.com\/de\/wp-json\/wp\/v2\/media\/297"}],"wp:attachment":[{"href":"https:\/\/gustfuss.com\/de\/wp-json\/wp\/v2\/media?parent=789"}],"wp:term":[{"taxonomy":"product_cat","embeddable":true,"href":"https:\/\/gustfuss.com\/de\/wp-json\/wp\/v2\/product_cat?post=789"},{"taxonomy":"product_tag","embeddable":true,"href":"https:\/\/gustfuss.com\/de\/wp-json\/wp\/v2\/product_tag?post=789"}],"curies":[{"name":"wp","href":"https:\/\/api.w.org\/{rel}","templated":true}]}}