{"id":791,"date":"2018-01-15T11:47:47","date_gmt":"2018-01-15T10:47:47","guid":{"rendered":"https:\/\/gustfuss.com\/product\/boogie-woogie-walker-gedruckte-notenausgabe\/"},"modified":"2018-04-12T13:24:08","modified_gmt":"2018-04-12T11:24:08","slug":"boogie-woogie-walker-gedruckte-notenausgabe","status":"publish","type":"product","link":"https:\/\/gustfuss.com\/de\/produkt\/boogie-woogie-walker-gedruckte-notenausgabe\/","title":{"rendered":"Boogie Woogie Walker &#8211; gedruckte Notenausgabe"},"content":{"rendered":"<p>Der \u00d6sterreichische Boogie Woogie Meister Hannes Otahal pr\u00e4sentiert eine seiner virtousen Boogie Kompositionen f\u00fcr Solo Klavier, wie auf seiner CD &#8220;Boogie Woogie Walker&#8221; erschienen und wie auf seinem\u00a0\u00a0<a href=\"https:\/\/www.youtube.com\/watch?v=W5u11SjhX6w\" target=\"_blank\" rel=\"noopener\">Youtube Video\u00a0<\/a>gespielt.<\/p>\n","protected":false},"excerpt":{"rendered":"<p>Boogie Woogie Walker wie gespielt von Hannes Otahal, geliefert als gedruckte Notenausgabe<\/p>\n<p>7 Seiten<br \/>\nDauer: 3&#8217;20&#8221;<\/p>\n<p>F\u00fcr erfahrene Pianisten<\/p>\n","protected":false},"featured_media":257,"template":"","meta":{"_monsterinsights_skip_tracking":false,"_monsterinsights_sitenote_active":false,"_monsterinsights_sitenote_note":"","_monsterinsights_sitenote_category":0},"product_cat":[120],"product_tag":[189],"aioseo_notices":[],"acf":[],"_links":{"self":[{"href":"https:\/\/gustfuss.com\/de\/wp-json\/wp\/v2\/product\/791"}],"collection":[{"href":"https:\/\/gustfuss.com\/de\/wp-json\/wp\/v2\/product"}],"about":[{"href":"https:\/\/gustfuss.com\/de\/wp-json\/wp\/v2\/types\/product"}],"wp:featuredmedia":[{"embeddable":true,"href":"https:\/\/gustfuss.com\/de\/wp-json\/wp\/v2\/media\/257"}],"wp:attachment":[{"href":"https:\/\/gustfuss.com\/de\/wp-json\/wp\/v2\/media?parent=791"}],"wp:term":[{"taxonomy":"product_cat","embeddable":true,"href":"https:\/\/gustfuss.com\/de\/wp-json\/wp\/v2\/product_cat?post=791"},{"taxonomy":"product_tag","embeddable":true,"href":"https:\/\/gustfuss.com\/de\/wp-json\/wp\/v2\/product_tag?post=791"}],"curies":[{"name":"wp","href":"https:\/\/api.w.org\/{rel}","templated":true}]}}