{"id":793,"date":"2018-01-15T11:46:33","date_gmt":"2018-01-15T10:46:33","guid":{"rendered":"https:\/\/gustfuss.com\/product\/793\/"},"modified":"2018-04-12T15:57:57","modified_gmt":"2018-04-12T13:57:57","slug":"annitras-dance-printed-music-sheet","status":"publish","type":"product","link":"https:\/\/gustfuss.com\/de\/produkt\/annitras-dance-printed-music-sheet\/","title":{"rendered":"Anitra&#8217;s Dance (Boogie Version) &#8211; gedruckte Notenausgabe"},"content":{"rendered":"<p>Edward Grieg&#8217;s ber\u00fchmte Komposotion &#8220;Anitra&#8217;s Tanz&#8221; wurd vom \u00d6sterreichischen Boogie Meister Hannes Otahal in eine virtouse Boogie Woogie Version f\u00fcr Solo Piano transformiert<\/p>\n<p><a href=\"https:\/\/www.youtube.com\/watch?v=ZDIVVe9STZ4\" target=\"_blank\" rel=\"noopener\">hier anh\u00f6ren<\/a><\/p>\n","protected":false},"excerpt":{"rendered":"<p>Virtuose Boogie Version von Edward Grieg&#8217;s &#8220;Anitra&#8217;s Tanz&#8221; &#8211; geliefert als gedruckte Notenausgabe f\u00fcr Solo Klavier<\/p>\n<p>4 Seiten &#8211; erfordert einen erfahrenen Pianisten<\/p>\n<p>&nbsp;<\/p>\n","protected":false},"featured_media":255,"template":"","meta":{"_monsterinsights_skip_tracking":false,"_monsterinsights_sitenote_active":false,"_monsterinsights_sitenote_note":"","_monsterinsights_sitenote_category":0},"product_cat":[120],"product_tag":[190,151,152,221,153,189,154],"aioseo_notices":[],"acf":[],"_links":{"self":[{"href":"https:\/\/gustfuss.com\/de\/wp-json\/wp\/v2\/product\/793"}],"collection":[{"href":"https:\/\/gustfuss.com\/de\/wp-json\/wp\/v2\/product"}],"about":[{"href":"https:\/\/gustfuss.com\/de\/wp-json\/wp\/v2\/types\/product"}],"wp:featuredmedia":[{"embeddable":true,"href":"https:\/\/gustfuss.com\/de\/wp-json\/wp\/v2\/media\/255"}],"wp:attachment":[{"href":"https:\/\/gustfuss.com\/de\/wp-json\/wp\/v2\/media?parent=793"}],"wp:term":[{"taxonomy":"product_cat","embeddable":true,"href":"https:\/\/gustfuss.com\/de\/wp-json\/wp\/v2\/product_cat?post=793"},{"taxonomy":"product_tag","embeddable":true,"href":"https:\/\/gustfuss.com\/de\/wp-json\/wp\/v2\/product_tag?post=793"}],"curies":[{"name":"wp","href":"https:\/\/api.w.org\/{rel}","templated":true}]}}