{"id":794,"date":"2017-12-29T19:41:58","date_gmt":"2017-12-29T18:41:58","guid":{"rendered":"https:\/\/gustfuss.com\/product\/bumble-boogie-wie-von-hannes-otahal-gespielt-musiknoten-download\/"},"modified":"2018-04-12T16:24:32","modified_gmt":"2018-04-12T14:24:32","slug":"bumble-boogie-wie-von-hannes-otahal-gespielt-musiknoten-download","status":"publish","type":"product","link":"https:\/\/gustfuss.com\/de\/produkt\/bumble-boogie-wie-von-hannes-otahal-gespielt-musiknoten-download\/","title":{"rendered":"Bumble Boogie wie von Hannes Otahal gespielt &#8211; gedruckte Notenausgabe"},"content":{"rendered":"<p>Nikolai Rijmki.Korsakov&#8217;s &#8220;Hummelflug&#8221; in der virzuosen Boogie Woogie Version des \u00d6sterreichichen Boogie Meisters Hannes Otahal, wie gespielt auf seinem Youtube Video. Notenausgabe autorisiert vom K\u00fcnstler, direkt vom Verleger.<\/p>\n<p><a href=\"https:\/\/www.youtube.com\/watch?v=Xo0VmwECrNU\" target=\"_blank\" rel=\"noopener\" data-mce-href=\"https:\/\/www.youtube.com\/watch?v=Xo0VmwECrNU\">Link zum Vorh\u00f6ren<\/a><\/p>\n","protected":false},"excerpt":{"rendered":"<p>Originaledition vom Verleger<\/p>\n<p>18 Seiten Notentext f\u00fcr Solo Klavier, geliefert als gedruckte Notenausgabe &#8211; f\u00fcr sehr ge\u00fcbte Pianisten<\/p>\n","protected":false},"featured_media":251,"template":"","meta":{"_monsterinsights_skip_tracking":false,"_monsterinsights_sitenote_active":false,"_monsterinsights_sitenote_note":"","_monsterinsights_sitenote_category":0},"product_cat":[120],"product_tag":[151,152,223,153,224,225],"aioseo_notices":[],"acf":[],"_links":{"self":[{"href":"https:\/\/gustfuss.com\/de\/wp-json\/wp\/v2\/product\/794"}],"collection":[{"href":"https:\/\/gustfuss.com\/de\/wp-json\/wp\/v2\/product"}],"about":[{"href":"https:\/\/gustfuss.com\/de\/wp-json\/wp\/v2\/types\/product"}],"wp:featuredmedia":[{"embeddable":true,"href":"https:\/\/gustfuss.com\/de\/wp-json\/wp\/v2\/media\/251"}],"wp:attachment":[{"href":"https:\/\/gustfuss.com\/de\/wp-json\/wp\/v2\/media?parent=794"}],"wp:term":[{"taxonomy":"product_cat","embeddable":true,"href":"https:\/\/gustfuss.com\/de\/wp-json\/wp\/v2\/product_cat?post=794"},{"taxonomy":"product_tag","embeddable":true,"href":"https:\/\/gustfuss.com\/de\/wp-json\/wp\/v2\/product_tag?post=794"}],"curies":[{"name":"wp","href":"https:\/\/api.w.org\/{rel}","templated":true}]}}