{"id":795,"date":"2018-01-15T13:36:18","date_gmt":"2018-01-15T12:36:18","guid":{"rendered":"https:\/\/gustfuss.com\/product\/bumble-boogie-musiknoten-download\/"},"modified":"2018-04-12T16:20:38","modified_gmt":"2018-04-12T14:20:38","slug":"bumble-boogie-musiknoten-download","status":"publish","type":"product","link":"https:\/\/gustfuss.com\/de\/produkt\/bumble-boogie-musiknoten-download\/","title":{"rendered":"Bumble Boogie &#8211; Musiknoten Download"},"content":{"rendered":"<p>Nikolai Rijmki.Korsakov&#8217;s &#8220;Hummelflug&#8221; in der virzuosen Boogie Woogie Version des \u00d6sterreichichen Boogie Meisters Hannes Otahal, wie gespielt auf seinem Youtube Video. Notenausgabe autorisiert vom K\u00fcnstler, direkt vom Verleger.<\/p>\n<p><a href=\"https:\/\/www.youtube.com\/watch?v=Xo0VmwECrNU\" target=\"_blank\" rel=\"noopener\">Link zum Vorh\u00f6ren<\/a><\/p>\n","protected":false},"excerpt":{"rendered":"<p>Originaledition vom Verleger<\/p>\n<p>18 Seiten Notentext f\u00fcr Solo Klavier, geliefert als Musiknoten Download &#8211; f\u00fcr sehr ge\u00fcbte Pianisten<\/p>\n","protected":false},"featured_media":276,"template":"","meta":{"_monsterinsights_skip_tracking":false,"_monsterinsights_sitenote_active":false,"_monsterinsights_sitenote_note":"","_monsterinsights_sitenote_category":0},"product_cat":[121],"product_tag":[151,152,223,153,224,154],"aioseo_notices":[],"acf":[],"_links":{"self":[{"href":"https:\/\/gustfuss.com\/de\/wp-json\/wp\/v2\/product\/795"}],"collection":[{"href":"https:\/\/gustfuss.com\/de\/wp-json\/wp\/v2\/product"}],"about":[{"href":"https:\/\/gustfuss.com\/de\/wp-json\/wp\/v2\/types\/product"}],"wp:featuredmedia":[{"embeddable":true,"href":"https:\/\/gustfuss.com\/de\/wp-json\/wp\/v2\/media\/276"}],"wp:attachment":[{"href":"https:\/\/gustfuss.com\/de\/wp-json\/wp\/v2\/media?parent=795"}],"wp:term":[{"taxonomy":"product_cat","embeddable":true,"href":"https:\/\/gustfuss.com\/de\/wp-json\/wp\/v2\/product_cat?post=795"},{"taxonomy":"product_tag","embeddable":true,"href":"https:\/\/gustfuss.com\/de\/wp-json\/wp\/v2\/product_tag?post=795"}],"curies":[{"name":"wp","href":"https:\/\/api.w.org\/{rel}","templated":true}]}}