{"id":797,"date":"2018-02-20T16:58:24","date_gmt":"2018-02-20T15:58:24","guid":{"rendered":"https:\/\/gustfuss.com\/product\/has-anyone-seen-corrine-musiknoten-download\/"},"modified":"2025-07-13T10:41:53","modified_gmt":"2025-07-13T08:41:53","slug":"has-anyone-seen-corrine-musiknoten-download","status":"publish","type":"product","link":"https:\/\/gustfuss.com\/de\/produkt\/has-anyone-seen-corrine-musiknoten-download\/","title":{"rendered":"Has Anyone Seen Corrine &#8211; Musiknoten Download"},"content":{"rendered":"<p>Eine der bekanntesten Kompostitionen von James Scott (1886 &#8211; 1938), einer der bedeutendsten Pianisten im Amerika der 1920 iger und 1930 iger Jahre. Er war ein typischer Vertreter des &#8220;Stride Piano&#8221; Stiles, bei welchem Bass T\u00f6ne und Akkordnachschl\u00e4ge in weiten Spr\u00fcngen von der linken Hand gespielt werden<br \/>\nHer erwerben Sie eine exakte Transkription, notengetreu editiert vom \u00d6sterreichischen Boogie Meister Hannes Otahal<\/p>\n<p>&nbsp;<\/p>\n<p><iframe loading=\"lazy\" width=\"560\" height=\"315\" src=\"https:\/\/www.youtube-nocookie.com\/embed\/R5aASA5rDuM?si=81gv2qjctBFHSXLI\" title=\"YouTube video player\" frameborder=\"0\" allow=\"accelerometer; autoplay; clipboard-write; encrypted-media; gyroscope; picture-in-picture; web-share\" referrerpolicy=\"strict-origin-when-cross-origin\" allowfullscreen><\/iframe><\/p>\n","protected":false},"excerpt":{"rendered":"<p>Stride Piano St\u00fcck f\u00fcr durchschnittlich fortgeschrittene Pianisten<\/p>\n<p><a href=\"https:\/\/youtu.be\/R5aASA5rDuM\" target=\"_blank\" rel=\"noopener\">Link zum Vorh\u00f6ren<\/a><\/p>\n<p>3 Seiten<br \/>\nDauer: 02:15 min bei 124 bpm<\/p>\n","protected":false},"featured_media":419,"template":"","meta":{"_monsterinsights_skip_tracking":false,"_monsterinsights_sitenote_active":false,"_monsterinsights_sitenote_note":"","_monsterinsights_sitenote_category":0},"product_cat":[121],"product_tag":[228,227,154,226],"aioseo_notices":[],"acf":[],"_links":{"self":[{"href":"https:\/\/gustfuss.com\/de\/wp-json\/wp\/v2\/product\/797"}],"collection":[{"href":"https:\/\/gustfuss.com\/de\/wp-json\/wp\/v2\/product"}],"about":[{"href":"https:\/\/gustfuss.com\/de\/wp-json\/wp\/v2\/types\/product"}],"wp:featuredmedia":[{"embeddable":true,"href":"https:\/\/gustfuss.com\/de\/wp-json\/wp\/v2\/media\/419"}],"wp:attachment":[{"href":"https:\/\/gustfuss.com\/de\/wp-json\/wp\/v2\/media?parent=797"}],"wp:term":[{"taxonomy":"product_cat","embeddable":true,"href":"https:\/\/gustfuss.com\/de\/wp-json\/wp\/v2\/product_cat?post=797"},{"taxonomy":"product_tag","embeddable":true,"href":"https:\/\/gustfuss.com\/de\/wp-json\/wp\/v2\/product_tag?post=797"}],"curies":[{"name":"wp","href":"https:\/\/api.w.org\/{rel}","templated":true}]}}