{"id":799,"date":"2018-02-16T11:05:49","date_gmt":"2018-02-16T10:05:49","guid":{"rendered":"https:\/\/gustfuss.com\/product\/beer-bottles-boogie-musiknoten-download\/"},"modified":"2021-07-23T20:51:19","modified_gmt":"2021-07-23T18:51:19","slug":"beer-bottles-boogie-musiknoten-download","status":"publish","type":"product","link":"https:\/\/gustfuss.com\/de\/produkt\/beer-bottles-boogie-musiknoten-download\/","title":{"rendered":"Beer Bottles Boogie &#8211; Musiknoten Download"},"content":{"rendered":"<p>Ein schneller Boogie Woogie, komponiert vom \u00d6sterreichischen Boogie Meister Hannes Otahal, dessen Videos mehr als 1,5 Mio Klicks auf Youtube erreichten. Dieses St\u00fcck ist entspricht notengetreu der Aufnahme auf seiner CD &#8220;Boogie Woogie Reminiscences Remastered&#8221;, die auch bei uns im Shop bestellt werden kann<\/p>\n<p><iframe loading=\"lazy\" title=\"YouTube video player\" src=\"https:\/\/www.youtube-nocookie.com\/embed\/adqUFuHyAys\" width=\"560\" height=\"315\" frameborder=\"0\" allowfullscreen=\"allowfullscreen\"><\/iframe><\/p>\n<p>&nbsp;<\/p>\n<p>&nbsp;<\/p>\n<p>&nbsp;<\/p>\n<p>&nbsp;<\/p>\n","protected":false},"excerpt":{"rendered":"<p>Schneller Boogie Woogie f\u00fcr Solo Klavier von Hannes Otahal, vom K\u00fcnstler pers\u00f6nlich autorisiert<\/p>\n<p>9 Seiten<br \/>\n11 Chorusse<br \/>\nDauer: 02:55 min bei 208 bpm<\/p>\n<p>F\u00fcr fortgeschrittene Pianisten<\/p>\n","protected":false},"featured_media":388,"template":"","meta":{"_monsterinsights_skip_tracking":false,"_monsterinsights_sitenote_active":false,"_monsterinsights_sitenote_note":"","_monsterinsights_sitenote_category":0},"product_cat":[121],"product_tag":[151,152,128,153,189,139,177,229],"aioseo_notices":[],"acf":[],"_links":{"self":[{"href":"https:\/\/gustfuss.com\/de\/wp-json\/wp\/v2\/product\/799"}],"collection":[{"href":"https:\/\/gustfuss.com\/de\/wp-json\/wp\/v2\/product"}],"about":[{"href":"https:\/\/gustfuss.com\/de\/wp-json\/wp\/v2\/types\/product"}],"wp:featuredmedia":[{"embeddable":true,"href":"https:\/\/gustfuss.com\/de\/wp-json\/wp\/v2\/media\/388"}],"wp:attachment":[{"href":"https:\/\/gustfuss.com\/de\/wp-json\/wp\/v2\/media?parent=799"}],"wp:term":[{"taxonomy":"product_cat","embeddable":true,"href":"https:\/\/gustfuss.com\/de\/wp-json\/wp\/v2\/product_cat?post=799"},{"taxonomy":"product_tag","embeddable":true,"href":"https:\/\/gustfuss.com\/de\/wp-json\/wp\/v2\/product_tag?post=799"}],"curies":[{"name":"wp","href":"https:\/\/api.w.org\/{rel}","templated":true}]}}