{"id":800,"date":"2018-02-15T13:31:43","date_gmt":"2018-02-15T12:31:43","guid":{"rendered":"https:\/\/gustfuss.com\/product\/eleven-fingers-boogie-by-hannes-otahal-musiknoten-download\/"},"modified":"2018-02-15T13:31:43","modified_gmt":"2018-02-15T12:31:43","slug":"eleven-fingers-boogie-by-hannes-otahal-musiknoten-download","status":"publish","type":"product","link":"https:\/\/gustfuss.com\/de\/produkt\/eleven-fingers-boogie-by-hannes-otahal-musiknoten-download\/","title":{"rendered":"Eleven Fingers Boogie by Hannes Otahal &#8211; Musiknoten Download"},"content":{"rendered":"<p>Ein schneller Boogie Woogie, komponiert vom \u00d6sterreichischen Boogie Meister Hannes Otahal, dessen Videos mehr als 700.000 Klicks auf Youtube erreichten. Dieses St\u00fcck ist entspricht notengetreu der Aufnahme auf seiner CD &#8220;Boogie Woogie Reminiscences Remastered&#8221;, die auch bei uns im Shop bestellt werden kann<\/p>\n<p><a href=\"https:\/\/www.youtube.com\/watch?v=MElvxM5H-NM\" target=\"_blank\" rel=\"noopener\">prelistening link<\/a><\/p>\n<p>&nbsp;<\/p>\n","protected":false},"excerpt":{"rendered":"<p>Schneller Boogie Woogie f\u00fcr Solo Klavier von Hannes Otahal, vom K\u00fcnstler pers\u00f6nlich autorisiert<\/p>\n<p>6 Seiten<br \/>\n11 Chorusse<br \/>\nDauer: 03:15 min bei 174 bpm<\/p>\n<p>f\u00fcr fortgeschrittene Pianisten<\/p>\n","protected":false},"featured_media":378,"template":"","meta":{"_monsterinsights_skip_tracking":false,"_monsterinsights_sitenote_active":false,"_monsterinsights_sitenote_note":"","_monsterinsights_sitenote_category":0},"product_cat":[121],"product_tag":[151,152,153,229],"aioseo_notices":[],"acf":[],"_links":{"self":[{"href":"https:\/\/gustfuss.com\/de\/wp-json\/wp\/v2\/product\/800"}],"collection":[{"href":"https:\/\/gustfuss.com\/de\/wp-json\/wp\/v2\/product"}],"about":[{"href":"https:\/\/gustfuss.com\/de\/wp-json\/wp\/v2\/types\/product"}],"wp:featuredmedia":[{"embeddable":true,"href":"https:\/\/gustfuss.com\/de\/wp-json\/wp\/v2\/media\/378"}],"wp:attachment":[{"href":"https:\/\/gustfuss.com\/de\/wp-json\/wp\/v2\/media?parent=800"}],"wp:term":[{"taxonomy":"product_cat","embeddable":true,"href":"https:\/\/gustfuss.com\/de\/wp-json\/wp\/v2\/product_cat?post=800"},{"taxonomy":"product_tag","embeddable":true,"href":"https:\/\/gustfuss.com\/de\/wp-json\/wp\/v2\/product_tag?post=800"}],"curies":[{"name":"wp","href":"https:\/\/api.w.org\/{rel}","templated":true}]}}