{"id":801,"date":"2018-01-15T14:37:52","date_gmt":"2018-01-15T13:37:52","guid":{"rendered":"https:\/\/gustfuss.com\/product\/chromatic-boogie-musiknoten-download\/"},"modified":"2022-01-24T22:08:12","modified_gmt":"2022-01-24T21:08:12","slug":"chromatic-boogie-musiknoten-download","status":"publish","type":"product","link":"https:\/\/gustfuss.com\/de\/produkt\/chromatic-boogie-musiknoten-download\/","title":{"rendered":"Chromatic Boogie &#8211; Musiknoten Download"},"content":{"rendered":"<p>Komponiert vom \u00d6sterreichischen Jazzmusiker Augustin Lehfuss, basiert dieses T\u00fcck auf einer jazzig chromatische Figur, die durch das ganze St\u00fcck hindurch in Variationen zitiert wird. Obwohl im typischen Boogie Stil gehalten, zeigt der Titel deutliche Einfl\u00fcsse eines moderneren Klavierstils.<\/p>\n<p><a href=\"https:\/\/youtu.be\/k5xe9xmGozk\" target=\"_blank\" rel=\"noopener\">Auf Youtube Vorh\u00f6ren<\/a><\/p>\n","protected":false},"excerpt":{"rendered":"<p>jazzige Boogie Komposition f\u00fcr Solo Klavier<\/p>\n<p>6 Seiten<br \/>\nDauer: 02:52 bei 180 bpm<\/p>\n<p>f\u00fcr mittel fortgeschrittene Pianisten<\/p>\n","protected":false},"featured_media":283,"template":"","meta":{"_monsterinsights_skip_tracking":false,"_monsterinsights_sitenote_active":false,"_monsterinsights_sitenote_note":"","_monsterinsights_sitenote_category":0},"product_cat":[121],"product_tag":[230,152,139,154],"aioseo_notices":[],"acf":[],"_links":{"self":[{"href":"https:\/\/gustfuss.com\/de\/wp-json\/wp\/v2\/product\/801"}],"collection":[{"href":"https:\/\/gustfuss.com\/de\/wp-json\/wp\/v2\/product"}],"about":[{"href":"https:\/\/gustfuss.com\/de\/wp-json\/wp\/v2\/types\/product"}],"wp:featuredmedia":[{"embeddable":true,"href":"https:\/\/gustfuss.com\/de\/wp-json\/wp\/v2\/media\/283"}],"wp:attachment":[{"href":"https:\/\/gustfuss.com\/de\/wp-json\/wp\/v2\/media?parent=801"}],"wp:term":[{"taxonomy":"product_cat","embeddable":true,"href":"https:\/\/gustfuss.com\/de\/wp-json\/wp\/v2\/product_cat?post=801"},{"taxonomy":"product_tag","embeddable":true,"href":"https:\/\/gustfuss.com\/de\/wp-json\/wp\/v2\/product_tag?post=801"}],"curies":[{"name":"wp","href":"https:\/\/api.w.org\/{rel}","templated":true}]}}