{"id":802,"date":"2017-12-28T13:15:55","date_gmt":"2017-12-28T12:15:55","guid":{"rendered":"https:\/\/gustfuss.com\/product\/hannes-otahal-boogie-woogie-walker-audio-cd\/"},"modified":"2018-04-13T13:52:16","modified_gmt":"2018-04-13T11:52:16","slug":"hannes-otahal-boogie-woogie-walker-audio-cd","status":"publish","type":"product","link":"https:\/\/gustfuss.com\/de\/produkt\/hannes-otahal-boogie-woogie-walker-audio-cd\/","title":{"rendered":"Hannes Otahal &#8211; Boogie Woogie Walker (Audio CD)"},"content":{"rendered":"<p>&#8220;Boogie Woogie Walker&#8221;repr\u00e4sentiert einen neuen und ambitionierten Meilenstein in der der Karriere des \u00d6sterreichischen Boogie Virtousen Hannes Otahal. Die CD enth\u00e4lt 15 Titel, aufgenommen auf einem B\u00f6sendorfer Fl\u00fcgel, und begleitet den H\u00f6rer auf einer musikalischen Reise durch die Welt des Boogie und Blues. Sie enth\u00e4lt \u00fcberzeugende Interpreationen von Boogie Klassikern wie Albert Ammons, Pete Johnson und Meade Lux Lewis ebenso wie Eigenkompositionen des K\u00fcnstlers, in welchen durchwegs neue Wege eingeschlagen werden. Neben den Einfl\u00fcssen der Klassiker sind solche aus Jazz, Latin und Bluegrass erkennbar, welche die Musik bereichern und erweitern, ohne den typischen Boogie Stil zu verf\u00e4lschen. Diese CD ist ein Beweis, dass Boogie Woogie Musik auch in unserer Zeit durchaus lebendig und frisch klingen kann, wenn vom Experten interpretiert.<\/p>\n<p>Der Titel Song der CD &#8220;Boogie Woogie Walker&#8221; kann auf Youtube angeh\u00f6rt werden, <a href=\"https:\/\/www.youtube.com\/watch?v=W5u11SjhX6w\" target=\"_blank\" rel=\"noopener\">vom Komonisten selbst gespielt<\/a><\/p>\n<p>Titeliste:<\/p>\n<p>1. Rock That Boogie<br \/>\n2. Boogie Woogie Walker<br \/>\n3. Dark And Blue<br \/>\n4. Monday Struggle<br \/>\n5. Boogie Woogie Stomp<br \/>\n6. Dupree Blues<br \/>\n7. Bear Cat Crawl<br \/>\n8. How Long Blues<br \/>\n9. Boogie Woogie Jump<br \/>\n10. Rhythm Changes Battle<br \/>\n11. Country Boogie<br \/>\n12 Just My Blues<br \/>\n13. Chicago Breakdown<br \/>\n14. Axel\u00b4s Special<br \/>\n15. Anitra\u00b4s Dance<\/p>\n","protected":false},"excerpt":{"rendered":"<p>Der \u00d6sterreichische Boogie Virtuose Hannes Otahal in Bestform &#8211; 15 herausragende Titel, mit dabei die virtouse Boogie Version von Edvard Grieg&#8217;s &#8221; Anitras Tanz\u00a7<\/p>\n<p>Label: Gustfuss Records<\/p>\n","protected":false},"featured_media":148,"template":"","meta":{"_monsterinsights_skip_tracking":false,"_monsterinsights_sitenote_active":false,"_monsterinsights_sitenote_note":"","_monsterinsights_sitenote_category":0},"product_cat":[298],"product_tag":[159,190,233,151,152,232,128,231,153,161,160,229],"aioseo_notices":[],"acf":[],"_links":{"self":[{"href":"https:\/\/gustfuss.com\/de\/wp-json\/wp\/v2\/product\/802"}],"collection":[{"href":"https:\/\/gustfuss.com\/de\/wp-json\/wp\/v2\/product"}],"about":[{"href":"https:\/\/gustfuss.com\/de\/wp-json\/wp\/v2\/types\/product"}],"wp:featuredmedia":[{"embeddable":true,"href":"https:\/\/gustfuss.com\/de\/wp-json\/wp\/v2\/media\/148"}],"wp:attachment":[{"href":"https:\/\/gustfuss.com\/de\/wp-json\/wp\/v2\/media?parent=802"}],"wp:term":[{"taxonomy":"product_cat","embeddable":true,"href":"https:\/\/gustfuss.com\/de\/wp-json\/wp\/v2\/product_cat?post=802"},{"taxonomy":"product_tag","embeddable":true,"href":"https:\/\/gustfuss.com\/de\/wp-json\/wp\/v2\/product_tag?post=802"}],"curies":[{"name":"wp","href":"https:\/\/api.w.org\/{rel}","templated":true}]}}