{"id":803,"date":"2018-02-11T13:46:46","date_gmt":"2018-02-11T12:46:46","guid":{"rendered":"https:\/\/gustfuss.com\/product\/hannes-otahal-boogie-woogie-reminiscences-remastered\/"},"modified":"2018-04-13T13:49:37","modified_gmt":"2018-04-13T11:49:37","slug":"hannes-otahal-boogie-woogie-reminiscences-remastered","status":"publish","type":"product","link":"https:\/\/gustfuss.com\/de\/produkt\/hannes-otahal-boogie-woogie-reminiscences-remastered\/","title":{"rendered":"Hannes Otahal &#8211; Boogie Woogie Reminiscences  Remastered (Audio CD)"},"content":{"rendered":"<p>Herausragende Boogie Woogie Arbeit, aufgenommen vom \u00d6sterreichischen Booge Virtuosen Hannes Otahal &#8211; 17 Titel. darunter Boogie Klassiker von Albert Ammonst, Gene Ammons und Pete Johnson, aber auch Werke des Interpreten selbst. Enth\u00e4lt unter anderm auch den Youtube Hit &#8220;Bumble Boogie&#8221;, Hannes Otahal&#8217;s virtouse Boogie Version von Rijmski-Korsakov&#8217;s &#8220;Hummeflug&#8221;<\/p>\n<p>Titelliste_<\/p>\n<p><span style=\"font-size: large;\">1\u00a0\u00a0<\/span><span class=\"tracklist_track_title\"><span style=\"font-size: large;\">Jump For Joy\u00a0\u00a0<\/span><\/span><span style=\"font-size: large;\">03:19<br \/>\n<\/span><span style=\"font-size: large;\">2\u00a0\u00a0<\/span><span class=\"tracklist_track_title\"><span style=\"font-size: large;\">Boogie-Woogie Train\u00a0<\/span><\/span><span style=\"font-size: large;\">03:28<br \/>\n<\/span><span style=\"font-size: large;\">3\u00a0\u00a0<\/span><span class=\"tracklist_track_title\"><span style=\"font-size: large;\">Honkin\u00b4 At Midnite\u00a0\u00a0<\/span><\/span><span style=\"font-size: large;\">03:09<br \/>\n<\/span><span style=\"font-size: large;\">4\u00a0\u00a0<\/span><span class=\"tracklist_track_title\"><span style=\"font-size: large;\">Beer Bottles Boogie\u00a0\u00a0<\/span><\/span><span style=\"font-size: large;\">03:14<br \/>\n<\/span><span style=\"font-size: large;\">5\u00a0\u00a0<\/span><span class=\"tracklist_track_title\"><span style=\"font-size: large;\">Hamp\u00b4s Special\u00a0\u00a0<\/span><\/span><span style=\"font-size: large;\">03:50<br \/>\n<\/span><span style=\"font-size: large;\">6\u00a0\u00a0<\/span><span class=\"tracklist_track_title\"><span style=\"font-size: large;\">Eleven Fingers Boogie\u00a0\u00a0<\/span><\/span><span style=\"font-size: large;\">03:17<br \/>\n<\/span><span style=\"font-size: large;\">7\u00a0\u00a0<\/span><span class=\"tracklist_track_title\"><span style=\"font-size: large;\">Dive Bomber\u00a0\u00a0<\/span><\/span><span style=\"font-size: large;\">02:57<br \/>\n<\/span><span style=\"font-size: large;\">8\u00a0\u00a0<\/span><span class=\"tracklist_track_title\"><span style=\"font-size: large;\">Jesse James\u00a0\u00a0<\/span><\/span><span style=\"font-size: large;\">01:45<br \/>\n<\/span><span style=\"font-size: large;\">9\u00a0\u00a0<\/span><span class=\"tracklist_track_title\"><span style=\"font-size: large;\">Fast Boogie\u00a0\u00a0<\/span><\/span><span style=\"font-size: large;\">01:52<br \/>\n<\/span><span style=\"font-size: large;\">10\u00a0\u00a0<\/span><span class=\"tracklist_track_title\"><span style=\"font-size: large;\">I Can\u00b4t Sleep\u00a0\u00a0<\/span><\/span><span style=\"font-size: large;\">03:48<br \/>\n<\/span><span style=\"font-size: large;\">11\u00a0\u00a0<\/span><span class=\"tracklist_track_title\"><span style=\"font-size: large;\">Jungle Jive\u00a0\u00a0<\/span><\/span><span style=\"font-size: large;\">02:38<br \/>\n<\/span><span style=\"font-size: large;\">12\u00a0\u00a0<\/span><span class=\"tracklist_track_title\"><span style=\"font-size: large;\">I Don\u00b4t Care About You\u00a0\u00a0<\/span><\/span><span style=\"font-size: large;\">03:18<br \/>\n<\/span><span style=\"font-size: large;\">13\u00a0\u00a0<\/span><span class=\"tracklist_track_title\"><span style=\"font-size: large;\">The Boogie-Rocks\u00a0\u00a0<\/span><\/span><span style=\"font-size: large;\">03:01<br \/>\n<\/span><span style=\"font-size: large;\">14\u00a0\u00a0<\/span><span class=\"tracklist_track_title\"><span style=\"font-size: large;\">Bumble-Boogie\u00a0\u00a0<\/span><\/span><span style=\"font-size: large;\">04:42<br \/>\n<\/span><span style=\"font-size: large;\">15\u00a0\u00a0<\/span><span class=\"tracklist_track_title\"><span style=\"font-size: large;\">Smooth Blues\u00a0\u00a0<\/span><\/span><span style=\"font-size: large;\">02:42<br \/>\n<\/span><span style=\"font-size: large;\">16\u00a0\u00a0<\/span><span class=\"tracklist_track_title\"><span style=\"font-size: large;\">Honkin\u00b4 The Boogie\u00a0\u00a0<\/span><\/span><span style=\"font-size: large;\">03:14<br \/>\n<\/span><span style=\"font-size: large;\">17\u00a0\u00a0<\/span><span class=\"tracklist_track_title\"><span style=\"font-size: large;\">Jumpin\u00b4 Jive 03:29<\/span><\/span><\/p>\n<p>&nbsp;<\/p>\n","protected":false},"excerpt":{"rendered":"<p>Hannes Otahal, dessen Youtube Videos mehr als 700.000 Klicks erreichten, pr\u00e4sentiert hier seine erste CD. darunter seine Boogie Version des ber\u00fchmten &#8220;Humme\u00f6flug\u00a7<\/p>\n<p>Label: Gustfuss Records<\/p>\n<p>&nbsp;<\/p>\n","protected":false},"featured_media":371,"template":"","meta":{"_monsterinsights_skip_tracking":false,"_monsterinsights_sitenote_active":false,"_monsterinsights_sitenote_note":"","_monsterinsights_sitenote_category":0},"product_cat":[298],"product_tag":[159,151,152,128,153,154,160],"aioseo_notices":[],"acf":[],"_links":{"self":[{"href":"https:\/\/gustfuss.com\/de\/wp-json\/wp\/v2\/product\/803"}],"collection":[{"href":"https:\/\/gustfuss.com\/de\/wp-json\/wp\/v2\/product"}],"about":[{"href":"https:\/\/gustfuss.com\/de\/wp-json\/wp\/v2\/types\/product"}],"wp:featuredmedia":[{"embeddable":true,"href":"https:\/\/gustfuss.com\/de\/wp-json\/wp\/v2\/media\/371"}],"wp:attachment":[{"href":"https:\/\/gustfuss.com\/de\/wp-json\/wp\/v2\/media?parent=803"}],"wp:term":[{"taxonomy":"product_cat","embeddable":true,"href":"https:\/\/gustfuss.com\/de\/wp-json\/wp\/v2\/product_cat?post=803"},{"taxonomy":"product_tag","embeddable":true,"href":"https:\/\/gustfuss.com\/de\/wp-json\/wp\/v2\/product_tag?post=803"}],"curies":[{"name":"wp","href":"https:\/\/api.w.org\/{rel}","templated":true}]}}