{"id":815,"date":"2018-04-23T14:26:27","date_gmt":"2018-04-23T12:26:27","guid":{"rendered":"https:\/\/gustfuss.com\/product\/edi-mayr-cd-package-audio-cd-ep\/"},"modified":"2018-04-23T14:36:15","modified_gmt":"2018-04-23T12:36:15","slug":"edi-mayr-cd-package-audio-cd-ep","status":"publish","type":"product","link":"https:\/\/gustfuss.com\/de\/produkt\/edi-mayr-cd-package-audio-cd-ep\/","title":{"rendered":"Edi Mayr &#8211; CD Package (Audio CD + EP)"},"content":{"rendered":"<p>EDI MAYR, Dialektpoet und Liedermacher aus der\u00a0 Wiener Brigittenau, singt und schreibt ausschlie\u00dflich in seiner Muttersprache, dem Wienerischen. Urspr\u00fcnglich einer der gefragtesten Bassisten der Wiener Szene, gibt es eine Vielzahl von funkigen, lyrischem, poppigen Liedern, die wohl nur oberfl\u00e4chlich als &#8220;Austropop&#8221; klassifiziert werden k\u00f6nnen. Hier gibt es beide Tontr\u00e4ger von Edi Mayr zum verg\u00fcnstigten Paketpreis<\/p>\n<p><a href=\"https:\/\/www.facebook.com\/edimayr\" target=\"_blank\" rel=\"noopener\">K\u00fcnstler Seite<\/a><\/p>\n<p><a href=\"https:\/\/gustfuss.com\/de\/produkt\/edi-mayr-heite-sich-i-weiter-audio-cd\/\" target=\"_blank\" rel=\"noopener\">Heite Sich i weiter<\/a> &#8211; Titelliste<\/p>\n<p>1. Was Kan Wert Hat<br \/>\n2. Wo I Mi Umschau<br \/>\n3. Polizistenmaus<br \/>\n4. Deadwood<br \/>\n5. 54er<br \/>\n6. Wir San Freind<br \/>\n7. Nette Leit<br \/>\n8. Wann I Di Valier<br \/>\n9. So Wie Du lachst<br \/>\n10. Heite Sich I Weiter<br \/>\n11. Menschen Samma Olle<\/p>\n<p><a href=\"https:\/\/gustfuss.com\/de\/produkt\/edi-mayr-no-a-stuckl-zum-geh-audio-ep\/\" target=\"_blank\" rel=\"noopener\">No A St\u00fcckl Zum Geh<\/a> &#8211; Titelliste<\/p>\n<p>1. No A St\u00fcckl Zum Geh<br \/>\n2. Schenk Ma A Lachen<br \/>\n3. Touristenlied<\/p>\n","protected":false},"excerpt":{"rendered":"<p>Beide Tontr\u00e4ger des Wiener Dialektpoeten Edi Mayr zum ver\u00fcnstigten Paketpreis<\/p>\n<p>1 CD plus 1 EP<br \/>\ninsgesamt 14 Titel<\/p>\n<p>Label: Gustfuss Records<\/p>\n","protected":false},"featured_media":814,"template":"","meta":{"_monsterinsights_skip_tracking":false,"_monsterinsights_sitenote_active":false,"_monsterinsights_sitenote_note":"","_monsterinsights_sitenote_category":0},"product_cat":[304],"product_tag":[135,130,237,132,134,129],"aioseo_notices":[],"acf":[],"_links":{"self":[{"href":"https:\/\/gustfuss.com\/de\/wp-json\/wp\/v2\/product\/815"}],"collection":[{"href":"https:\/\/gustfuss.com\/de\/wp-json\/wp\/v2\/product"}],"about":[{"href":"https:\/\/gustfuss.com\/de\/wp-json\/wp\/v2\/types\/product"}],"wp:featuredmedia":[{"embeddable":true,"href":"https:\/\/gustfuss.com\/de\/wp-json\/wp\/v2\/media\/814"}],"wp:attachment":[{"href":"https:\/\/gustfuss.com\/de\/wp-json\/wp\/v2\/media?parent=815"}],"wp:term":[{"taxonomy":"product_cat","embeddable":true,"href":"https:\/\/gustfuss.com\/de\/wp-json\/wp\/v2\/product_cat?post=815"},{"taxonomy":"product_tag","embeddable":true,"href":"https:\/\/gustfuss.com\/de\/wp-json\/wp\/v2\/product_tag?post=815"}],"curies":[{"name":"wp","href":"https:\/\/api.w.org\/{rel}","templated":true}]}}