{"id":828,"date":"2018-04-24T17:20:56","date_gmt":"2018-04-24T15:20:56","guid":{"rendered":"https:\/\/gustfuss.com\/product\/828\/"},"modified":"2018-04-24T17:26:02","modified_gmt":"2018-04-24T15:26:02","slug":"jingle-bells-aus-oberkrain-blechblaserquintett-music-sheets-download","status":"publish","type":"product","link":"https:\/\/gustfuss.com\/de\/produkt\/jingle-bells-aus-oberkrain-blechblaserquintett-music-sheets-download\/","title":{"rendered":"Jingle Bells aus Oberkrain (Blechbl\u00e4serquintett) &#8211; Musiknoten Download"},"content":{"rendered":"<p>Das Weltber\u00fchmte Weihnachtslied &#8220;Jingle Bells&#8221; wurd vom \u00d6sterreichischen Arrangeur Augustin Lehfuss auf Anfrage des deutschen Rennquintett in humoristisch chinesischem Stil bearbeitet &#8211; als Teil der &#8220;BQ Jingle Bells Compilation&#8221; passend z.B als Zugabenummer f\u00fcr jedes Weihnachtskonzert. Eine kurze Vorschau findet man hier unten.<\/p>\n<p>&nbsp;<\/p>\n<!--[if lt IE 9]><script>document.createElement('audio');<\/script><![endif]-->\n<audio class=\"wp-audio-shortcode\" id=\"audio-828-1\" preload=\"none\" style=\"width: 100%;\" controls=\"controls\"><source type=\"audio\/mpeg\" src=\"https:\/\/gustfuss.com\/wp-content\/uploads\/2018\/04\/GUFURec_-BQ_JBausOberkrain_GFN0102011_SoundPreview-short.mp3?_=1\" \/><a href=\"https:\/\/gustfuss.com\/wp-content\/uploads\/2018\/04\/GUFURec_-BQ_JBausOberkrain_GFN0102011_SoundPreview-short.mp3\">https:\/\/gustfuss.com\/wp-content\/uploads\/2018\/04\/GUFURec_-BQ_JBausOberkrain_GFN0102011_SoundPreview-short.mp3<\/a><\/audio>\n","protected":false},"excerpt":{"rendered":"<p>Das ber\u00fchmte Weihnachtslied &#8220;jingle Bells&#8221; in einer fetzigen Oberkrainer Version f\u00fcr Blechbl\u00e4serquintett &#8211; F\u00fcr erfahrenere Spieler, besonders auf der ersten Trompete, die alternierend auch auf der Pikkolo Trompete gespielt werden kann.<\/p>\n<p>2 PDF Dateien zum Download (Einzelstimmen und Particell)<\/p>\n<p>Dauer 01:10 min\u00a0 bei 142 bpm<\/p>\n","protected":false},"featured_media":825,"template":"","meta":{"_monsterinsights_skip_tracking":false,"_monsterinsights_sitenote_active":false,"_monsterinsights_sitenote_note":"","_monsterinsights_sitenote_category":0},"product_cat":[122],"product_tag":[125,241,240],"aioseo_notices":[],"acf":[],"_links":{"self":[{"href":"https:\/\/gustfuss.com\/de\/wp-json\/wp\/v2\/product\/828"}],"collection":[{"href":"https:\/\/gustfuss.com\/de\/wp-json\/wp\/v2\/product"}],"about":[{"href":"https:\/\/gustfuss.com\/de\/wp-json\/wp\/v2\/types\/product"}],"wp:featuredmedia":[{"embeddable":true,"href":"https:\/\/gustfuss.com\/de\/wp-json\/wp\/v2\/media\/825"}],"wp:attachment":[{"href":"https:\/\/gustfuss.com\/de\/wp-json\/wp\/v2\/media?parent=828"}],"wp:term":[{"taxonomy":"product_cat","embeddable":true,"href":"https:\/\/gustfuss.com\/de\/wp-json\/wp\/v2\/product_cat?post=828"},{"taxonomy":"product_tag","embeddable":true,"href":"https:\/\/gustfuss.com\/de\/wp-json\/wp\/v2\/product_tag?post=828"}],"curies":[{"name":"wp","href":"https:\/\/api.w.org\/{rel}","templated":true}]}}