{"id":830,"date":"2018-04-27T15:43:18","date_gmt":"2018-04-27T13:43:18","guid":{"rendered":"https:\/\/gustfuss.com\/?post_type=product&#038;p=830"},"modified":"2025-07-13T10:31:31","modified_gmt":"2025-07-13T08:31:31","slug":"el-paratero-woodwind-quintet-music-sheets-download","status":"publish","type":"product","link":"https:\/\/gustfuss.com\/de\/produkt\/el-paratero-woodwind-quintet-music-sheets-download\/","title":{"rendered":"El Paratero (Holzbl\u00e4serquintett) &#8211; Musiknoten PDF Download"},"content":{"rendered":"<p>Dieses St\u00fcck f\u00fcr Holzbl\u00e4serquintett, geschrieben vom \u00d6sterreichischen Arrangeur\/Komponisten<a href=\"https:\/\/lehfuss.com\/de\/komponist\/\" target=\"_blank\" rel=\"noopener noreferrer\"> Augustin Lehfuss<\/a> wurde anl\u00e4sslich einer S\u00fcdamerika Tournee des Bl\u00e4serquintetts der Staatkapelle Berlin aufgef\u00fchrt und ist an den Stil s\u00fcdamerikanischer Volksmusik angelehnt. Seine melodische Linie f\u00fchrt durch eine reiche musikalische Landschaft, die u.a. ein ausgeschriebenes Solo f\u00fcr die Fl\u00f6te beinhaltet<\/p>\n<p>Obwohl der Name des St\u00fcckes spanisch anmutet, ist es doch nur ein Phantasiename, inspieriert duch den Blick des Komponisten aus dem Fenster seines Arbeitszimmers auf eine nahe gelegene Gr\u00fcnfl\u00e4che im Herzen Wiens, und bedeutet gar nichts..<\/p>\n<p>Hier kann ein kurzer Ausschnitt auf MIDI Basis vorgeh\u00f6rt werden<\/p>\n<!--[if lt IE 9]><script>document.createElement('audio');<\/script><![endif]-->\n<audio class=\"wp-audio-shortcode\" id=\"audio-830-1\" preload=\"none\" style=\"width: 100%;\" controls=\"controls\"><source type=\"audio\/mpeg\" src=\"https:\/\/gustfuss.com\/wp-content\/uploads\/2018\/04\/El-Paratero-Quintet-Only-Preview-short.mp3?_=1\" \/><a href=\"https:\/\/gustfuss.com\/wp-content\/uploads\/2018\/04\/El-Paratero-Quintet-Only-Preview-short.mp3\">https:\/\/gustfuss.com\/wp-content\/uploads\/2018\/04\/El-Paratero-Quintet-Only-Preview-short.mp3<\/a><\/audio>\n","protected":false},"excerpt":{"rendered":"<p>Melodische Komposition f\u00fcr Holzbl\u00e4serquintett, inspiriert von S\u00fcdamerikanischer Volksmusik &#8211; erfordert mittel erfahrenere Spieler, am Horn und an der Fl\u00f6te sind etwas mehr Kenntnisse von Vorteil<\/p>\n<p>Dauer 03:50 min<\/p>\n","protected":false},"featured_media":833,"template":"","meta":{"_monsterinsights_skip_tracking":false,"_monsterinsights_sitenote_active":false,"_monsterinsights_sitenote_note":"","_monsterinsights_sitenote_category":0},"product_cat":[124],"product_tag":[242,243,143,107],"aioseo_notices":[],"acf":[],"_links":{"self":[{"href":"https:\/\/gustfuss.com\/de\/wp-json\/wp\/v2\/product\/830"}],"collection":[{"href":"https:\/\/gustfuss.com\/de\/wp-json\/wp\/v2\/product"}],"about":[{"href":"https:\/\/gustfuss.com\/de\/wp-json\/wp\/v2\/types\/product"}],"wp:featuredmedia":[{"embeddable":true,"href":"https:\/\/gustfuss.com\/de\/wp-json\/wp\/v2\/media\/833"}],"wp:attachment":[{"href":"https:\/\/gustfuss.com\/de\/wp-json\/wp\/v2\/media?parent=830"}],"wp:term":[{"taxonomy":"product_cat","embeddable":true,"href":"https:\/\/gustfuss.com\/de\/wp-json\/wp\/v2\/product_cat?post=830"},{"taxonomy":"product_tag","embeddable":true,"href":"https:\/\/gustfuss.com\/de\/wp-json\/wp\/v2\/product_tag?post=830"}],"curies":[{"name":"wp","href":"https:\/\/api.w.org\/{rel}","templated":true}]}}