{"id":852,"date":"2018-04-30T12:11:22","date_gmt":"2018-04-30T10:11:22","guid":{"rendered":"https:\/\/gustfuss.com\/product\/stanton-jazzclub-orchestra-lets-dance-audio-cd\/"},"modified":"2018-04-30T12:21:29","modified_gmt":"2018-04-30T10:21:29","slug":"stanton-jazzclub-orchestra-lets-dance-audio-cd","status":"publish","type":"product","link":"https:\/\/gustfuss.com\/de\/produkt\/stanton-jazzclub-orchestra-lets-dance-audio-cd\/","title":{"rendered":"Stanton Jazzclub Orchestra &#8211; Let&#8217;s Dance (Audio CD)"},"content":{"rendered":"<p>Dieses Jazzorchester, auch liebevoll &#8220;Stanton Big Band&#8221; genannt, ist eines der ineterssantesten und eigenst\u00e4ndigsten Ensembles seiner Art. Seit den fr\u00fchen 1970iger Jahren widmete sich eine Gruppe von Wiener Musikern der Musik von Count Basie, Lionell Hampten und vielen anderen Gr\u00f6\u00dfen der Big Band \u00c4ra. Nach wie vor auftretend, spielte deses Ensemble \u00fcber die Jahrzehnte mit Warren Vache und sogar mit Eddie Lockjaw Davis und erreichte &#8211; obwohl gro\u00dfteils aus Amateurmusikern bestehend &#8211; ein erstaunliches Ma\u00df an Professionalit\u00e4t. Diese CD beeindruck durch Hinhgabe und swingigen Groove.<\/p>\n<p>Titelliste:<\/p>\n<p>1. Don&#8217;t Be That Way (E. Sampson) 4:03<br \/>\n2. Moten Swing (D. Moten, B. Moten) 4:33<br \/>\n3. Duet (N. Hefti) 3:50<br \/>\n4. King Porter Stomp (J. R. Morton) 3:01<br \/>\n5. Jamie (S. Nestico) 2:21<br \/>\n6. Overtime (L. Hampton) 2:44<br \/>\n7. Splanky (N. Hefti) 6:23<br \/>\n8. Li&#8217;I Darlin&#8217; (N. Hefti) 4:51<br \/>\n9. Skyliner (D. Benett) 3:04<br \/>\n10. Harlem Nocturne (E. Hagen) 4:07<br \/>\n11. Let&#8217;s Dance (Stone, Bonime, Baldrige) 2:53<br \/>\n12. Swingin&#8217; The Blues (E. Durham, W. Basie) 4:06<br \/>\n13. Bewitched (R. Rodgers, L. Hart) 3:26<br \/>\n14. In A Mellow Tone (D. Ellington) 8:16<br \/>\n15. Harlem Air Shaft (D. Elington) 2:51<\/p>\n","protected":false},"excerpt":{"rendered":"<p>Swingender Big Band Sound, gespielt von einer der beeindruckendsten und \u00e4ltesten Wiener Bands.<\/p>\n<p>Titel<\/p>\n<p>Label: Groove Records<\/p>\n","protected":false},"featured_media":851,"template":"","meta":{"_monsterinsights_skip_tracking":false,"_monsterinsights_sitenote_active":false,"_monsterinsights_sitenote_note":"","_monsterinsights_sitenote_category":0},"product_cat":[302],"product_tag":[253,257,252,256,139,255,197],"aioseo_notices":[],"acf":[],"_links":{"self":[{"href":"https:\/\/gustfuss.com\/de\/wp-json\/wp\/v2\/product\/852"}],"collection":[{"href":"https:\/\/gustfuss.com\/de\/wp-json\/wp\/v2\/product"}],"about":[{"href":"https:\/\/gustfuss.com\/de\/wp-json\/wp\/v2\/types\/product"}],"wp:featuredmedia":[{"embeddable":true,"href":"https:\/\/gustfuss.com\/de\/wp-json\/wp\/v2\/media\/851"}],"wp:attachment":[{"href":"https:\/\/gustfuss.com\/de\/wp-json\/wp\/v2\/media?parent=852"}],"wp:term":[{"taxonomy":"product_cat","embeddable":true,"href":"https:\/\/gustfuss.com\/de\/wp-json\/wp\/v2\/product_cat?post=852"},{"taxonomy":"product_tag","embeddable":true,"href":"https:\/\/gustfuss.com\/de\/wp-json\/wp\/v2\/product_tag?post=852"}],"curies":[{"name":"wp","href":"https:\/\/api.w.org\/{rel}","templated":true}]}}