{"id":855,"date":"2018-05-07T14:19:18","date_gmt":"2018-05-07T12:19:18","guid":{"rendered":"https:\/\/gustfuss.com\/?post_type=product&#038;p=855"},"modified":"2021-05-16T17:20:34","modified_gmt":"2021-05-16T15:20:34","slug":"bebop-study-holzblaserquintett-musiknoten-pdf-download-copy","status":"publish","type":"product","link":"https:\/\/gustfuss.com\/de\/produkt\/bebop-study-holzblaserquintett-musiknoten-pdf-download-copy\/","title":{"rendered":"Bebop Study (Holzbl\u00e4serquintett) &#8211; Musiknoten PDF Download"},"content":{"rendered":"<p>Eine schnelles, grooviges Bebop St\u00fcck f\u00fcr Holzbl\u00e4serquintett, vom \u00d6sterreichischen Komponisten und Arrangeur f\u00fcr das &#8220;Bl\u00e4serquintett der Staatskapelle Berlin&#8221; geschrieben, welches auch auf der CD &#8220;Jazzy Woodwinds&#8221; dieses Ensembles aufgenommen wurde<\/p>\n<p>Durch die Arbeit des Komponisten als Jazz Arrangeur ist das St\u00fcck stark von Rhythmik und Harmonik des Jazz beeinflusst, jedoch sind durchaus auch formal klassische Einfl\u00fcsse erkennbar<\/p>\n<p>Hier kann ein kurzer Ausschnitt auf MIDI Basis vorgeh\u00f6rt werden-<\/p>\n<!--[if lt IE 9]><script>document.createElement('audio');<\/script><![endif]-->\n<audio class=\"wp-audio-shortcode\" id=\"audio-855-1\" preload=\"none\" style=\"width: 100%;\" controls=\"controls\"><source type=\"audio\/mpeg\" src=\"https:\/\/gustfuss.com\/wp-content\/uploads\/2018\/05\/GUFURec_WWQ_Bebop_Study_GFN0052011_SoundPreview-Quintet-Only-MIDI.mp3?_=1\" \/><a href=\"https:\/\/gustfuss.com\/wp-content\/uploads\/2018\/05\/GUFURec_WWQ_Bebop_Study_GFN0052011_SoundPreview-Quintet-Only-MIDI.mp3\">https:\/\/gustfuss.com\/wp-content\/uploads\/2018\/05\/GUFURec_WWQ_Bebop_Study_GFN0052011_SoundPreview-Quintet-Only-MIDI.mp3<\/a><\/audio>\n<p>&nbsp;<\/p>\n<p>&nbsp;<\/p>\n<p>&nbsp;<\/p>\n","protected":false},"excerpt":{"rendered":"<p>Jazz Ballade f\u00fcr Holzbl\u00e4serquintett wie vom Bl\u00e4serquintett der Staatskapelle aufgenommen.\u00a0Der Part der Oboe ist durchgehend f\u00fcr Englisch Horn gesetzt, die Klarinettenstimme erfordert zus\u00e4tzlich auch eine Ba\u00dfklarinette.<\/p>\n<p>erfordert erfahrenere und rhythmsch sichere Spieler<br \/>\nDauer: 04:00 bei 180 bpm<br \/>\n5 Seiten Notentext pro Part<\/p>\n<p>2 PDF Dateien zum Download, kompletter Stimmensatz und Partitur<\/p>\n","protected":false},"featured_media":859,"template":"","meta":{"_monsterinsights_skip_tracking":false,"_monsterinsights_sitenote_active":false,"_monsterinsights_sitenote_note":"","_monsterinsights_sitenote_category":0},"product_cat":[124],"product_tag":[259,140,139,143],"aioseo_notices":[],"acf":[],"_links":{"self":[{"href":"https:\/\/gustfuss.com\/de\/wp-json\/wp\/v2\/product\/855"}],"collection":[{"href":"https:\/\/gustfuss.com\/de\/wp-json\/wp\/v2\/product"}],"about":[{"href":"https:\/\/gustfuss.com\/de\/wp-json\/wp\/v2\/types\/product"}],"wp:featuredmedia":[{"embeddable":true,"href":"https:\/\/gustfuss.com\/de\/wp-json\/wp\/v2\/media\/859"}],"wp:attachment":[{"href":"https:\/\/gustfuss.com\/de\/wp-json\/wp\/v2\/media?parent=855"}],"wp:term":[{"taxonomy":"product_cat","embeddable":true,"href":"https:\/\/gustfuss.com\/de\/wp-json\/wp\/v2\/product_cat?post=855"},{"taxonomy":"product_tag","embeddable":true,"href":"https:\/\/gustfuss.com\/de\/wp-json\/wp\/v2\/product_tag?post=855"}],"curies":[{"name":"wp","href":"https:\/\/api.w.org\/{rel}","templated":true}]}}