{"id":882,"date":"2018-05-14T14:40:14","date_gmt":"2018-05-14T12:40:15","guid":{"rendered":"https:\/\/gustfuss.com\/?post_type=product&#038;p=882"},"modified":"2021-05-16T17:09:56","modified_gmt":"2021-05-16T15:09:56","slug":"gregories-waltz-holzblaserquintett-musiknoten-pdf-musiknoten-download","status":"publish","type":"product","link":"https:\/\/gustfuss.com\/de\/produkt\/gregories-waltz-holzblaserquintett-musiknoten-pdf-musiknoten-download\/","title":{"rendered":"Gregorie&#8217;s Waltz (Holzbl\u00e4serquintett) &#8211; Musiknoten PDF Download"},"content":{"rendered":"<p>Ein flotter Jazzwalzer f\u00fcr Holzbl\u00e4serquintett mit einem virtuosen Oboenpart, vom \u00d6sterreichischen Komponisten Augustin Lehfuss f\u00fcr das Bl\u00e4serquintett der Staatskapelle Berlin komponiert. Das Oboen Solo wurde Gregor Witt, Solo Oboist der Staatskapelle Berlin, auf den Leib geschrieben, der den Wunsch ge\u00e4u\u00dfert hatte, etwas neuartiges zu spielen, an dem er auch einiges zu \u00fcben h\u00e4tte..<\/p>\n<p>das St\u00fcck solle in als 3\/4 Swing gespilet werden, enh\u00e4lt aber auch eine Passage echten Wiener Walzers, allerdings mit einem jazzigen Fl\u00f6tensolo dar\u00fcber &#8211; der Fl\u00f6tist sollte also auch technisch versiert sein. Klarinette, Horn und Fagott sind nicht in gleichem Ma\u00dfe gefordert, sollten aber doch solide Instrumentalisten sein.<\/p>\n<p>In der Produktvorschau Gallerie ist der gr\u00f6\u00dfte Teil der Oboen Stimme zu sehen, so dass Interessenten einen Eindruck bekommen, was sie erwartet.<\/p>\n<p><a href=\"https:\/\/youtu.be\/CrFxSUzHCpc\" target=\"_blank\" rel=\"noopener\">Auf Youtube anh\u00f6ren<\/a><\/p>\n<p>&nbsp;<\/p>\n<p>&nbsp;<\/p>\n<p>&nbsp;<\/p>\n","protected":false},"excerpt":{"rendered":"<p>Jazz Walzer f\u00fcr klassiches Holzbl\u00e4serquintett. Erfordert besonders auf der Fl\u00f6te und auf der Oboe technische versierte Instrumentalisten.<\/p>\n<p>Dauer: 04:20 bei 156 bpm<br \/>\n5 Seiten Notentext pro Part<br \/>\n229 Takte<\/p>\n<p>2 PDF Dateien zum Download, kompletter Stimmensatz und Partitur<\/p>\n","protected":false},"featured_media":884,"template":"","meta":{"_monsterinsights_skip_tracking":false,"_monsterinsights_sitenote_active":false,"_monsterinsights_sitenote_note":"","_monsterinsights_sitenote_category":0},"product_cat":[124],"product_tag":[150,140,139,263,143,265,264],"aioseo_notices":[],"acf":[],"_links":{"self":[{"href":"https:\/\/gustfuss.com\/de\/wp-json\/wp\/v2\/product\/882"}],"collection":[{"href":"https:\/\/gustfuss.com\/de\/wp-json\/wp\/v2\/product"}],"about":[{"href":"https:\/\/gustfuss.com\/de\/wp-json\/wp\/v2\/types\/product"}],"wp:featuredmedia":[{"embeddable":true,"href":"https:\/\/gustfuss.com\/de\/wp-json\/wp\/v2\/media\/884"}],"wp:attachment":[{"href":"https:\/\/gustfuss.com\/de\/wp-json\/wp\/v2\/media?parent=882"}],"wp:term":[{"taxonomy":"product_cat","embeddable":true,"href":"https:\/\/gustfuss.com\/de\/wp-json\/wp\/v2\/product_cat?post=882"},{"taxonomy":"product_tag","embeddable":true,"href":"https:\/\/gustfuss.com\/de\/wp-json\/wp\/v2\/product_tag?post=882"}],"curies":[{"name":"wp","href":"https:\/\/api.w.org\/{rel}","templated":true}]}}