{"id":922,"date":"2018-06-03T18:22:06","date_gmt":"2018-06-03T16:22:06","guid":{"rendered":"https:\/\/gustfuss.com\/?post_type=product&#038;p=922"},"modified":"2018-07-09T21:52:28","modified_gmt":"2018-07-09T19:52:28","slug":"zwe-summer-session-doppel-audio-cd","status":"publish","type":"product","link":"https:\/\/gustfuss.com\/de\/produkt\/zwe-summer-session-doppel-audio-cd\/","title":{"rendered":"ZWE Summer Sessions (Doppel Audio CD)"},"content":{"rendered":"<p>Im Sommer 2008, nur 2 Jahre nach der Er\u00f6ffnung des ZWE, \u00f6sterreichs bekanntestem Jazzclubs, fand eine legend\u00e4re Serie von Jazz Sessions mit einigen der bakanntesten Europ\u00e4ischen Jazzmusikern statt. Jede Woche von Juni bis Ende August wurde ein enthusiastisches Publikum Zeuge von brillanten improvisierten Konzerte mit unglaublicher Energie und voller musikalischer Qualit\u00e4t. Die hierbei enstandenen live Aufnahmen gegen Zeugnis von ZWE&#8217;s\u00a0 einzigartigem Jazzclub, der sp\u00e4ter vom Jazzmagazin &#8220;Downbeat&#8221; unter den besten 100 Jazzclubs der Welt genannt wurde und repr\u00e4sentieren ein einmaliges Zeugnis von der Vitalit\u00e4t des Europ\u00e4ischen Jazz, unter der Mirwirkung von einzigartige K\u00fcnstlern wie Roman Schwaller, Mario Gonzi, Oliver Kent, Markus Gaudriot, Bastian Stein, Daniel N\u00f6sig und vielen anderen<\/p>\n<p>Ein kurzer Ausschnitt kann in diesem\u00a0\u00a0<a href=\"https:\/\/www.youtube.com\/watch?v=oo4qvvoVVv0\" target=\"_blank\" rel=\"noopener\">Youtube Video<\/a> vorgeh\u00f6rt werden.<\/p>\n<p>Titelliste:<\/p>\n<p>CD 1:<br \/>\n01 Just Friends 14:52<br \/>\n02 Bag&#8217;s Groove Part\u00a0 I\u00a0 11:36<br \/>\n03Rythm-A-Ning\u00a0 14:05<br \/>\n04 In Your Own Sweet Way\u00a0 16:40<\/p>\n<p>CD 2:<br \/>\n01 What Is This Thing Called Love\u00a0 15:07<br \/>\n02 Bag&#8217;s Groove Part II\u00a0 22:18<br \/>\n03 The Nearness Of You\u00a0 12:01<br \/>\n04 Rue Chaptal\u00a0 16:38<\/p>\n<p>&nbsp;<\/p>\n","protected":false},"excerpt":{"rendered":"<p>Die legend\u00e4ren ZWE Sommer Sessions, live aufgenommen beim ZWE, einerm der angesagtesten Jazzclubs Europas<\/p>\n<p>2 CD&#8217;s, 8 Titel, Gesamtlaufzeit 123:17 min<\/p>\n<p>Label: Gustfuss Records<\/p>\n","protected":false},"featured_media":924,"template":"","meta":{"_monsterinsights_skip_tracking":false,"_monsterinsights_sitenote_active":false,"_monsterinsights_sitenote_note":"","_monsterinsights_sitenote_category":0},"product_cat":[302],"product_tag":[128,279,280,281,278,283,285,284,282,277,276],"aioseo_notices":[],"acf":[],"_links":{"self":[{"href":"https:\/\/gustfuss.com\/de\/wp-json\/wp\/v2\/product\/922"}],"collection":[{"href":"https:\/\/gustfuss.com\/de\/wp-json\/wp\/v2\/product"}],"about":[{"href":"https:\/\/gustfuss.com\/de\/wp-json\/wp\/v2\/types\/product"}],"wp:featuredmedia":[{"embeddable":true,"href":"https:\/\/gustfuss.com\/de\/wp-json\/wp\/v2\/media\/924"}],"wp:attachment":[{"href":"https:\/\/gustfuss.com\/de\/wp-json\/wp\/v2\/media?parent=922"}],"wp:term":[{"taxonomy":"product_cat","embeddable":true,"href":"https:\/\/gustfuss.com\/de\/wp-json\/wp\/v2\/product_cat?post=922"},{"taxonomy":"product_tag","embeddable":true,"href":"https:\/\/gustfuss.com\/de\/wp-json\/wp\/v2\/product_tag?post=922"}],"curies":[{"name":"wp","href":"https:\/\/api.w.org\/{rel}","templated":true}]}}