{"id":981,"date":"2018-07-26T12:58:19","date_gmt":"2018-07-26T10:58:20","guid":{"rendered":"https:\/\/gustfuss.com\/?post_type=product&#038;p=981"},"modified":"2018-07-26T12:59:41","modified_gmt":"2018-07-26T10:59:41","slug":"wir-san-hoedn-audio-cd","status":"publish","type":"product","link":"https:\/\/gustfuss.com\/de\/produkt\/wir-san-hoedn-audio-cd\/","title":{"rendered":"Wir San Hoedn &#8211; (Audio CD)"},"content":{"rendered":"<p>Wir sind die Hoedn. Wir leben und produzieren unsere Productionen im Hoednland. Hoednland ist ein sehr netter Ort zwischen den beiden Zwillingshauptst\u00e4dten Wien und Bratislava. Dort steht auch unsere Hoednburg. In dieser produzieren wir alles was man so von uns h\u00f6rt und sieht. In unserer Freizeit (was zum Geier ist das?) spielen wir manchmal Fu\u00dfball und andere Ballsportarten. F\u00fchlt euch eingeladen unsere Homepage unter zu besuchen und in die Welt der Hoedn einzutauchen. Viel Spass dabei<\/p>\n<ol>\n<li>Daham Fuehln<\/li>\n<li>A Problem<\/li>\n<li>Wir San Am Weg<\/li>\n<li>Unser Traum Vom Hoednlaund<\/li>\n<li>So A Koedn<\/li>\n<li>Intanet Ned<\/li>\n<li>Rot Weiss Rotes Bluat<\/li>\n<li>Ans Drei Drei<\/li>\n<li>Herrliches Oesterreich<\/li>\n<li>Wir San Hoedn<\/li>\n<li>Happy Hour<\/li>\n<li>12. Wir Saufn Vodka Mit Sir<\/li>\n<\/ol>\n","protected":false},"excerpt":{"rendered":"<p>Diese Musik ist anders\u2026 anders als man denkt. Der Beginn unserer hoednhoften Alben Trilogie zeigt das ganz deutlich.<\/p>\n<p>Album-CD im Jewel-Case, gepresst, 12 Songs, 8-Seitiges Booklet mit einer unser hoednhoftes Tagebuch erg\u00e4nzenden Story \u00fcber die Hoedn.<\/p>\n<p><a href=\"https:\/\/www.youtube.com\/watch?v=7HsT-5LxdrE&amp;list=PLdQQEr6JslkDN6aDtShNXWAeq155aC5ki\" target=\"_blank\" rel=\"noopener\">offizielles Video<\/a><\/p>\n","protected":false},"featured_media":982,"template":"","meta":{"_monsterinsights_skip_tracking":false,"_monsterinsights_sitenote_active":false,"_monsterinsights_sitenote_note":"","_monsterinsights_sitenote_category":0},"product_cat":[304],"product_tag":[135,130,316,162,132,133,134],"aioseo_notices":[],"acf":[],"_links":{"self":[{"href":"https:\/\/gustfuss.com\/de\/wp-json\/wp\/v2\/product\/981"}],"collection":[{"href":"https:\/\/gustfuss.com\/de\/wp-json\/wp\/v2\/product"}],"about":[{"href":"https:\/\/gustfuss.com\/de\/wp-json\/wp\/v2\/types\/product"}],"wp:featuredmedia":[{"embeddable":true,"href":"https:\/\/gustfuss.com\/de\/wp-json\/wp\/v2\/media\/982"}],"wp:attachment":[{"href":"https:\/\/gustfuss.com\/de\/wp-json\/wp\/v2\/media?parent=981"}],"wp:term":[{"taxonomy":"product_cat","embeddable":true,"href":"https:\/\/gustfuss.com\/de\/wp-json\/wp\/v2\/product_cat?post=981"},{"taxonomy":"product_tag","embeddable":true,"href":"https:\/\/gustfuss.com\/de\/wp-json\/wp\/v2\/product_tag?post=981"}],"curies":[{"name":"wp","href":"https:\/\/api.w.org\/{rel}","templated":true}]}}